{"id":359,"date":"1987-05-18T00:00:00","date_gmt":"1987-05-17T23:00:00","guid":{"rendered":"http:\/\/www.grappa.no\/albums\/uncategorized\/contemporary-cello-solo\/"},"modified":"2019-02-22T15:32:49","modified_gmt":"2019-02-22T14:32:49","slug":"contemporary-cello-solo","status":"publish","type":"product","link":"https:\/\/grappa.no\/no\/albums\/simax-classics\/contemporary-cello-solo\/","title":{"rendered":"Contemporary Cello Solo"},"content":{"rendered":"<p><\/p>\n<p>Truls M\u00f8rks debut<\/p>\n<p>Truls M\u00f8rk etablerte seg p\u00e5 \u00f8verste hylle som ut\u00f8ver for en hel verden med sin f\u00f8rste utgivelse. Innspillingen er gjort i Ris kirke i juni 1986, og holdes fremdeles om en av de aller beste opptakene av strykeinstrumenter noen sinne. En fantastisk plate med det aller ypperste av moderne repertoar for cello fremf\u00f8rt av v\u00e5re dagers fremste cellist.<\/p>\n<p><!--more--><\/p>\n<h4><\/h4>\n<\/p>\n<h4><\/h4>\n<p><h4><\/h4>\n<\/p>\n<p><\/p>","protected":false},"excerpt":{"rendered":"<p>\u2013 This is a magical offering. If you like cello, you&#8217;ll love this disc. [Stereophile]<\/p>\n","protected":false},"featured_media":27546,"comment_status":"closed","ping_status":"open","template":"","meta":[],"product_brand":[],"product_cat":[180],"product_tag":[],"class_list":{"0":"post-359","1":"product","2":"type-product","3":"status-publish","4":"has-post-thumbnail","6":"product_cat-simax-classics","7":"product_shipping_class-cddvd-shipping","8":"uni_artist_tag-arild-erikstad","9":"uni_artist_tag-arne-nordheim","10":"uni_artist_tag-george-crumb","11":"uni_artist_tag-ingvar-lidholm","12":"uni_artist_tag-truls-mork","13":"uni_artist_tag-zoltan-kodaly","14":"uni_main_artist_tag-truls-mork","15":"uni_artist_genre-classical","16":"uni_artist_genre-solo","17":"uni_artist_genre-strings","19":"first","20":"instock","21":"taxable","22":"shipping-taxable","23":"purchasable","24":"product-type-simple"},"_links":{"self":[{"href":"https:\/\/grappa.no\/no\/wp-json\/wp\/v2\/product\/359","targetHints":{"allow":["GET"]}}],"collection":[{"href":"https:\/\/grappa.no\/no\/wp-json\/wp\/v2\/product"}],"about":[{"href":"https:\/\/grappa.no\/no\/wp-json\/wp\/v2\/types\/product"}],"replies":[{"embeddable":true,"href":"https:\/\/grappa.no\/no\/wp-json\/wp\/v2\/comments?post=359"}],"wp:featuredmedia":[{"embeddable":true,"href":"https:\/\/grappa.no\/no\/wp-json\/wp\/v2\/media\/27546"}],"wp:attachment":[{"href":"https:\/\/grappa.no\/no\/wp-json\/wp\/v2\/media?parent=359"}],"wp:term":[{"taxonomy":"product_brand","embeddable":true,"href":"https:\/\/grappa.no\/no\/wp-json\/wp\/v2\/product_brand?post=359"},{"taxonomy":"product_cat","embeddable":true,"href":"https:\/\/grappa.no\/no\/wp-json\/wp\/v2\/product_cat?post=359"},{"taxonomy":"product_tag","embeddable":true,"href":"https:\/\/grappa.no\/no\/wp-json\/wp\/v2\/product_tag?post=359"}],"curies":[{"name":"wp","href":"https:\/\/api.w.org\/{rel}","templated":true}]}}