{"id":35893,"date":"2018-09-07T00:00:00","date_gmt":"2018-09-06T23:00:00","guid":{"rendered":"https:\/\/www.grappa.no\/no\/albums\/ukategorisert\/rolig-rockn-roll\/"},"modified":"2026-01-23T13:01:22","modified_gmt":"2026-01-23T12:01:22","slug":"rolig-rockn-roll","status":"publish","type":"product","link":"https:\/\/grappa.no\/no\/albums\/grappa\/rolig-rockn-roll\/","title":{"rendered":"Rolig Rock&#8217;n Roll"},"content":{"rendered":"<p><\/p>\n<p>De musikalske dvergene gir ut sin niende plate!<\/p>\n<p>I l\u00f8pet av to kvelder p\u00e5 Logen Teater i oktober 2017, spilte bandet inn sin aller f\u00f8rste liveplate, med en sal full av ihugga Dvergene-fans.Den nye platen inneholder live-favoritter som \u00abTomgodsets Dronning\u00bb, \u00abTorsdagsfisken\u00bb og \u00abMarianne (Tempo Corvette)\u00bb samt nyere sanger som \u00abTo av alt\u00bb og \u00abConstance\u00bb. De Musikalske Dvergene har aldri lagt skjul p\u00e5 hvor de kommer fra sosialt, geografisk og musikalsk. N\u00e5r de her har valgt \u00e5 skru ned volumet og lage en lavm\u00e6lt konsertplate, er det for \u00e5 gi plass til tekstene og fortellingene som p\u00e5 mange m\u00e5ter er kjernen i det bandet st\u00e5r for. I tillegg til den faste besetningen \u2013 Helge Gr\u00f8nhaug, Arne Gr\u00f8nhaug, Erling Hjertnes, Tom Harry Halvorsen og Willy Korneliussen \u2013 deltar Kristin Bergsvik Skilbrei (congas, kor) og Vivian Steinsland (kor).<\/p>\n<p><!--more--><\/p>\n<p>H\u00f8sten 2017 tok De Musikalske Dvergene kontakt med produsent Morten Skage og tekniker Bjare Hundvin for \u00e5 lage en akustisk konsertplate<\/p>\n<h4>Live-favoritter<\/h4>\n<p>\u00abRolig Rock\u2019n Roll\u00bb inneholder live-favoritter som \u00abTomgodsets Dronning\u00bb, \u00abTorsdagsfisken\u00bb og \u00abMarianne (Tempo Corvette)\u00bb samt nyere sanger som \u00abTo av alt\u00bb og \u00abConstance\u00bb.<br \/>\nDe Musikalske Dvergene har aldri lagt skjul p\u00e5 hvor de kommer fra sosialt, geografisk og musikalsk. N\u00e5r de her har valgt \u00e5 skru ned volumet og lage en lavm\u00e6lt konsertplate er det for \u00e5 gi plass til tekstene og fortellingene som p\u00e5 mange m\u00e5ter er kjernen i det bandet st\u00e5r for.<br \/>\nI tillegg til den faste besetningen &#8211; Helge Gr\u00f8nhaug (gitar, sang), Arne Gr\u00f8nhaug (gitar, kor), Erling Hjertnes (bass, sang), Tom Harry Halvorsen (tangenter, munnspill, trekkspill, kor) og Willy Korneliussen (trommer) &#8211; deltar Kristin Bergsvik Skilbrei (congas, kor) og Vivian Steinsland (kor).<\/p>\n<h4><\/h4>\n<h4><\/h4>\n<p><\/p>","protected":false},"excerpt":{"rendered":"<p>De Musikalske Dvergenes f\u00f8rste liveplate inneholder favoritter som &#8220;Tomgodsets Dronning&#8221;, &#8220;Torsdagsfisken&#8221; og &#8220;Marianne (Tempo Corvette)&#8221;, samt nyere sanger som &#8220;To av alt&#8221; og &#8220;Constance&#8221;.<\/p>\n","protected":false},"featured_media":35902,"comment_status":"closed","ping_status":"closed","template":"","meta":[],"product_brand":[],"product_cat":[6],"product_tag":[],"class_list":{"0":"post-35893","1":"product","2":"type-product","3":"status-publish","4":"has-post-thumbnail","6":"product_cat-grappa","7":"product_shipping_class-cddvd-shipping","8":"uni_artist_tag-arne-gronhaug","9":"uni_artist_tag-de-musikalske-dvergene","10":"uni_artist_tag-erling-hjertnes","11":"uni_artist_tag-helge-gronhaug","12":"uni_artist_tag-kristin-bergsvik-skilbrei","13":"uni_artist_tag-morten-skage","14":"uni_artist_tag-tom-harry-halvorsen","15":"uni_artist_tag-vivian-steinsland","16":"uni_artist_tag-willy-korneliussen","17":"uni_main_artist_tag-de-musikalske-dvergene","18":"uni_artist_genre-norwegian-lyrics","19":"uni_artist_genre-rock","21":"first","22":"outofstock","23":"taxable","24":"shipping-taxable","25":"purchasable","26":"product-type-simple"},"_links":{"self":[{"href":"https:\/\/grappa.no\/no\/wp-json\/wp\/v2\/product\/35893","targetHints":{"allow":["GET"]}}],"collection":[{"href":"https:\/\/grappa.no\/no\/wp-json\/wp\/v2\/product"}],"about":[{"href":"https:\/\/grappa.no\/no\/wp-json\/wp\/v2\/types\/product"}],"replies":[{"embeddable":true,"href":"https:\/\/grappa.no\/no\/wp-json\/wp\/v2\/comments?post=35893"}],"wp:featuredmedia":[{"embeddable":true,"href":"https:\/\/grappa.no\/no\/wp-json\/wp\/v2\/media\/35902"}],"wp:attachment":[{"href":"https:\/\/grappa.no\/no\/wp-json\/wp\/v2\/media?parent=35893"}],"wp:term":[{"taxonomy":"product_brand","embeddable":true,"href":"https:\/\/grappa.no\/no\/wp-json\/wp\/v2\/product_brand?post=35893"},{"taxonomy":"product_cat","embeddable":true,"href":"https:\/\/grappa.no\/no\/wp-json\/wp\/v2\/product_cat?post=35893"},{"taxonomy":"product_tag","embeddable":true,"href":"https:\/\/grappa.no\/no\/wp-json\/wp\/v2\/product_tag?post=35893"}],"curies":[{"name":"wp","href":"https:\/\/api.w.org\/{rel}","templated":true}]}}