{"id":35886,"date":"2018-09-07T00:00:00","date_gmt":"2018-09-06T23:00:00","guid":{"rendered":"https:\/\/www.grappa.no\/no\/albums\/ukategorisert\/kjott-i-morket\/"},"modified":"2018-10-25T07:32:04","modified_gmt":"2018-10-25T06:32:04","slug":"kjott-i-morket","status":"publish","type":"product","link":"https:\/\/grappa.no\/no\/albums\/grappa\/kjott-i-morket\/","title":{"rendered":"Kj\u00f8tt i m\u00f8rket"},"content":{"rendered":"<p><\/p>\n<p>Anders Jektviks fjerde album!<\/p>\n<p>7. september er det endelig dags for et helt nytt album fra Hitras store s\u00f8nn, Anders Jektvik. Han har blitt kalt \u00e9n av landets st\u00f8rste musikalske talenter av legenden Jan Eggum, nettopp fordi han med tidligere album som &quot;Sei det igj\u00e6n&quot; og &quot;No som ailt er bra&quot; ikke bare har befestet sin posisjon som \u00e9n av Norges aller sterkeste l\u00e5tskrivere, men ogs\u00e5 som en el-gitarist med uvanlig god f\u00f8lelse og snert.<\/p>\n<p><!--more--><\/p>\n<p>7. september er det endelig dags for et helt nytt album fra Hitras store s\u00f8nn, Anders Jektvik.<\/p>\n<h4>Jektviks fjerde album<\/h4>\n<p>Dere har allerede f\u00e5tt h\u00f8re singlene \u00abSvale\u00bb og \u00abI trailt\u2019n\u00bb. Snart f\u00e5r dere h\u00f8re alt Anders Jektvik har \u00e5 by p\u00e5 med fjerdealbumet Kj\u00f8tt i m\u00f8rket, og her er det nok aller best \u00e5 la Anders selv forklare hvordan dette albumet ble til:<\/p>\n<p>\u2013 Jeg kaller denne plata kj\u00f8tt i m\u00f8rket. Den ble skrevet p\u00e5 senvinter, i m\u00f8rket. Kj\u00f8tt i m\u00f8rket er ogs\u00e5 navnet p\u00e5 en matrett, der klosser med kj\u00f8tt bader i en brun saus. Fikk noen tanker rundt dette, og kom fram til at vi p\u00e5 et vis ogs\u00e5 er klosser med kj\u00f8tt, som driver rundt i universets m\u00f8rke badekar, med<br \/>\ntilsynelatende ingen anelse om noe annet enn at vi er kj\u00f8tt.<\/p>\n<p>\u2013 Det er ogs\u00e5 et m\u00f8rkere uttrykk p\u00e5 l\u00e5tene. Mer kj\u00f8tt i vokal, mer saus p\u00e5 gitaren, og krydret spartansk i produksjonen, trass 2018. Skal spilles h\u00f8yt!<\/p>\n<h4><\/h4>\n<p><h4><\/h4>\n<\/p>\n<p><\/p>","protected":false},"excerpt":{"rendered":"<p>7. september er det endelig dags for et helt nytt album fra Hitras store s\u00f8nn, Anders Jektvik som har blitt kalt \u00e9n av landets st\u00f8rste musikalske talenter av legenden Jan Eggum.<\/p>\n","protected":false},"featured_media":35887,"comment_status":"closed","ping_status":"open","template":"","meta":[],"product_brand":[],"product_cat":[6],"product_tag":[],"class_list":{"0":"post-35886","1":"product","2":"type-product","3":"status-publish","4":"has-post-thumbnail","6":"product_cat-grappa","7":"product_shipping_class-cddvd-shipping","8":"uni_artist_tag-anders-jektvik","9":"uni_artist_tag-jon-krogstad","10":"uni_artist_tag-ole-jonas-storli","11":"uni_artist_tag-thomas-brodahl","12":"uni_main_artist_tag-anders-jektvik","13":"uni_artist_genre-norwegian-lyrics","14":"uni_artist_genre-rock","15":"uni_artist_genre-singersongwriter","17":"first","18":"outofstock","19":"taxable","20":"shipping-taxable","21":"product-type-simple"},"_links":{"self":[{"href":"https:\/\/grappa.no\/no\/wp-json\/wp\/v2\/product\/35886","targetHints":{"allow":["GET"]}}],"collection":[{"href":"https:\/\/grappa.no\/no\/wp-json\/wp\/v2\/product"}],"about":[{"href":"https:\/\/grappa.no\/no\/wp-json\/wp\/v2\/types\/product"}],"replies":[{"embeddable":true,"href":"https:\/\/grappa.no\/no\/wp-json\/wp\/v2\/comments?post=35886"}],"wp:featuredmedia":[{"embeddable":true,"href":"https:\/\/grappa.no\/no\/wp-json\/wp\/v2\/media\/35887"}],"wp:attachment":[{"href":"https:\/\/grappa.no\/no\/wp-json\/wp\/v2\/media?parent=35886"}],"wp:term":[{"taxonomy":"product_brand","embeddable":true,"href":"https:\/\/grappa.no\/no\/wp-json\/wp\/v2\/product_brand?post=35886"},{"taxonomy":"product_cat","embeddable":true,"href":"https:\/\/grappa.no\/no\/wp-json\/wp\/v2\/product_cat?post=35886"},{"taxonomy":"product_tag","embeddable":true,"href":"https:\/\/grappa.no\/no\/wp-json\/wp\/v2\/product_tag?post=35886"}],"curies":[{"name":"wp","href":"https:\/\/api.w.org\/{rel}","templated":true}]}}