{"id":35852,"date":"2018-09-28T00:00:00","date_gmt":"2018-09-27T23:00:00","guid":{"rendered":"https:\/\/www.grappa.no\/no\/albums\/ukategorisert\/labyrint\/"},"modified":"2019-04-01T05:36:07","modified_gmt":"2019-04-01T04:36:07","slug":"labyrint","status":"publish","type":"product","link":"https:\/\/grappa.no\/no\/albums\/grappa\/labyrint\/","title":{"rendered":"Labyrint"},"content":{"rendered":"<p><\/p>\n<p>Sigrun Loe Sparboe med sitt tredje soloalbum p\u00e5 norsk.<\/p>\n<p>Labyrint er Sigruns tredje soloalbum p\u00e5 norsk. De foreg\u00e5ende albumene, Vindfang (2015) og Uten at du vet det (2013), h\u00f8stet sterke anmeldelser og gjorde det mulig for Sigrun \u00e5 reise landet rundt med musikken sin. Det f\u00f8rte ogs\u00e5 til radiospilling, ulike andre musikksamarbeid og ikke minst til at hun fikk NOPA sin musikk- og tekstpris.<\/p>\n<p>Sparboe er opptatt av \u00e5 formidle historier og pakker tekstene inn i melodiske komposisjoner. Hun f\u00e5r publikum til \u00e5 smile gjennom t\u00e5reblanke \u00f8yne og er kjent for \u00e5 gi det hverdagslige og n\u00e6re en s\u00e6regen skj\u00f8nnhet.<\/p>\n<p>Med seks utgivelser p\u00e5 10 \u00e5r, inkludert album med Sigrun &amp; The Kitchen Band, har Sigrun vist seg \u00e5 v\u00e6re en produktiv og slitesterk l\u00e5tskriver og artist. Det er utvilsomt ogs\u00e5 tilfellet med Labyrint.<\/p>\n<p><!--more--><\/p>\n<p>28. september kan du h\u00f8re Labyrint fra artisten bak \u00abLyst\u00bb og \u00abTil h\u00f8sten\u00bb. En labyrint er et sted \u00e5 finne vei og fare vill som byr p\u00e5 utfordringer i det uvisse. Det er lett \u00e5 g\u00e5 seg bort. S\u00e5nn er det med livet \u00f2g; krumninger og dreininger gj\u00f8r det umulig \u00e5 se slutten og utgangen.<\/p>\n<h4>Store forandringer<\/h4>\n<p>\u2013 Siden forrige plate har jeg opplevd store forandringer i livet. Jeg har f\u00f8dt tvillinger, foretatt avgj\u00f8rende og store valg, sl\u00e5tt rot, giftet meg og blitt fylt opp med nye sanger. Gjennom dette har jeg erfart hvor s\u00e5rbart livet er. L\u00e5tene p\u00e5 Labyrint gjenspeiler de siste \u00e5rene og alt det har rommet, forteller hun videre.<\/p>\n<p>Sparboe er opptatt av \u00e5 formidle historier og pakker tekstene inn i melodiske komposisjoner. Hun f\u00e5r publikum til \u00e5 smile gjennom t\u00e5reblanke \u00f8yne og er kjent for \u00e5 gi det hverdagslige og n\u00e6re en s\u00e6regen skj\u00f8nnhet.<\/p>\n<h4>Tredje soloalbum<\/h4>\n<p>Labyrint er Sigruns tredje soloalbum p\u00e5 norsk. De foreg\u00e5ende albumene, Vindfang (2015) og Uten at du vet det (2013), h\u00f8stet sterke anmeldelser og gjorde det mulig for Sigrun \u00e5 reise landet rundt med musikken sin. Det f\u00f8rte ogs\u00e5 til radiospilling, ulike andre musikksamarbeid og ikke minst til at hun fikk NOPA sin musikk- og tekstpris.<\/p>\n<p>Med seks utgivelser p\u00e5 10 \u00e5r, inkludert album med Sigrun &amp; The Kitchen Band, har Sigrun vist seg \u00e5 v\u00e6re en produktiv og slitesterk l\u00e5tskriver og artist. Det er utvilsomt ogs\u00e5 tilfellet med Labyrint.<\/p>\n<h4><\/h4>\n<\/p>\n<p><\/p>","protected":false},"excerpt":{"rendered":"<p>Sparboe er opptatt av \u00e5 formidle historier og pakker tekstene inn i melodiske komposisjoner. Hun f\u00e5r publikum til \u00e5 smile gjennom t\u00e5reblanke \u00f8yne og gir det hverdagslige og n\u00e6re en s\u00e6regen skj\u00f8nnhet.<\/p>\n","protected":false},"featured_media":35853,"comment_status":"closed","ping_status":"open","template":"","meta":[],"product_brand":[],"product_cat":[6],"product_tag":[],"class_list":{"0":"post-35852","1":"product","2":"type-product","3":"status-publish","4":"has-post-thumbnail","6":"product_cat-grappa","7":"product_shipping_class-cddvd-shipping","8":"uni_artist_tag-christer-knutsen","9":"uni_artist_tag-harald-stop-bowitz","10":"uni_artist_tag-heming-valebjorg","11":"uni_artist_tag-jorgen-smadal-larsen","12":"uni_artist_tag-kaja-fjellberg-pettersen","13":"uni_artist_tag-lise-voldsdal","14":"uni_artist_tag-magnus-eliassen","15":"uni_artist_tag-martin-bowitz","16":"uni_artist_tag-mattias-krohn-nielsen","17":"uni_artist_tag-sigrun-loe-sparboe","18":"uni_artist_tag-sjur-husom-vonen","19":"uni_artist_tag-sunniva-lotte-wormsen","20":"uni_artist_tag-sverre-tollefsen-laupstad","21":"uni_main_artist_tag-sigrun-loe-sparboe","22":"uni_artist_genre-folk-music","23":"uni_artist_genre-norwegian-lyrics","24":"uni_artist_genre-pop","25":"uni_artist_genre-singersongwriter","27":"first","28":"instock","29":"taxable","30":"shipping-taxable","31":"purchasable","32":"product-type-simple"},"_links":{"self":[{"href":"https:\/\/grappa.no\/no\/wp-json\/wp\/v2\/product\/35852","targetHints":{"allow":["GET"]}}],"collection":[{"href":"https:\/\/grappa.no\/no\/wp-json\/wp\/v2\/product"}],"about":[{"href":"https:\/\/grappa.no\/no\/wp-json\/wp\/v2\/types\/product"}],"replies":[{"embeddable":true,"href":"https:\/\/grappa.no\/no\/wp-json\/wp\/v2\/comments?post=35852"}],"wp:featuredmedia":[{"embeddable":true,"href":"https:\/\/grappa.no\/no\/wp-json\/wp\/v2\/media\/35853"}],"wp:attachment":[{"href":"https:\/\/grappa.no\/no\/wp-json\/wp\/v2\/media?parent=35852"}],"wp:term":[{"taxonomy":"product_brand","embeddable":true,"href":"https:\/\/grappa.no\/no\/wp-json\/wp\/v2\/product_brand?post=35852"},{"taxonomy":"product_cat","embeddable":true,"href":"https:\/\/grappa.no\/no\/wp-json\/wp\/v2\/product_cat?post=35852"},{"taxonomy":"product_tag","embeddable":true,"href":"https:\/\/grappa.no\/no\/wp-json\/wp\/v2\/product_tag?post=35852"}],"curies":[{"name":"wp","href":"https:\/\/api.w.org\/{rel}","templated":true}]}}