{"id":35847,"date":"2018-08-31T00:00:00","date_gmt":"2018-08-30T23:00:00","guid":{"rendered":"https:\/\/www.grappa.no\/no\/albums\/ukategorisert\/elisabeth-vannebo-felabaluba\/"},"modified":"2018-10-02T06:02:47","modified_gmt":"2018-10-02T05:02:47","slug":"felabaluba-med-askeladden","status":"publish","type":"product","link":"https:\/\/grappa.no\/no\/albums\/grappa\/felabaluba-med-askeladden\/","title":{"rendered":"Felabaluba med Askeladden"},"content":{"rendered":"<p><\/p>\n<p>En musikalsk vandring i folkeeventyrriket.<\/p>\n<p>\u00abHele livet har Askeladden dr\u00f8mt om \u00e5 spille et instrument, og n\u00e5 har han endelig f\u00e5tt sin egen fele. Han sitter ofte ved peisen og \u00f8ver, og snart er han blitt en dyktig felespiller. P\u00e5 slottet sitter den pratsomme prinsessen og lengter etter en prins.\u00bb<\/p>\n<p>\u00abFelabaluba med Askeladden\u00bb er en musikalsk vandring gjennom flere av de kjente og kj\u00e6re norske folkeeventyrene om br\u00f8drene Per, P\u00e5l og Espen Askeladd. Historien er nyskrevet av Ramona Sulen, og vi m\u00f8ter blant annet en heks som sitter fast i en gammel fele, en redd pannekake, en pratsom prinsesse og et skummelt troll.<br \/>\nMusikken ligger i landskapet norsk folkemusikk, kabaret og musikal, og er komponert av Elisabeth Vannebo.<\/p>\n<p><!--more--><\/p>\n<p>Felabaluba med Askeladden<\/p>\n<h4>Vandring gjennom ulike folkeeventyr<\/h4>\n<p>Felabaluba er en musikalsk vandring gjennom flere av de kjente og kj\u00e6re norske folkeeventyrene om br\u00f8drene Per, P\u00e5l og Espen Askeladd. <\/p>\n<p>Historien er nyskrevet av Ramona Sulen, og vi m\u00f8ter blant annet en heks som sitter fast i en gammel fele, en redd pannekake, en pratsom prinsesse og et skummelt troll.<br \/>\nMusikken ligger i landskapet norsk folkemusikk, kabaret og musikal, og er komponert av Elisabeth Vannebo. <\/p>\n<p>\u00abHele livet har Askeladden dr\u00f8mt om \u00e5 spille et instrument, og n\u00e5 har han endelig f\u00e5tt sin egen fele. Han sitter ofte ved peisen og \u00f8ver, og snart er han blitt en dyktig felespiller. P\u00e5 slottet sitter den pratsomme prinsessen og lengter etter en prins.\u00bb<\/p>\n<h4><\/h4>\n<p><h4><\/h4>\n<\/p>\n<p><\/p>","protected":false},"excerpt":{"rendered":"<p>\u00abHele livet har Askeladden dr\u00f8mt om \u00e5 spille et instrument, og n\u00e5 har han endelig f\u00e5tt sin egen fele.\u00bb<\/p>\n","protected":false},"featured_media":35848,"comment_status":"closed","ping_status":"open","template":"","meta":[],"product_brand":[],"product_cat":[6],"product_tag":[],"class_list":{"0":"post-35847","1":"product","2":"type-product","3":"status-publish","4":"has-post-thumbnail","6":"product_cat-grappa","7":"product_shipping_class-cddvd-shipping","8":"uni_artist_tag-brit-johnsrud","9":"uni_artist_tag-britt-elise-skram","10":"uni_artist_tag-elisabeth-vannebo","11":"uni_artist_tag-jan-kare-hystad","12":"uni_artist_tag-jan-neal-holden","13":"uni_artist_tag-ole-ludvig-kruger","14":"uni_artist_tag-ramona-sulen","15":"uni_artist_tag-tarjei-vatne","16":"uni_artist_tag-tone-hulbaekmo","17":"uni_main_artist_tag-ramona-sulen","18":"uni_artist_genre-children","19":"uni_artist_genre-norwegian-lyrics","21":"first","22":"instock","23":"taxable","24":"shipping-taxable","25":"purchasable","26":"product-type-simple"},"_links":{"self":[{"href":"https:\/\/grappa.no\/no\/wp-json\/wp\/v2\/product\/35847","targetHints":{"allow":["GET"]}}],"collection":[{"href":"https:\/\/grappa.no\/no\/wp-json\/wp\/v2\/product"}],"about":[{"href":"https:\/\/grappa.no\/no\/wp-json\/wp\/v2\/types\/product"}],"replies":[{"embeddable":true,"href":"https:\/\/grappa.no\/no\/wp-json\/wp\/v2\/comments?post=35847"}],"wp:featuredmedia":[{"embeddable":true,"href":"https:\/\/grappa.no\/no\/wp-json\/wp\/v2\/media\/35848"}],"wp:attachment":[{"href":"https:\/\/grappa.no\/no\/wp-json\/wp\/v2\/media?parent=35847"}],"wp:term":[{"taxonomy":"product_brand","embeddable":true,"href":"https:\/\/grappa.no\/no\/wp-json\/wp\/v2\/product_brand?post=35847"},{"taxonomy":"product_cat","embeddable":true,"href":"https:\/\/grappa.no\/no\/wp-json\/wp\/v2\/product_cat?post=35847"},{"taxonomy":"product_tag","embeddable":true,"href":"https:\/\/grappa.no\/no\/wp-json\/wp\/v2\/product_tag?post=35847"}],"curies":[{"name":"wp","href":"https:\/\/api.w.org\/{rel}","templated":true}]}}