{"id":35842,"date":"2013-09-06T00:00:00","date_gmt":"2013-09-05T23:00:00","guid":{"rendered":"https:\/\/www.grappa.no\/no\/albums\/ukategorisert\/frida-annevik-ville-ord\/"},"modified":"2020-08-21T08:56:27","modified_gmt":"2020-08-21T07:56:27","slug":"ville-ord","status":"publish","type":"product","link":"https:\/\/grappa.no\/no\/albums\/grappa\/ville-ord\/","title":{"rendered":"Ville ord"},"content":{"rendered":"<p><\/p>\n<p>F\u00f8lger opp suksessdebuten  Tre \u00e5r etter brakdebuten kommer endelig Frida \u00c5nneviks etterlengtede andre album. \u00abVille ord\u00bb er som forgjengeren et utpreget h\u00f8stalbum \u2013 stemningsmettet, personlig og ettertenksomt, men lydbildet er st\u00f8rre og mer elektrisk denne gangen. Selv om pulsen er h\u00f8yere og \u00c5nnevik et par hakk skarpere i kantene, er musikken fortsatt sakteflytende. Rask og seig p\u00e5 samme tid. Litt som n\u00e5r man v\u00e5kner etter \u00e5 ha sovet tungt, og dr\u00f8mmene setter opp tempoet, samtidig som den v\u00e5kne virkeligheten sakte begynner \u00e5 sive inn. Frida \u00c5nnevik ble \u00f8yeblikkelig et navn \u00e5 regne med etter slippet av debualbumet \u00abSynlige hjerteslag\u00bb i 2010. Hennes lavm\u00e6lte \u00abpop i et \u00e5pent landskap\u00bb, den unike stemmen  og de originale tekstene gjorde suksess b\u00e5de hos kritikerne og et bredt publikum. \u00abSynlige hjerteslag\u00bb ble k\u00e5ret til \u00e5rets beste norskspr\u00e5klige album av NRK P1 Norsk p\u00e5 Norsk og havnet p\u00e5 \u00e5rsbestelister i alt fra Lydverket til V\u00e5rt Land, og skaffet \u00c5nnevik  Spellemannsnominasjoner b\u00e5de som \u00e5rets nykommer og i kategorien vise.\u00a0   \u00abVille ord\u00bb er en sterk oppf\u00f8lger som kommer til \u00e5 ta Frida \u00c5nnevik ut til et nytt og st\u00f8rre publikum.<\/p>\n<p><!--more--><\/p>\n<p>Tre \u00e5r etter brakdebuten kommer endelig Frida \u00c5nneviks etterlengtede andre album. \u00abVille ord\u00bb er som forgjengeren et utpreget h\u00f8stalbum \u2013 stemningsmettet, personlig og ettertenksomt, men lydbildet er st\u00f8rre og mer elektrisk denne gangen. Selv om pulsen er h\u00f8yere og \u00c5nnevik et par hakk skarpere i kantene, er musikken fortsatt sakteflytende. Rask og seig p\u00e5 samme tid. Litt som n\u00e5r man v\u00e5kner etter \u00e5 ha sovet tungt, og dr\u00f8mmene setter opp tempoet, samtidig som den v\u00e5kne virkeligheten sakte begynner \u00e5 sive inn.<\/p>\n<h4>Tekstene kommer f\u00f8rst<\/h4>\n<p>Teksten kommer alltid f\u00f8rst for Frida: \u00abTekst definerer form, rytme, og f\u00e5r p\u00e5 den m\u00e5ten et forsprang p\u00e5 musikken\u00bb. \u00c5nnevik befester med \u00abVille ord\u00bb posisjonen sin som en av de mest spennende tekstforfatterne i sin generasjon. Hun har en unik formuleringsevne, og trenger ikke mange linjene p\u00e5 \u00e5 male frem historier og stemninger som fester seg i bevisstheten. Tekstene blir til over lang tid. \u00abJeg g\u00e5r som oftest i gang med \u00e5 skrive uten \u00e5 vite hva jeg skal skrive om.\u00a0Jeg noterer ned id\u00e9er jeg f\u00e5r, men lar dem alltid ligge \u00e5 steke litt i eget fett f\u00f8r jeg vurderer om det var noe der\u00bb sier Frida om sin egen arbeidsprosess.<\/p>\n<h4>Ville ord<\/h4>\n<p>\u00abVille ord\u00bb er i likhet med debuten jobbet frem sammen med produsent Andreas Mj\u00f8s. \u00ab\u00c5 jobbe i studio er \u00e5 f\u00e5 lov til \u00e5 g\u00e5 grundig til verks\u00bb sier Frida. \u00abSamtidig vet jeg at jeg skal miste kontrollen. B\u00e5de jeg og musikken min skal blir dratt i, standpunkter jeg har tatt skal rokkes ved. Det er ikke det jeg vil kalle en sk\u00e5nsom prosess, men jeg trur musikken blir best da.\u00bbSammen med Andreas Mj\u00f8s lagde hun ogs\u00e5 musikken og l\u00e5ta \u201dMagef\u00f8lelsen\u201d til dokumentaren \u201dBeretninger om begynnelser\u201d som gikk p\u00e5 TV2 v\u00e5ren 2012.\u00a0  Frida \u00c5nnevik har siden sist turnert \u00d8stlandet rundt til str\u00e5lende kritikker sammen med blant andre Narum i fellesturneen \u201dTrassviser og Tordenskrell\u201d, en slags norsk innlandsspr\u00e5klig versjon av 70-tallets Rolling Thunder Revue. Samme \u00e5r gjorde hun ogs\u00e5 et B\u00f8rliprosjekt sammen med bandet \u201dIn the country\u201d, duetten \u201dAkurat h\u00e6r, akurat n\u00e5\u201d sammen med Ravi og hun bidro med \u201dRevevise\u201d til Egnerhyllestplaten &quot;Vi har den \u00e6re\u201d.\u00a0   \u00abVille ord\u00bb er en sterk oppf\u00f8lger som kommer til \u00e5 ta Frida \u00c5nnevik ut til et nytt og st\u00f8rre publikum.<\/p>\n<h4><\/h4>\n<\/p>\n<p><\/p>","protected":false},"excerpt":{"rendered":"<p>En sterk oppf\u00f8lger som kommer til \u00e5 ta Frida \u00c5nnevik ut til et nytt og st\u00f8rre publikum.<\/p>\n","protected":false},"featured_media":27066,"comment_status":"closed","ping_status":"open","template":"","meta":[],"product_brand":[],"product_cat":[6],"product_tag":[],"class_list":{"0":"post-35842","1":"product","2":"type-product","3":"status-publish","4":"has-post-thumbnail","6":"product_cat-grappa","7":"product_shipping_class-cddvd-shipping","8":"uni_artist_tag-frida-annevik","9":"uni_main_artist_tag-frida-annevik","10":"uni_artist_genre-norwegian","11":"uni_artist_genre-pop","12":"uni_artist_genre-singersongwriter","14":"first","15":"instock","16":"taxable","17":"shipping-taxable","18":"purchasable","19":"product-type-variable","20":"has-default-attributes"},"_links":{"self":[{"href":"https:\/\/grappa.no\/no\/wp-json\/wp\/v2\/product\/35842","targetHints":{"allow":["GET"]}}],"collection":[{"href":"https:\/\/grappa.no\/no\/wp-json\/wp\/v2\/product"}],"about":[{"href":"https:\/\/grappa.no\/no\/wp-json\/wp\/v2\/types\/product"}],"replies":[{"embeddable":true,"href":"https:\/\/grappa.no\/no\/wp-json\/wp\/v2\/comments?post=35842"}],"wp:featuredmedia":[{"embeddable":true,"href":"https:\/\/grappa.no\/no\/wp-json\/wp\/v2\/media\/27066"}],"wp:attachment":[{"href":"https:\/\/grappa.no\/no\/wp-json\/wp\/v2\/media?parent=35842"}],"wp:term":[{"taxonomy":"product_brand","embeddable":true,"href":"https:\/\/grappa.no\/no\/wp-json\/wp\/v2\/product_brand?post=35842"},{"taxonomy":"product_cat","embeddable":true,"href":"https:\/\/grappa.no\/no\/wp-json\/wp\/v2\/product_cat?post=35842"},{"taxonomy":"product_tag","embeddable":true,"href":"https:\/\/grappa.no\/no\/wp-json\/wp\/v2\/product_tag?post=35842"}],"curies":[{"name":"wp","href":"https:\/\/api.w.org\/{rel}","templated":true}]}}