{"id":35835,"date":"2018-08-31T00:00:00","date_gmt":"2018-08-30T23:00:00","guid":{"rendered":"https:\/\/www.grappa.no\/no\/albums\/ukategorisert\/wizlavs-viser-the-songs-and-poems-of-the-minnesinger-wizlav\/"},"modified":"2018-09-19T07:32:25","modified_gmt":"2018-09-19T06:32:25","slug":"wizlavs-viser-the-songs-and-poems-of-the-minnesinger-wizlav","status":"publish","type":"product","link":"https:\/\/grappa.no\/no\/albums\/simax-classics\/wizlavs-viser-the-songs-and-poems-of-the-minnesinger-wizlav\/","title":{"rendered":"Wizlavs Viser \u2013 The Songs and Poems of the Minnesinger Wizlav"},"content":{"rendered":"<p><\/p>\n<p>Sanger og vers av Visleif den unge (1265\/8-1325)<\/p>\n<p>Dronning Eufemias eldste bror \u2013 Visleif den unge (Wizlaw der junge) \u2013 er etter alt \u00e5 d\u00f8mme kilde for 17 av melodiene i det unike Jena-h\u00e5ndskriftet fra omkring 1320. Det dreier seg om 13 nydelige minnesangtoner og 4 vidunderlige moralversmelodier, alle utstyrt med lyriske og h\u00f8viske tekster diktet av selvsamme Visleif. Sverre Jenssen har med uts\u00f8kt smak og stilistisk sikkerhet arrangert og instrumentert de 17 Visleif-stykkene, og spilt dem inn med ensemblet sitt Aurora Borealis.<\/p>\n<p><!--more--><\/p>\n<p>Minnesangeren Wizlav den unge (1265\/8 \u20131325) var den norske dronning Eufemias eldste bror. Han er kilden til 17 melodier med tilh\u00f8rende tekster i h\u00e5ndskrevne Jena-manuskriptet fra omkring 1320. Materialet spenner fra storsl\u00e5tte melismatiske \u201carier\u201d i fransk trouverestil til fengende melodislagere n\u00e6rskyldt slavisk folkemusikk. For f\u00f8rste gang i historien er dette stoffet spilt inn i sin helhet.<\/p>\n<h4>Aurora Borealis<\/h4>\n<p>Den unike gruppen Aurora Borealis ble grunnlagt av Jenssen i 1995. To \u00e5r senere slapp de albumet \u00abHarpa, som presenterte \u00e9n eneste middelalderballade i 13 ulike varianter fra Norden og de britiske \u00f8yer. Plata h\u00f8stet gode kritikker, og i tiden etter at platen kom ut ga ensemblet en rekke konserter i Norge og i utlandet. Rundt 2000 gikk medlemmene hvert til sitt, for s\u00e5 \u00e5 starte opp igjen i 2015, og i l\u00f8pet av tre intense dager i \u00e5r ble \u00abWizlavs viser\u00bb innspilt. Resultatet er virkelig en helt s\u00e6regen lytteropplevelse uten like.<\/p>\n<h4><\/h4>\n<p>Sverre Jenssen regnes som \u201dthe grand old man\u201d innen middelaldermusikk i Norge. Han er en s\u00e6rpreget ut\u00f8ver og instrumentbygger med spisskompetanse p\u00e5 europeisk tidligmusikk, samt dybdekunnskap om historiske instrumenter og fremf\u00f8ringspraksis. I tillegg til \u00e5 v\u00e6re leder for Aurora Borealis, leder han ensemblene Kalenda Maya og Al Andaluz. I tillegg ledet han Schola Instrumentalis ved Universitetet i Oslo gjennom en \u00e5rrekke.<\/p>\n<p>\u00d8yonn Groven Myhren har i rundt 25 \u00e5r v\u00e6rt ansett mellom Norges aller fremste tradisjonsmusikere. Hun ut\u00f8ver nedarvet og egenkomponert musikk som solist og i ulike konstellasjoner. Middelalderballader og instrumentalsang er bare to av hennes spesialfelt. Hun har tre seiere i eliteklassen for vokal folkemusikk, har deltatt p\u00e5 et titalls plater og har en Spellemannpris p\u00e5 peishylla.<\/p>\n<p>Anne Hytta er en framst\u00e5ende norsk felespiller og har spilt tidligmusikk gjennom to ti\u00e5r. Dessuten leder hun ensemblet Slagr, og har h\u00f8stet to Spellemannpriser; \u00e9n for Slager og \u00e9n som solist. I tillegg f\u00e5r hun mange komposisjonsoppdrag. Hun l\u00e6rte \u00e5 spille hos Einar L\u00f8ndal (1914\u20132006), som var en stor spelemann fra Tinn og Tuddal. Anne Hytta videref\u00f8rer l\u00f8ndalspelete rike ornamentikk og gamle tonalitet.<\/p>\n<p>Tomas Nilsson er en slagverker med bredt virkefelt og h\u00f8yt aktivitetsniv\u00e5. Han leder SISU slagverksensemble som jevnlig gjennomf\u00f8rer store turneer i Norge og utlandet. I tillegg arbeider han ved institusjoner som Kringskastingsorkesteret og Nationalteatret, og underviser i slagverk ved Norges musikkh\u00f8gskole. Han har medvirket p\u00e5 en rekke plateinnspillinger som musiker og produsent, og han har tatt sm\u00e5 og store komposisjonsoppdrag.<\/p>\n<h4><\/h4>\n<\/p>\n<p><\/p>","protected":false},"excerpt":{"rendered":"<p>Sverre Jenssen har med uts\u00f8kt smak og stilistisk sikkerhet arrangert og instrumentert de 17 Visleif-stykkene, og spilt dem inn med ensemblet sitt Aurora Borealis.<\/p>\n","protected":false},"featured_media":35836,"comment_status":"closed","ping_status":"open","template":"","meta":[],"product_brand":[],"product_cat":[180],"product_tag":[],"class_list":{"0":"post-35835","1":"product","2":"type-product","3":"status-publish","4":"has-post-thumbnail","6":"product_cat-simax-classics","7":"product_shipping_class-cddvd-shipping","8":"uni_artist_tag-anne-hytta","9":"uni_artist_tag-aurora-borealis","10":"uni_artist_tag-oyonn-groven-myhren","11":"uni_artist_tag-sverre-jensen","12":"uni_artist_tag-tellef-kvifte","13":"uni_artist_tag-tomas-nilsson","14":"uni_artist_tag-wizlaw-der-junge","15":"uni_main_artist_tag-aurora-borealis","16":"uni_artist_genre-chamber-music","17":"uni_artist_genre-early-music","19":"first","20":"instock","21":"taxable","22":"shipping-taxable","23":"purchasable","24":"product-type-simple"},"_links":{"self":[{"href":"https:\/\/grappa.no\/no\/wp-json\/wp\/v2\/product\/35835","targetHints":{"allow":["GET"]}}],"collection":[{"href":"https:\/\/grappa.no\/no\/wp-json\/wp\/v2\/product"}],"about":[{"href":"https:\/\/grappa.no\/no\/wp-json\/wp\/v2\/types\/product"}],"replies":[{"embeddable":true,"href":"https:\/\/grappa.no\/no\/wp-json\/wp\/v2\/comments?post=35835"}],"wp:featuredmedia":[{"embeddable":true,"href":"https:\/\/grappa.no\/no\/wp-json\/wp\/v2\/media\/35836"}],"wp:attachment":[{"href":"https:\/\/grappa.no\/no\/wp-json\/wp\/v2\/media?parent=35835"}],"wp:term":[{"taxonomy":"product_brand","embeddable":true,"href":"https:\/\/grappa.no\/no\/wp-json\/wp\/v2\/product_brand?post=35835"},{"taxonomy":"product_cat","embeddable":true,"href":"https:\/\/grappa.no\/no\/wp-json\/wp\/v2\/product_cat?post=35835"},{"taxonomy":"product_tag","embeddable":true,"href":"https:\/\/grappa.no\/no\/wp-json\/wp\/v2\/product_tag?post=35835"}],"curies":[{"name":"wp","href":"https:\/\/api.w.org\/{rel}","templated":true}]}}