{"id":35800,"date":"2018-08-17T00:00:00","date_gmt":"2018-08-16T23:00:00","guid":{"rendered":"https:\/\/www.grappa.no\/no\/albums\/ukategorisert\/moskus-mirakler\/"},"modified":"2020-08-21T09:17:13","modified_gmt":"2020-08-21T08:17:13","slug":"mirakler","status":"publish","type":"product","link":"https:\/\/grappa.no\/no\/albums\/hubro\/mirakler\/","title":{"rendered":"Mirakler"},"content":{"rendered":"<p><\/p>\n<p>Moskus-mirakler  Moskus er en pianotrio som fungerer like godt uten piano. Anja Lauvdals hyppige bruk av Yamaha- eller Korgsynther trekker veksler p\u00e5 en elektronisk fortid, med et ekko fra Sun Ra&#8217;s Solavox til Vangelis&#8217; tidlig-digitale Fairlight, og Kraftwerk&#8217;s analoge synther \u2013 som om de er kuratorer for et museum for svunne lyder. \u00abMirakler\u00bb er bandet aller mest originale album s\u00e5 langt. Det er lyden av et band som er fullstendig autonomt, med en klar visjon om hva de vil gj\u00f8re og hvordan de vil gj\u00f8re det.<\/p>\n<p><!--more--><\/p>\n<p>Moskus er en pianotrio som fungerer like godt uten piano. Anja Lauvdals hyppige bruk av Yamaha- eller Korgsynther trekker veksler p\u00e5 en elektronisk fortid, med et ekko fra Sun Ra&#8217;s Solavox til Vangelis&#8217; tidlig-digitale Fairlight, og Kraftwerk&#8217;s analoge synther \u2013 som om de er kuratorer for et museum for svunne lyder. \u00abMirakler\u00bb er bandet aller mest originale album s\u00e5 langt. Det er lyden av et band som er fullstendig autonomt, med en klar visjon om hva de vil gj\u00f8re og hvordan de vil gj\u00f8re det.<\/p>\n<h4><\/h4>\n<\/p>\n<h4><\/h4>\n<p><h4><\/h4>\n<\/p>\n<p><\/p>","protected":false},"excerpt":{"rendered":"<p>\u00abMirakler\u00bb er Moskus sitt aller mest originale album s\u00e5 langt.<\/p>\n","protected":false},"featured_media":35803,"comment_status":"closed","ping_status":"open","template":"","meta":[],"product_brand":[],"product_cat":[36],"product_tag":[],"class_list":{"0":"post-35800","1":"product","2":"type-product","3":"status-publish","4":"has-post-thumbnail","6":"product_cat-hubro","7":"product_shipping_class-cddvd-shipping","8":"uni_artist_tag-anja-lauvdal","9":"uni_artist_tag-fredrik-luhr-dietrichson","10":"uni_artist_tag-hans-hulbaekmo","11":"uni_artist_tag-moskus","12":"uni_main_artist_tag-moskus","13":"uni_artist_genre-improvised-music","14":"uni_artist_genre-instrumental","15":"uni_artist_genre-jazz","17":"first","18":"instock","19":"taxable","20":"shipping-taxable","21":"purchasable","22":"product-type-variable","23":"has-default-attributes"},"_links":{"self":[{"href":"https:\/\/grappa.no\/no\/wp-json\/wp\/v2\/product\/35800","targetHints":{"allow":["GET"]}}],"collection":[{"href":"https:\/\/grappa.no\/no\/wp-json\/wp\/v2\/product"}],"about":[{"href":"https:\/\/grappa.no\/no\/wp-json\/wp\/v2\/types\/product"}],"replies":[{"embeddable":true,"href":"https:\/\/grappa.no\/no\/wp-json\/wp\/v2\/comments?post=35800"}],"wp:featuredmedia":[{"embeddable":true,"href":"https:\/\/grappa.no\/no\/wp-json\/wp\/v2\/media\/35803"}],"wp:attachment":[{"href":"https:\/\/grappa.no\/no\/wp-json\/wp\/v2\/media?parent=35800"}],"wp:term":[{"taxonomy":"product_brand","embeddable":true,"href":"https:\/\/grappa.no\/no\/wp-json\/wp\/v2\/product_brand?post=35800"},{"taxonomy":"product_cat","embeddable":true,"href":"https:\/\/grappa.no\/no\/wp-json\/wp\/v2\/product_cat?post=35800"},{"taxonomy":"product_tag","embeddable":true,"href":"https:\/\/grappa.no\/no\/wp-json\/wp\/v2\/product_tag?post=35800"}],"curies":[{"name":"wp","href":"https:\/\/api.w.org\/{rel}","templated":true}]}}