{"id":358,"date":"1981-04-20T00:00:00","date_gmt":"1981-04-19T23:00:00","guid":{"rendered":"http:\/\/www.grappa.no\/albums\/uncategorized\/louis-marchand-pieces-de-clavecin\/"},"modified":"2019-07-23T14:21:44","modified_gmt":"2019-07-23T13:21:44","slug":"louis-marchand-pieces-de-clavecin","status":"publish","type":"product","link":"https:\/\/grappa.no\/no\/albums\/simax-classics\/louis-marchand-pieces-de-clavecin\/","title":{"rendered":"Louis Marchand: Pi\u00e8ces de Clavecin"},"content":{"rendered":"<p><\/p>\n<p>Marchands komplette cembalomusikk<\/p>\n<p>Louis Marchand var anerkjent i sin samtid som en av de st\u00f8rste virtuoser p\u00e5 cembalo og orgel i Frankrike, og det er sagt at store skarer av beundrere fulgte ham fra kirke til kirke i Paris for \u00e5 h\u00f8re ham spille. De to suitene som er p\u00e5 denne utgivelsen er alt av cembalomusikk som er igjen etter komponisten, utgitt i 1702\/03 og tilegnet Ludvig XIV.<\/p>\n<p><!--more--><\/p>\n<h4><\/h4>\n<\/p>\n<h4><\/h4>\n<p><h4><\/h4>\n<\/p>\n<p><\/p>","protected":false},"excerpt":{"rendered":"<p>Marchand Pi\u00e8ces de Clavecin bind 1 og 2<\/p>\n","protected":false},"featured_media":27543,"comment_status":"closed","ping_status":"open","template":"","meta":[],"product_brand":[],"product_cat":[180],"product_tag":[],"class_list":{"0":"post-358","1":"product","2":"type-product","3":"status-publish","4":"has-post-thumbnail","6":"product_cat-simax-classics","7":"product_shipping_class-cddvd-shipping","8":"uni_artist_tag-arne-akselberg","9":"uni_artist_tag-ketil-haugsand","10":"uni_artist_tag-louis-marchand","11":"uni_artist_tag-tore-simonsen","12":"uni_main_artist_tag-ketil-haugsand","13":"uni_artist_genre-chamber-music","14":"uni_artist_genre-classical","15":"uni_artist_genre-early-music","17":"first","18":"instock","19":"taxable","20":"shipping-taxable","21":"purchasable","22":"product-type-simple"},"_links":{"self":[{"href":"https:\/\/grappa.no\/no\/wp-json\/wp\/v2\/product\/358","targetHints":{"allow":["GET"]}}],"collection":[{"href":"https:\/\/grappa.no\/no\/wp-json\/wp\/v2\/product"}],"about":[{"href":"https:\/\/grappa.no\/no\/wp-json\/wp\/v2\/types\/product"}],"replies":[{"embeddable":true,"href":"https:\/\/grappa.no\/no\/wp-json\/wp\/v2\/comments?post=358"}],"wp:featuredmedia":[{"embeddable":true,"href":"https:\/\/grappa.no\/no\/wp-json\/wp\/v2\/media\/27543"}],"wp:attachment":[{"href":"https:\/\/grappa.no\/no\/wp-json\/wp\/v2\/media?parent=358"}],"wp:term":[{"taxonomy":"product_brand","embeddable":true,"href":"https:\/\/grappa.no\/no\/wp-json\/wp\/v2\/product_brand?post=358"},{"taxonomy":"product_cat","embeddable":true,"href":"https:\/\/grappa.no\/no\/wp-json\/wp\/v2\/product_cat?post=358"},{"taxonomy":"product_tag","embeddable":true,"href":"https:\/\/grappa.no\/no\/wp-json\/wp\/v2\/product_tag?post=358"}],"curies":[{"name":"wp","href":"https:\/\/api.w.org\/{rel}","templated":true}]}}