{"id":35792,"date":"1993-09-22T00:00:00","date_gmt":"1993-09-21T23:00:00","guid":{"rendered":"https:\/\/www.grappa.no\/no\/albums\/ukategorisert\/bach-organ-music\/"},"modified":"2023-04-11T09:38:38","modified_gmt":"2023-04-11T08:38:38","slug":"kolbein-haga-at-the-gebr-reil-organ-in-the-stavanger-cathedral","status":"publish","type":"product","link":"https:\/\/grappa.no\/no\/albums\/simax-classics\/kolbein-haga-at-the-gebr-reil-organ-in-the-stavanger-cathedral\/","title":{"rendered":"Kolbein Haga At The Gebr. Reil Organ In The Stavanger Cathedral"},"content":{"rendered":"<p><\/p>\n<p>Bach p\u00e5 Reil-orgelet i Stavanger domkirke<\/p>\n<p>Orgelmusikken opptok J. S. Bach hele livet b\u00e5de som ut\u00f8ver og komponist. Gjennom denne innspillingen fra Stavanger domkirke p\u00e5 det flotte Gebr. Reil-orgelet, f\u00e5r vi h\u00f8re et utvalg av Bachs musikk tolket av Kolbein Haga. Han er utdannet ved Norges musikkh\u00f8gskole hvor han i 1975 avla h\u00f8yere organist- og kirkemusikereksamen. Hans arbeid som organist er meget omfattende. Han har blant annet v\u00e6rt ansatt som organist og kantor i Den norske kirke i 22 \u00e5r og kan vise til omfattende konsertvirksomhet i inn- og utland.<\/p>\n<p><!--more--><\/p>\n<h4><\/h4>\n<h4><\/h4>\n<h4><\/h4>\n<p><\/p>","protected":false},"excerpt":{"rendered":"<p>Gjennom denne innspillingen fra Stavanger domkirke p\u00e5 det flotte Gebr. Reil-orgelet, f\u00e5r vi h\u00f8re et utvalg av Bachs musikk tolket av Kolbein Haga.<\/p>\n","protected":false},"featured_media":35793,"comment_status":"closed","ping_status":"closed","template":"","meta":[],"product_brand":[],"product_cat":[180],"product_tag":[],"class_list":{"0":"post-35792","1":"product","2":"type-product","3":"status-publish","4":"has-post-thumbnail","6":"product_cat-simax-classics","7":"product_shipping_class-cddvd-shipping","8":"uni_artist_tag-johann-sebastian-bach","9":"uni_artist_tag-kare-nordstoga","10":"uni_artist_tag-kolbein-haga","11":"uni_main_artist_tag-kolbein-haga","12":"uni_artist_genre-church-music","13":"uni_artist_genre-organ","15":"first","16":"outofstock","17":"taxable","18":"shipping-taxable","19":"purchasable","20":"product-type-simple"},"_links":{"self":[{"href":"https:\/\/grappa.no\/no\/wp-json\/wp\/v2\/product\/35792","targetHints":{"allow":["GET"]}}],"collection":[{"href":"https:\/\/grappa.no\/no\/wp-json\/wp\/v2\/product"}],"about":[{"href":"https:\/\/grappa.no\/no\/wp-json\/wp\/v2\/types\/product"}],"replies":[{"embeddable":true,"href":"https:\/\/grappa.no\/no\/wp-json\/wp\/v2\/comments?post=35792"}],"wp:featuredmedia":[{"embeddable":true,"href":"https:\/\/grappa.no\/no\/wp-json\/wp\/v2\/media\/35793"}],"wp:attachment":[{"href":"https:\/\/grappa.no\/no\/wp-json\/wp\/v2\/media?parent=35792"}],"wp:term":[{"taxonomy":"product_brand","embeddable":true,"href":"https:\/\/grappa.no\/no\/wp-json\/wp\/v2\/product_brand?post=35792"},{"taxonomy":"product_cat","embeddable":true,"href":"https:\/\/grappa.no\/no\/wp-json\/wp\/v2\/product_cat?post=35792"},{"taxonomy":"product_tag","embeddable":true,"href":"https:\/\/grappa.no\/no\/wp-json\/wp\/v2\/product_tag?post=35792"}],"curies":[{"name":"wp","href":"https:\/\/api.w.org\/{rel}","templated":true}]}}