{"id":35783,"date":"2018-08-03T00:00:00","date_gmt":"2018-08-02T23:00:00","guid":{"rendered":"https:\/\/www.grappa.no\/no\/albums\/ukategorisert\/blue-mood-labelmates-live-at-notodden-blues-festival-2017\/"},"modified":"2018-11-16T12:48:03","modified_gmt":"2018-11-16T11:48:03","slug":"blue-mood-labelmates-live-at-notodden-blues-festival-2017","status":"publish","type":"product","link":"https:\/\/grappa.no\/no\/albums\/blue-mood-records\/blue-mood-labelmates-live-at-notodden-blues-festival-2017\/","title":{"rendered":"Blue Mood Labelmates &#8211; Live at Notodden Blues Festival 2017"},"content":{"rendered":"<p><\/p>\n<p>Suksesskonsert p\u00e5 plate.<\/p>\n<p>Konserten med Labelmates p\u00e5 Hovigs Hangar p\u00e5 Notodden Blues Festival 2017 var en stor suksess. Denne konserten kommer n\u00e5 p\u00e5 plate akkurat i tide til \u00e5rets festival. Musikere fra toppsjiktet i norsk country og blues leverer her en rekke akustiske l\u00e5ter som mest sannsynlig vil lokke frem b\u00e5de smil og t\u00e5rer. Vi f\u00e5r h\u00f8re artister som Vidar Busk, Bekken &amp; Gjems, Amund Maarud og Johanne Demker i blant de mange dyktige musikerne p\u00e5 plata.<\/p>\n<p><!--more--><\/p>\n<h4><\/h4>\n<\/p>\n<h4><\/h4>\n<p><h4><\/h4>\n<\/p>\n<p><\/p>","protected":false},"excerpt":{"rendered":"<p>Konserten med Labelmates p\u00e5 Hovigs Hangar p\u00e5 Notodden Blues Festival 2007 var en stor suksess. Denne konserten kommer n\u00e5 p\u00e5 plate akkurat i tide til \u00e5rets festival.<\/p>\n","protected":false},"featured_media":35784,"comment_status":"closed","ping_status":"open","template":"","meta":[],"product_brand":[],"product_cat":[51],"product_tag":[],"class_list":{"0":"post-35783","1":"product","2":"type-product","3":"status-publish","4":"has-post-thumbnail","6":"product_cat-blue-mood-records","7":"product_shipping_class-cddvd-shipping","8":"uni_artist_tag-amos-wells","9":"uni_artist_tag-amund-maarud","10":"uni_artist_tag-andre-vrolijk","11":"uni_artist_tag-chuck-willis","12":"uni_artist_tag-david-c-york","13":"uni_artist_tag-dr-bekken","14":"uni_artist_tag-eric-malling","15":"uni_artist_tag-harald-stokke","16":"uni_artist_tag-ine-tumyr","17":"uni_artist_tag-kid-christoffer-andersen","18":"uni_artist_tag-knut-eide","19":"uni_artist_tag-knut-nordhagen","20":"uni_artist_tag-kurt-slevigen","21":"uni_artist_tag-ole-reinert-berg-olsen","22":"uni_artist_tag-orbo-ole-reinert-berg-olsen","23":"uni_artist_tag-per-tobro","24":"uni_artist_tag-r-c-finnigan","25":"uni_artist_tag-richard-gjems","26":"uni_artist_tag-terje-nordgarden","27":"uni_artist_tag-trad","28":"uni_artist_tag-vidar-busk","29":"uni_artist_genre-acoustic","30":"uni_artist_genre-blues","31":"uni_artist_genre-pop","32":"uni_artist_genre-rock","34":"first","35":"instock","36":"taxable","37":"shipping-taxable","38":"purchasable","39":"product-type-simple"},"_links":{"self":[{"href":"https:\/\/grappa.no\/no\/wp-json\/wp\/v2\/product\/35783","targetHints":{"allow":["GET"]}}],"collection":[{"href":"https:\/\/grappa.no\/no\/wp-json\/wp\/v2\/product"}],"about":[{"href":"https:\/\/grappa.no\/no\/wp-json\/wp\/v2\/types\/product"}],"replies":[{"embeddable":true,"href":"https:\/\/grappa.no\/no\/wp-json\/wp\/v2\/comments?post=35783"}],"wp:featuredmedia":[{"embeddable":true,"href":"https:\/\/grappa.no\/no\/wp-json\/wp\/v2\/media\/35784"}],"wp:attachment":[{"href":"https:\/\/grappa.no\/no\/wp-json\/wp\/v2\/media?parent=35783"}],"wp:term":[{"taxonomy":"product_brand","embeddable":true,"href":"https:\/\/grappa.no\/no\/wp-json\/wp\/v2\/product_brand?post=35783"},{"taxonomy":"product_cat","embeddable":true,"href":"https:\/\/grappa.no\/no\/wp-json\/wp\/v2\/product_cat?post=35783"},{"taxonomy":"product_tag","embeddable":true,"href":"https:\/\/grappa.no\/no\/wp-json\/wp\/v2\/product_tag?post=35783"}],"curies":[{"name":"wp","href":"https:\/\/api.w.org\/{rel}","templated":true}]}}