{"id":35739,"date":"2018-06-15T00:00:00","date_gmt":"2018-06-14T23:00:00","guid":{"rendered":"https:\/\/www.grappa.no\/no\/albums\/ukategorisert\/karsten-og-petra\/"},"modified":"2019-04-01T05:35:16","modified_gmt":"2019-04-01T04:35:16","slug":"karsten-og-petra-sangene-fra-tv-serien","status":"publish","type":"product","link":"https:\/\/grappa.no\/no\/albums\/barne\/karsten-og-petra-sangene-fra-tv-serien\/","title":{"rendered":"Karsten og Petra &#8211; Sangene fra Tv-serien"},"content":{"rendered":"<p><\/p>\n<p>Karsten og Petra &#8211; Sangene fra TV-serien.<\/p>\n<p>Igjen m\u00f8ter vi de nysgjerrige og livsglade 5-\u00e5ringene Karsten og Petra p\u00e5 sm\u00e5 og store eventyr sammen med deres livlige og underfundige kosedyr, Fr\u00f8ken Kanin og L\u00f8veungen.\u00a0<br \/>\nMusikken er komponert av Lars Kilevold, en velkjent artist og komponist for de fleste. Fengende superhiter som \u00abLivet er for kjipt\u00bb, \u00abUte til lunsj\u00bb og \u00abRespekt for Grandiosa\u00bb har s\u00f8rget for at flere generasjoner nordmenn har hatt l\u00e5tene hans p\u00e5 hjernen. Kilevold har ogs\u00e5 produsert og skrevet l\u00e5ter for flere store norske artister som The Monroes, Bobbysocks og Anita Skorgan og st\u00e5r bak Barne TV-vignetten til NRK.Sammen utgj\u00f8r Kilevold og tekstforfatter Arne Lindtner N\u00e6ss et stjerneteam, som har produsert en rekke lekne og melodi\u00f8se sanger til Karsten og Petra-universet. Sangene bindes sammen med sm\u00e5, koselige fortellinger lest av Ivar N\u00f8rve. Dette er viser og popl\u00e5ter som f\u00e5r b\u00e5de store og sm\u00e5 i godt hum\u00f8r.<\/p>\n<p><!--more--><\/p>\n<p>Karsten og Petra &#8211; Sangene fra TV-serien.<\/p>\n<h4><\/h4>\n<p>Musikken er komponert av Lars Kilevold, en velkjent artist og komponist for de fleste. Fengende superhiter som \u00abLivet er for kjipt\u00bb, \u00abUte til lunsj\u00bb og \u00abRespekt for Grandiosa\u00bb har s\u00f8rget for at flere generasjoner nordmenn har hatt l\u00e5tene hans p\u00e5 hjernen. Kilevold har ogs\u00e5 produsert og skrevet l\u00e5ter for flere store norske artister som The Monroes, Bobbysocks og Anita Skorgan og st\u00e5r bak Barne TV-vignetten til NRK.Sammen utgj\u00f8r Kilevold og tekstforfatter Arne Lindtner N\u00e6ss et stjerneteam, som har produsert en rekke lekne og melodi\u00f8se sanger til Karsten og Petra-universet. Sangene bindes sammen med sm\u00e5, koselige fortellinger lest av Ivar N\u00f8rve. Dette er viser og popl\u00e5ter som f\u00e5r b\u00e5de store og sm\u00e5 i godt hum\u00f8r.<\/p>\n<h4><\/h4>\n<p><h4><\/h4>\n<\/p>\n<p><\/p>","protected":false},"excerpt":{"rendered":"<p>L\u00e5ter fra Karsten og Petra-universet som f\u00e5r b\u00e5de store og sm\u00e5 i godt hum\u00f8r!<\/p>\n","protected":false},"featured_media":35743,"comment_status":"closed","ping_status":"open","template":"","meta":[],"product_brand":[],"product_cat":[15],"product_tag":[],"class_list":{"0":"post-35739","1":"product","2":"type-product","3":"status-publish","4":"has-post-thumbnail","6":"product_cat-barne","7":"product_shipping_class-cddvd-shipping","8":"uni_artist_tag-agnes-holtestaul","9":"uni_artist_tag-alba-orbeck-nilssen","10":"uni_artist_tag-anna-celine-bredal","11":"uni_artist_tag-augusta-sand-hegnes","12":"uni_artist_tag-boltelokka-jentekor","13":"uni_artist_tag-borge-petersen-overleir","14":"uni_artist_tag-budapest-art-orchestra","15":"uni_artist_tag-clara-dahl-lein","16":"uni_artist_tag-elias-sovold-simonsen","17":"uni_artist_tag-emma-zielinski-jensen","18":"uni_artist_tag-filippa-smith-fuglseth","19":"uni_artist_tag-frk-kanin","20":"uni_artist_tag-gry-kilevold","21":"uni_artist_tag-hallgrim-bratberg","22":"uni_artist_tag-hans-josef-groh","23":"uni_artist_tag-havar-bendiksen","24":"uni_artist_tag-hilde-lyran","25":"uni_artist_tag-ine-aakre","26":"uni_artist_tag-ivar-norve","27":"uni_artist_tag-janne-formoe","28":"uni_artist_tag-jens-hjerto","29":"uni_artist_tag-jonatan-hiis-anestad","30":"uni_artist_tag-karla-beitohaugen","31":"uni_artist_tag-karsten-og-petra","32":"uni_artist_tag-ketil-schei","33":"uni_artist_tag-kristin-langsrud","34":"uni_artist_tag-lars-kilevold","35":"uni_artist_tag-linn-andrea-fugleseth","36":"uni_artist_tag-markus-tonseth","37":"uni_artist_tag-martin-windstad","38":"uni_artist_tag-nora-amundsen","39":"uni_artist_tag-oliver-dahl","40":"uni_artist_tag-oystein-knaus-fosshagen","41":"uni_artist_tag-pernille-nygaard","42":"uni_artist_tag-peter-pejtsik","43":"uni_artist_tag-sienna-rosie-schei","44":"uni_artist_tag-sindre-hotvedt","45":"uni_artist_tag-the-city-of-prague-philharmonic-orchestra","46":"uni_artist_tag-thorbjorn-harr","47":"uni_artist_tag-tone-johnsen-og-majorstuen-barne-og-ungdomskor","48":"uni_artist_tag-vendela-g-johansen","49":"uni_main_artist_tag-karsten-og-petra","51":"first","52":"instock","53":"taxable","54":"shipping-taxable","55":"purchasable","56":"product-type-simple"},"_links":{"self":[{"href":"https:\/\/grappa.no\/no\/wp-json\/wp\/v2\/product\/35739","targetHints":{"allow":["GET"]}}],"collection":[{"href":"https:\/\/grappa.no\/no\/wp-json\/wp\/v2\/product"}],"about":[{"href":"https:\/\/grappa.no\/no\/wp-json\/wp\/v2\/types\/product"}],"replies":[{"embeddable":true,"href":"https:\/\/grappa.no\/no\/wp-json\/wp\/v2\/comments?post=35739"}],"wp:featuredmedia":[{"embeddable":true,"href":"https:\/\/grappa.no\/no\/wp-json\/wp\/v2\/media\/35743"}],"wp:attachment":[{"href":"https:\/\/grappa.no\/no\/wp-json\/wp\/v2\/media?parent=35739"}],"wp:term":[{"taxonomy":"product_brand","embeddable":true,"href":"https:\/\/grappa.no\/no\/wp-json\/wp\/v2\/product_brand?post=35739"},{"taxonomy":"product_cat","embeddable":true,"href":"https:\/\/grappa.no\/no\/wp-json\/wp\/v2\/product_cat?post=35739"},{"taxonomy":"product_tag","embeddable":true,"href":"https:\/\/grappa.no\/no\/wp-json\/wp\/v2\/product_tag?post=35739"}],"curies":[{"name":"wp","href":"https:\/\/api.w.org\/{rel}","templated":true}]}}