{"id":35734,"date":"2011-08-12T00:00:00","date_gmt":"2011-08-11T23:00:00","guid":{"rendered":"https:\/\/www.grappa.no\/no\/albums\/ukategorisert\/kjaerlighet-aerlighet-2\/"},"modified":"2018-07-25T13:32:26","modified_gmt":"2018-07-25T12:32:26","slug":"kjaerlighet-aerlighet-2","status":"publish","type":"product","link":"https:\/\/grappa.no\/no\/albums\/grappa\/kjaerlighet-aerlighet-2\/","title":{"rendered":"Kj\u00e6rlighet &amp; \u00c6rlighet 2"},"content":{"rendered":"<p><\/p>\n<p>Kj\u00e6rlighet &amp; \u00c6rlighet 2<\/p>\n<p>Jan Eggum gir ut del to, de neste 20 NYE sangene, av mammut-prosjektet Kj\u00e6rlighet &amp; \u00e6rlighet 12. august 2011. Del 1, som kom i mars, var tildels meget pop og rock-orientert,<br \/>\nfrontet av radio-hiten &quot;Kompiser&quot;.<\/p>\n<p>Denne nummer to er mer laidback og &quot;mellow&quot; med  vekt p\u00e5 melodi\u00f8sitet, gode fortellinger og virtuos musikalitet. Eggum har skrevet meget personlige, nesten private  tekster denne gang, innholdsrike men med mye av samme melankolske tilgjengeligheten som tidligere.<\/p>\n<p>Kj\u00e6rlighet &amp; \u00e6rlighet del 2 , 20 spor med visepop   av kjent Jan Eggum-kvalitet , men med mer enn vanlig blues- og jazz-anstr\u00f8k blir akkompagnert av noen av Norges beste ut\u00f8vere, som Paolo Vinaccia , Sverre Indris Joner og Audun Erlien. Og ikke minst: Her medvirker  noen av v\u00e5re mest profilerte musikere, som selv har solide solo-karrierer: Knut Reiersrud, Nils Petter Molv\u00e6r  og Bugge Wesseltoft , ogs\u00e5 i  samspill med de aller beste klassiske musikere.<\/p>\n<p>Produksjonen er gjort av Eggum selv i legendariske Rainbow studio sammen med Norges mest anerkjente lydtekniker Jan Erik Kongshaug, kjent over hele verden for sin glassklare lyd, elsket av b\u00e5de musikere og publikum.<\/p>\n<p><!--more--><\/p>\n<p>Jan Eggum gir ut del to, de neste 20 NYE sangene, av mammut-prosjektet Kj\u00e6rlighet &amp; \u00e6rlighet 12.august.<\/p>\n<h4><\/h4>\n<p>Denne nummer to er mer laidback og &quot;mellow&quot; med  vekt p\u00e5 melodi\u00f8sitet,gode fortellinger og virtuos musikalitet.  Eggum har skrevet meget personlige, nesten private  tekster denne gang, innholdsrike men med mye av samme melankolske  tilgjengeligheten som tidligere.<\/p>\n<h4><\/h4>\n<p>Kj\u00e6rlighet &amp; \u00e6rlighet del 2 , 20 spor med visepop   av kjent Jan Eggum-kvalitet , men med mer enn vanlig blues- og jazz-anstr\u00f8k blir akkompagnert av noen av Norges beste ut\u00f8vere, som Paolo Vinaccia , Sverre Indris Joner og Audun Erlien. Og ikke minst: Her medvirker  noen av v\u00e5re mest profilerte musikere, som selv har solide solo-karrierer: Knut Reiersrud, Nils Petter Molv\u00e6r  og Bugge Wesseltoft , ogs\u00e5 i samspill med de aller beste klassiske musikere.<\/p>\n<h4><\/h4>\n<p>Produksjonen er gjort av Eggum selv i legendariske Rainbow studio sammen med Norges mest anerkjente lydtekniker Jan Erik Kongshaug, kjent over hele verden for sin glassklare lyd, elsket av b\u00e5de musikere og publikum.<\/p>\n<p><\/p>","protected":false},"excerpt":{"rendered":"<p>Eggum har skrevet meget personlige, nesten private  tekster denne gang, innholdsrike men med mye av samme melankolske tilgjengeligheten som tidligere.<\/p>\n","protected":false},"featured_media":35735,"comment_status":"closed","ping_status":"open","template":"","meta":[],"product_brand":[],"product_cat":[6],"product_tag":[],"class_list":{"0":"post-35734","1":"product","2":"type-product","3":"status-publish","4":"has-post-thumbnail","6":"product_cat-grappa","7":"product_shipping_class-cddvd-shipping","8":"uni_artist_tag-anders-rensvik","9":"uni_artist_tag-ashild-breie-nyhus","10":"uni_artist_tag-audun-erlien","11":"uni_artist_tag-bendik-foss","12":"uni_artist_tag-bendik-hofseth","13":"uni_artist_tag-bjorn-kjellemyr","14":"uni_artist_tag-brynjar-lilleheim","15":"uni_artist_tag-bugge-wesseltoft","16":"uni_artist_tag-cecilie-due","17":"uni_artist_tag-christian-ranke","18":"uni_artist_tag-eileen-siegel","19":"uni_artist_tag-eilert-egil-taugbol-hasseldal","20":"uni_artist_tag-eivind-buene","21":"uni_artist_tag-fredrik-otterstad","22":"uni_artist_tag-hans-josef-groh","23":"uni_artist_tag-harald-aadland","24":"uni_artist_tag-helge-sunde","25":"uni_artist_tag-ida-margrethe-rinde-sunde","26":"uni_artist_tag-ingvill-hafskjold","27":"uni_artist_tag-jakob-dingstad","28":"uni_artist_tag-jan-eggum","29":"uni_artist_tag-jan-erik-kongshaug","30":"uni_artist_tag-joar-jensen","31":"uni_artist_tag-julie-ofelia-ostrem-ossum","32":"uni_artist_tag-karoline-wallace","33":"uni_artist_tag-knut-reiersrud","34":"uni_artist_tag-kristin-rinde-sunde","35":"uni_artist_tag-lars-erik-gudim","36":"uni_artist_tag-nils-petter-molvaer","37":"uni_artist_tag-oystein-fevang","38":"uni_artist_tag-oyvind-fossheim","39":"uni_artist_tag-paolo-vinaccia","40":"uni_artist_tag-randi-krogvold-lundquist","41":"uni_artist_tag-sigrun-eng","42":"uni_artist_tag-silje-haugan","43":"uni_artist_tag-stig-ove-ose","44":"uni_artist_tag-sverre-indris-joner","45":"uni_artist_tag-torunn-ostrem-ossum","46":"uni_artist_tag-trond-magne-brekka","47":"uni_artist_tag-trude-eick","48":"uni_main_artist_tag-jan-eggum","49":"uni_artist_genre-norwegian","50":"uni_artist_genre-singersongwriter","52":"first","53":"instock","54":"taxable","55":"shipping-taxable","56":"purchasable","57":"product-type-simple"},"_links":{"self":[{"href":"https:\/\/grappa.no\/no\/wp-json\/wp\/v2\/product\/35734","targetHints":{"allow":["GET"]}}],"collection":[{"href":"https:\/\/grappa.no\/no\/wp-json\/wp\/v2\/product"}],"about":[{"href":"https:\/\/grappa.no\/no\/wp-json\/wp\/v2\/types\/product"}],"replies":[{"embeddable":true,"href":"https:\/\/grappa.no\/no\/wp-json\/wp\/v2\/comments?post=35734"}],"wp:featuredmedia":[{"embeddable":true,"href":"https:\/\/grappa.no\/no\/wp-json\/wp\/v2\/media\/35735"}],"wp:attachment":[{"href":"https:\/\/grappa.no\/no\/wp-json\/wp\/v2\/media?parent=35734"}],"wp:term":[{"taxonomy":"product_brand","embeddable":true,"href":"https:\/\/grappa.no\/no\/wp-json\/wp\/v2\/product_brand?post=35734"},{"taxonomy":"product_cat","embeddable":true,"href":"https:\/\/grappa.no\/no\/wp-json\/wp\/v2\/product_cat?post=35734"},{"taxonomy":"product_tag","embeddable":true,"href":"https:\/\/grappa.no\/no\/wp-json\/wp\/v2\/product_tag?post=35734"}],"curies":[{"name":"wp","href":"https:\/\/api.w.org\/{rel}","templated":true}]}}