{"id":357,"date":"2015-10-23T00:00:00","date_gmt":"2015-10-22T23:00:00","guid":{"rendered":"http:\/\/www.grappa.no\/albums\/uncategorized\/haydn-piano-trios-6\/"},"modified":"2019-03-21T11:04:00","modified_gmt":"2019-03-21T10:04:00","slug":"haydn-piano-trios","status":"publish","type":"product","link":"https:\/\/grappa.no\/no\/albums\/simax-classics\/haydn-piano-trios\/","title":{"rendered":"Haydn Piano Trios"},"content":{"rendered":"<p><\/p>\n<p>Grieg Trio med lysende Haydn<\/p>\n<p>Haydns originalitet er overveldende i klavertrioene, som f\u00f8rst og fremst var skrevet for fremf\u00f8relse av komponistens musikalske venner. Alle de tre trioene Haydn skrev i Wien p\u00e5 slutten av 1790-\u00e5rene er laget for fremragende ut\u00f8vere. G-Dur er den mest kjente trioen p\u00e5 denne innspillingen, med finalen som g\u00e5r under navnet &#8216;Sig\u00f8yner-Rondo&#8217;. Haydn \u00e5pner verket med en langsom sats: et sett variasjoner over et friskt og luftig tema som klaveret og fiolinen presenterer sammen. Finalen fortjener utvilsomt sin betydelige popularitet.<\/p>\n<p>Prisbel\u00f8nte Grieg Trio henter fram hver minste nyanse i sine inspirerte fremf\u00f8relser p\u00e5 denne nye utgivelsen. Grieg Trios internasjonale ry er ikke minst basert p\u00e5 en serie innspillinger p\u00e5 SIMAX, Virgin Classics og EMI med verk av Beethoven, Mendelssohn, Schumann, Brahms, Dvorak, Grieg, Tchaikovsky, Smetana og Sjostakovitsj. Men ogs\u00e5 ved sin turn\u00e9virksomhet i store internasjonale fora som Wigmore Hall, Ch\u00e2telet i Paris, Berlin Konzerthaus, Amsterdams Concertgebouw, Sale Verdi i Milano og New Yorks Weill Hall Carnegie Hall.<\/p>\n<p><!--more--><\/p>\n<p>Haydns originalitet er overveldende i klavertrioene, som f\u00f8rst og fremst var skrevet for fremf\u00f8relse av komponistens musikalske venner. Prisbel\u00f8nte Grieg Trio henter fram hver minste nyanse i sine inspirerte fremf\u00f8relser p\u00e5 denne nye utgivelsen.<\/p>\n<h4>Grieg Trio<\/h4>\n<p>Grieg Trios internasjonale ry er ikke minst basert p\u00e5 en serie innspillinger p\u00e5 SIMAX, Virgin Classics og EMI med verk av Beethoven, Mendelssohn, Schumann, Brahms, Dvorak, Grieg, Tchaikovsky, Smetana og Sjostakovitsj. Men ogs\u00e5 ved sin turn\u00e9virksomhet i store internasjonale fora som Wigmore Hall, Ch\u00e2telet i Paris, Berlin Konzerthaus, Amsterdams Concertgebouw, Sale Verdi i Milano og New Yorks Weill Hall Carnegie Hall.<\/p>\n<h4>For fremragende ut\u00f8vere<\/h4>\n<p>Alle de tre trioene Haydn skrev i Wien p\u00e5 slutten av 1790-\u00e5rene er laget for fremragende ut\u00f8vere, men fra pianistens synspunkt er kanskje Trio i C Dur den mest krevende av dem. Trio i Ess-Dur er ogs\u00e5 et sentralt og inspirert verk der spesielt klaveret har f\u00e5tt materiale som er neste virtuost i sin utforming. Fiss-Dur var en toneart som var lite i bruk i det 18. \u00e5rhundre; Haydn selv brukte den bare i \u00e9n av sine over 100 symfonier, nemlig &#8216;Farvel&#8217;-symfonien fra 1772. Pianotrioen i samme toneart er ogs\u00e5 innenfor &#8216;Sturm und Drang&#8217; uttrykket som tonearten ble assosiert med, selv om formatet er noe mindre.<\/p>\n<h4>all&#8217; Ongarese<\/h4>\n<p>G-Dur er den mest kjente trioen p\u00e5 denne innspillingen, mest p\u00e5 grunn av finalen som g\u00e5r under navnet Sig\u00f8yner-Rondo. Haydn \u00e5pner verket med en langsom sats, et sett variasjoner over et friskt og luftig tema som klaveret og fiolinen presenterer sammen. Finalen fortjener utvilsomt sin betydelige popularitet, og inneholder originalt folkemusikkmateriale som kan gjenfinnes i Ungarske samlinger fra samme tid.<\/p>\n<p><\/p>","protected":false},"excerpt":{"rendered":"<p>Prisbel\u00f8nte Grieg Trio henter fram hver minste nyanse i Haydns mesterverk i sine inspirerte fremf\u00f8relser p\u00e5 denne nye utgivelsen.<\/p>\n","protected":false},"featured_media":27656,"comment_status":"closed","ping_status":"open","template":"","meta":[],"product_brand":[],"product_cat":[180],"product_tag":[],"class_list":{"0":"post-357","1":"product","2":"type-product","3":"status-publish","4":"has-post-thumbnail","6":"product_cat-simax-classics","7":"product_shipping_class-cddvd-shipping","8":"uni_artist_tag-grieg-trio","9":"uni_artist_tag-joseph-haydn","10":"uni_artist_tag-krzysztof-drab","11":"uni_main_artist_tag-grieg-trio","12":"uni_artist_genre-chamber-music","14":"first","15":"instock","16":"taxable","17":"shipping-taxable","18":"purchasable","19":"product-type-simple"},"_links":{"self":[{"href":"https:\/\/grappa.no\/no\/wp-json\/wp\/v2\/product\/357","targetHints":{"allow":["GET"]}}],"collection":[{"href":"https:\/\/grappa.no\/no\/wp-json\/wp\/v2\/product"}],"about":[{"href":"https:\/\/grappa.no\/no\/wp-json\/wp\/v2\/types\/product"}],"replies":[{"embeddable":true,"href":"https:\/\/grappa.no\/no\/wp-json\/wp\/v2\/comments?post=357"}],"wp:featuredmedia":[{"embeddable":true,"href":"https:\/\/grappa.no\/no\/wp-json\/wp\/v2\/media\/27656"}],"wp:attachment":[{"href":"https:\/\/grappa.no\/no\/wp-json\/wp\/v2\/media?parent=357"}],"wp:term":[{"taxonomy":"product_brand","embeddable":true,"href":"https:\/\/grappa.no\/no\/wp-json\/wp\/v2\/product_brand?post=357"},{"taxonomy":"product_cat","embeddable":true,"href":"https:\/\/grappa.no\/no\/wp-json\/wp\/v2\/product_cat?post=357"},{"taxonomy":"product_tag","embeddable":true,"href":"https:\/\/grappa.no\/no\/wp-json\/wp\/v2\/product_tag?post=357"}],"curies":[{"name":"wp","href":"https:\/\/api.w.org\/{rel}","templated":true}]}}