{"id":35665,"date":"2018-06-15T00:00:00","date_gmt":"2018-06-14T23:00:00","guid":{"rendered":"https:\/\/www.grappa.no\/no\/albums\/ukategorisert\/trondheim-voices-asle-karstad-rooms-rituals\/"},"modified":"2018-07-18T07:48:43","modified_gmt":"2018-07-18T06:48:43","slug":"trondheim-voices-asle-karstad-rooms-rituals","status":"publish","type":"product","link":"https:\/\/grappa.no\/no\/albums\/grappa\/trondheim-voices-asle-karstad-rooms-rituals\/","title":{"rendered":"Trondheim Voices + Asle Karstad: Rooms &amp; Rituals"},"content":{"rendered":"<p><\/p>\n<p>Nyskapende vokalensemble<\/p>\n<p>\u00abDette vokalensemblet minner lite om kor du tidligere har h\u00f8rt\u00bb skriver forfatter og musikkskribent Richard Williams (The Guardian, Melody Maker) i omslagsteksten til Rooms &amp; Rituals. \u00abDe kan danne bleke skyer av lyd, eller bassenger av gl\u00f8dende lys, eller lyse s\u00f8yler med ren lyd.\u00bb Trondheim Voices henter ut\u00f8vere fra et st\u00f8rre musiker-pool, og teller opp til 10 kvinnelige sangere. De har ufremf\u00f8rt spesialbestilte stykker fra en rekke utmerkede komponister, blant annet Marilyn Mazur, Jon Balke og Christian Wallumr\u00f8d. Trondheim Voices sine konserter er ofte stedspesifikke og de tar i bruk b\u00e5de scenografi og unik teknologi laget spesielt for ensemblet.\u00a0<\/p>\n<p>N\u00e5r ensemblet beveger seg rundt i konsertlokalet, b\u00e6rer sangerne sm\u00e5 tr\u00e5dl\u00f8se bokser med kontrollere som gj\u00f8r at hver enkelt kan endre stemmen sin gjennom manipulering av effekter som romklang, delay, toneh\u00f8yde og looping. Disse boksene heter Maccatrols og er utviklet og designet eksklusivt for ensemblet av lyddesigner Asle Karstad og programmerer Arnvid Lau Karstad. Stemmer er den eneste lydkilden p\u00e5 &quot;Rooms &amp; Rituals&quot;, og alt musikken er improvisert. Trondheim Voices kombinerer de organiske og teknologiske elementene p\u00e5 en mesterlig og nyskapende m\u00e5te.\u00a0Under Moldejazz i juli urfremf\u00f8rer de det nye verket Folklore av Helge Sten og St\u00e5le Storl\u00f8kken, og allerede 16. juni gj\u00f8r de et samarbeid med M\u00fcnchener Kammerorchester i M\u00fcnchen. Deres forrige utgivelse \u00abOn Anodyne\u00bb ble\u00a0Spellemann nominert i Samtidsmusikk i 2017.\u00a0<\/p>\n<p><!--more--><\/p>\n<p>\u00abDette vokalensemblet minner lite om kor du tidligere har h\u00f8rt\u00bb skriver forfatter og musikkskribent Richard Williams (The Guardian, Melody Maker) i omslagsteksten til Rooms &amp; Rituals.<\/p>\n<h4>Maccatrolls<\/h4>\n<p>N\u00e5r ensemblet beveger seg rundt i konsertlokalet, b\u00e6rer sangerne sm\u00e5 tr\u00e5dl\u00f8se bokser med kontrollere som gj\u00f8r at hver enkelt kan endre stemmen sin gjennom manipulering av effekter som romklang, delay, toneh\u00f8yde og looping. Disse boksene heter Maccatrols og er utviklet og designet eksklusivt for ensemblet av lyddesigner Asle Karstad og programmerer Arnvid Lau Karstad. Stemmer er den eneste lydkilden p\u00e5 &quot;Rooms &amp; Rituals&quot;, og alt musikken er improvisert. Trondheim Voices kombinerer de organiske og teknologiske elementene p\u00e5 en mesterlig og nyskapende m\u00e5te.\u00a0<\/p>\n<h4>Nye samarbeid og konserter<\/h4>\n<p>Under Moldejazz i juli urfremf\u00f8rer de det nye verket Folklore av Helge Sten og St\u00e5le Storl\u00f8kken, og allerede 16. juni gj\u00f8r de et samarbeid med M\u00fcnchener Kammerorchester i M\u00fcnchen. Deres forrige utgivelse \u00abOn Anodyne\u00bb ble\u00a0Spellemann nominert i Samtidsmusikk i 2017.\u00a0<\/p>\n<h4><\/h4>\n<\/p>\n<p><\/p>","protected":false},"excerpt":{"rendered":"<p>\u00abDette vokalensemblet minner lite om kor du tidligere har h\u00f8rt\u00bb<\/p>\n","protected":false},"featured_media":35666,"comment_status":"closed","ping_status":"open","template":"","meta":[],"product_brand":[],"product_cat":[6],"product_tag":[],"class_list":{"0":"post-35665","1":"product","2":"type-product","3":"status-publish","4":"has-post-thumbnail","6":"product_cat-grappa","7":"product_shipping_class-cddvd-shipping","8":"uni_artist_tag-asle-karstad","9":"uni_artist_tag-trondheim-voices","10":"uni_main_artist_tag-trondheim-voices","12":"first","13":"instock","14":"taxable","15":"shipping-taxable","16":"purchasable","17":"product-type-simple"},"_links":{"self":[{"href":"https:\/\/grappa.no\/no\/wp-json\/wp\/v2\/product\/35665","targetHints":{"allow":["GET"]}}],"collection":[{"href":"https:\/\/grappa.no\/no\/wp-json\/wp\/v2\/product"}],"about":[{"href":"https:\/\/grappa.no\/no\/wp-json\/wp\/v2\/types\/product"}],"replies":[{"embeddable":true,"href":"https:\/\/grappa.no\/no\/wp-json\/wp\/v2\/comments?post=35665"}],"wp:featuredmedia":[{"embeddable":true,"href":"https:\/\/grappa.no\/no\/wp-json\/wp\/v2\/media\/35666"}],"wp:attachment":[{"href":"https:\/\/grappa.no\/no\/wp-json\/wp\/v2\/media?parent=35665"}],"wp:term":[{"taxonomy":"product_brand","embeddable":true,"href":"https:\/\/grappa.no\/no\/wp-json\/wp\/v2\/product_brand?post=35665"},{"taxonomy":"product_cat","embeddable":true,"href":"https:\/\/grappa.no\/no\/wp-json\/wp\/v2\/product_cat?post=35665"},{"taxonomy":"product_tag","embeddable":true,"href":"https:\/\/grappa.no\/no\/wp-json\/wp\/v2\/product_tag?post=35665"}],"curies":[{"name":"wp","href":"https:\/\/api.w.org\/{rel}","templated":true}]}}