{"id":35652,"date":"2018-06-08T00:00:00","date_gmt":"2018-06-07T23:00:00","guid":{"rendered":"https:\/\/www.grappa.no\/no\/albums\/ukategorisert\/samklang\/"},"modified":"2018-08-14T14:02:39","modified_gmt":"2018-08-14T13:02:39","slug":"samklang","status":"publish","type":"product","link":"https:\/\/grappa.no\/no\/albums\/grappa\/samklang\/","title":{"rendered":"Samklang"},"content":{"rendered":"<p><\/p>\n<p>Duettplate fra Inger Lise Stulien<\/p>\n<p>Sang og tradisjon er sentralt i Inger Lises liv. Hun skaper n\u00e6rhet og kj\u00e6rlighet i sangene ved \u00e5 synge p\u00e5 dialekt og nynorsk, m\u00e5lformen som ligger hennes hjerte n\u00e6rmest. Denne gangen en duettplate der hun har invitert med seg mange duettpartnere fra artist-Norge. Inger Lise skriver de aller fleste tekstene selv, og flere av melodiene. Hun har ogs\u00e5 komponert sammen med sin faste gitarist gjennom 15 \u00e5r, Knut Kjetil M\u00f8en. Det musikalske landskapet til Inger Lise ligger i folkevise-pop-sjangeren, med innslag av country, roots og folkemusikk. Blant duettpartnerne p\u00e5 utgivelsen kan det nevnes: Sondre Bratland, Thom Hell, Trygve Skaug, Olav Stedje, Kirsten Br\u00e5ten Berg, Kim Andre Rysstad, Fjellfolk, Stein Roger Sordal med flere. Far hennes, Arthur Stulien, gj\u00f8r en trekkspillsolo p\u00e5 en sang hun har skrevet som en hyllest til hennes gode barndom. Dette ble hans siste trekkspillsolo som han rakk \u00e5 spille inn like f\u00f8r han d\u00f8de, 91 \u00e5r gammel. Alle de \u00e5tte s\u00f8sknene er med og synger p\u00e5 denne sangen:<br \/>\n\u00abMinnebok\u00bb.<\/p>\n<p><!--more--><\/p>\n<h4>Tekstforfatter og komponist<\/h4>\n<p>Inger Lise skriver de aller fleste tekstene selv, og flere av melodiene. Hun har ogs\u00e5 komponert sammen med sin faste gitarist gjennom 15 \u00e5r, Knut Kjetil M\u00f8en. Det musikalske landskapet til Inger Lise ligger i folkevise-pop-sjangeren, med innslag av country, roots og folkemusikk. Hun lar seg inspirere av \u00e5rstidene. Det kommer tydelig frem i tekstene hun skriver. Flere av tekstene har sitt utspring fra eget levd liv. Mens andre tekster baserer seg p\u00e5 erfaringer som venner og kjente deler med henne, historier fra hverdagen som gir inntrykk. Sangene spenner fra \u00e5 v\u00e6re lettstemte og glade til melankolske, vakre kj\u00e6rlighetssanger. For andre av l\u00e5tene er temaene sorg, savn og vemod. B\u00e5de tekster og melodier har en varm undertone der takknemmelighet og gleden st\u00e5r sentralt. Sangene speiler s\u00e5 vel de gode som de s\u00e5re kontrastene vi kan kjenne p\u00e5 i livet.<\/p>\n<h4>Lang rekke samarbeid<\/h4>\n<p>Blant duettpartnerne p\u00e5 utgivelsen kan det nevnes: Sondre Bratland, Thom Hell, Trygve Skaug, Olav Stedje, Kirsten Br\u00e5ten Berg, Kim Andre Rysstad, Fjellfolk, Stein Roger Sordal med flere. Produksjonen er innspilt i Kongshavn Studio, med Bj\u00f8rn Ole Rasch som produsent. Tidligere har hun ogs\u00e5 turnert med Jan Engervik med viser av Taube og Theodorakis, og gjort en innspilling sammen med Alexander Rybak p\u00e5 fele. Stulien gjorde og en duett sammen med Bobby Bare under Breim countrytreff p\u00e5 hovedscenen der noen \u00e5r tilbake, for \u00e5 nevne noen.<\/p>\n<h4>M\u00e5lblomen<\/h4>\n<p>Inger Lise Stulien er i fra bygda Byremo i Audnedal kommune, Vest Agder fylke, men n\u00e5 bosatt i nedre Setesdal, Aust Agder. Inger Lise har f\u00e5tt \u00abM\u00e5lblomen\u00bb av Noregs M\u00e5llag, for hennes formidling av den nynorske sangkulturen. Sangen har alltid v\u00e6rt en viktig del av hennes liv. F\u00f8rste gang hun sang p\u00e5 S\u00f8rlandssendingen var hun bare fire \u00e5r gammel. Hun er yngst av en s\u00f8skenflokk p\u00e5 \u00e5tte, der faren hennes spilte trekkspill og hun og s\u00f8sknene var med rundt og underholdt med han p\u00e5 ulike tilstelninger opp igjennom barndom og oppvekst. Far hennes, Arthur Stulien, gj\u00f8r en trekkspillsolo p\u00e5 en sang hun har skrevet som en hyllest til hennes gode barndom. Dette ble hans siste trekkspillsolo som han rakk \u00e5 spille inn like f\u00f8r han d\u00f8de, 91 \u00e5r gammel. Alle de \u00e5tte s\u00f8sknene er med og synger p\u00e5 denne sangen:<br \/>\n\u00abMinnebok\u00bb.<\/p>\n<p><\/p>","protected":false},"excerpt":{"rendered":"<p>Sang og tradisjon er sentralt i Inger Lises liv. Hun skaper n\u00e6rhet og kj\u00e6rlighet i sangene ved \u00e5 synge p\u00e5 dialekt og nynorsk, m\u00e5lformen som ligger hennes hjerte n\u00e6rmest. Denne gangen en duettplate der hun har invitert med seg mange duettpartnere fra artist-Norge. Blant duettpartnerne p\u00e5 utgivelsen kan det nevnes: Sondre Bratland, Thom Hell, Trygve Skaug, Olav Stedje, Kirsten Br\u00e5ten Berg, Kim Andre Rysstad, Fjellfolk, Stein Roger Sordal med flere.<\/p>\n","protected":false},"featured_media":35653,"comment_status":"closed","ping_status":"open","template":"","meta":[],"product_brand":[],"product_cat":[6],"product_tag":[],"class_list":{"0":"post-35652","1":"product","2":"type-product","3":"status-publish","4":"has-post-thumbnail","6":"product_cat-grappa","7":"product_shipping_class-cddvd-shipping","8":"uni_artist_tag-annbjorg-lien","9":"uni_artist_tag-arthur-stulien","10":"uni_artist_tag-bjorn-ole-rasch","11":"uni_artist_tag-dag-erik-oksvold","12":"uni_artist_tag-familien-stulien","13":"uni_artist_tag-fjellfolk","14":"uni_artist_tag-fredrik-sahlander","15":"uni_artist_tag-helga-jacobsen","16":"uni_artist_tag-hilde-nordbakken","17":"uni_artist_tag-inger-lise-stulien","18":"uni_artist_tag-jan-engervik","19":"uni_artist_tag-jango-nilsen","20":"uni_artist_tag-kim-andre-rysstad","21":"uni_artist_tag-kirsten-braten-berg","22":"uni_artist_tag-knut-k-moen","23":"uni_artist_tag-martin-wikstol","24":"uni_artist_tag-norwegian-gospel-singers","25":"uni_artist_tag-olav-stedje","26":"uni_artist_tag-oystein-lauen","27":"uni_artist_tag-per-elias-drablos","28":"uni_artist_tag-per-hillestad","29":"uni_artist_tag-rolf-lislevand","30":"uni_artist_tag-sondre-bratland","31":"uni_artist_tag-stein-roger-sordal","32":"uni_artist_tag-thom-hell","33":"uni_artist_tag-tom-jarle-istad-kristiansen","34":"uni_artist_tag-tonje-haugland","35":"uni_artist_tag-trad","36":"uni_artist_tag-trygve-skaug","37":"uni_artist_tag-trym-bjonnes","38":"uni_artist_tag-vidar-bo","39":"uni_main_artist_tag-inger-lise-stulien","40":"uni_artist_genre-folk-music","41":"uni_artist_genre-traditional","43":"first","44":"outofstock","45":"taxable","46":"shipping-taxable","47":"purchasable","48":"product-type-simple"},"_links":{"self":[{"href":"https:\/\/grappa.no\/no\/wp-json\/wp\/v2\/product\/35652","targetHints":{"allow":["GET"]}}],"collection":[{"href":"https:\/\/grappa.no\/no\/wp-json\/wp\/v2\/product"}],"about":[{"href":"https:\/\/grappa.no\/no\/wp-json\/wp\/v2\/types\/product"}],"replies":[{"embeddable":true,"href":"https:\/\/grappa.no\/no\/wp-json\/wp\/v2\/comments?post=35652"}],"wp:featuredmedia":[{"embeddable":true,"href":"https:\/\/grappa.no\/no\/wp-json\/wp\/v2\/media\/35653"}],"wp:attachment":[{"href":"https:\/\/grappa.no\/no\/wp-json\/wp\/v2\/media?parent=35652"}],"wp:term":[{"taxonomy":"product_brand","embeddable":true,"href":"https:\/\/grappa.no\/no\/wp-json\/wp\/v2\/product_brand?post=35652"},{"taxonomy":"product_cat","embeddable":true,"href":"https:\/\/grappa.no\/no\/wp-json\/wp\/v2\/product_cat?post=35652"},{"taxonomy":"product_tag","embeddable":true,"href":"https:\/\/grappa.no\/no\/wp-json\/wp\/v2\/product_tag?post=35652"}],"curies":[{"name":"wp","href":"https:\/\/api.w.org\/{rel}","templated":true}]}}