{"id":35610,"date":"1994-09-05T00:00:00","date_gmt":"1994-09-04T23:00:00","guid":{"rendered":"https:\/\/www.grappa.no\/no\/albums\/ukategorisert\/liver-er-godt-aa-o-vinje\/"},"modified":"2018-06-27T22:18:03","modified_gmt":"2018-06-27T21:18:03","slug":"liver-er-godt-aa-o-vinje","status":"publish","type":"product","link":"https:\/\/grappa.no\/no\/albums\/heilo\/liver-er-godt-aa-o-vinje\/","title":{"rendered":"Liver er godt \u2013 Aa. O. Vinje"},"content":{"rendered":"<p><\/p>\n<p>Livet er godt, med Nordstoga!<\/p>\n<p>P\u00e5 denne platen har s\u00f8nn Aasmund, mor Ellen og far Olav g\u00e5tt sammen om \u00e5 spille inn et utvalg sanger med tekster av Aasmund Olavsson Vinje. De har ogs\u00e5 f\u00e5tt med seg Per Egil Hovland p\u00e5 sj\u00f8fl\u00f8yte p\u00e5 to av sporene. Ellen er folkesanger mens Olav er tekstleser og k\u00e5s\u00f8r. Aasmund har g\u00e5tt i sin mors fotspor og synger b\u00e5de folkemusikk og viser. Her f\u00e5r vi blant annet h\u00f8re han p\u00e5 Ved Rundarne med melodi av Per Egil Hovland samt p\u00e5 flere stykker av Edvard Grieg. En unik samling melodier ispedd tekstlesninger gj\u00f8r dette til en viktig utgivelse for bevare arven etter Vinje.<\/p>\n<p><!--more--><\/p>\n<h4><\/h4>\n<\/p>\n<h4><\/h4>\n<p><h4><\/h4>\n<\/p>\n<p><\/p>","protected":false},"excerpt":{"rendered":"<p>En plate med tekster av Aasmund Olavsson Vinje, innspilt med Aasmund og Ellen Nordstoga p\u00e5 vokal, og far til Aasmund, Olav som tekstleser. P\u00e5 denne utgivelsen er det b\u00e5de folkemusikk, og tekster tonesatt av Edvard Grieg.<\/p>\n","protected":false},"featured_media":35611,"comment_status":"closed","ping_status":"open","template":"","meta":[],"product_brand":[],"product_cat":[35],"product_tag":[],"class_list":{"0":"post-35610","1":"product","2":"type-product","3":"status-publish","4":"has-post-thumbnail","6":"product_cat-heilo","7":"product_shipping_class-cddvd-shipping","8":"uni_artist_tag-aasmund-nordstoga","9":"uni_artist_tag-ann-cathrin-tessnes","10":"uni_artist_tag-anne-haavi","11":"uni_artist_tag-edvard-grieg","12":"uni_artist_tag-ellen-nordstoga","13":"uni_artist_tag-ivar-prestkvern","14":"uni_artist_tag-knut-brotnow","15":"uni_artist_tag-ludvig-lindemann","16":"uni_artist_tag-morten-lindberg","17":"uni_artist_tag-ola-e-boe","18":"uni_artist_tag-olav-nordstoga","19":"uni_artist_tag-per-egil-hovland","20":"uni_artist_tag-trad","21":"uni_artist_genre-folk-music","22":"uni_artist_genre-traditional","24":"first","25":"instock","26":"taxable","27":"shipping-taxable","28":"purchasable","29":"product-type-simple"},"_links":{"self":[{"href":"https:\/\/grappa.no\/no\/wp-json\/wp\/v2\/product\/35610","targetHints":{"allow":["GET"]}}],"collection":[{"href":"https:\/\/grappa.no\/no\/wp-json\/wp\/v2\/product"}],"about":[{"href":"https:\/\/grappa.no\/no\/wp-json\/wp\/v2\/types\/product"}],"replies":[{"embeddable":true,"href":"https:\/\/grappa.no\/no\/wp-json\/wp\/v2\/comments?post=35610"}],"wp:featuredmedia":[{"embeddable":true,"href":"https:\/\/grappa.no\/no\/wp-json\/wp\/v2\/media\/35611"}],"wp:attachment":[{"href":"https:\/\/grappa.no\/no\/wp-json\/wp\/v2\/media?parent=35610"}],"wp:term":[{"taxonomy":"product_brand","embeddable":true,"href":"https:\/\/grappa.no\/no\/wp-json\/wp\/v2\/product_brand?post=35610"},{"taxonomy":"product_cat","embeddable":true,"href":"https:\/\/grappa.no\/no\/wp-json\/wp\/v2\/product_cat?post=35610"},{"taxonomy":"product_tag","embeddable":true,"href":"https:\/\/grappa.no\/no\/wp-json\/wp\/v2\/product_tag?post=35610"}],"curies":[{"name":"wp","href":"https:\/\/api.w.org\/{rel}","templated":true}]}}