{"id":356,"date":"2014-05-23T00:00:00","date_gmt":"2014-05-22T23:00:00","guid":{"rendered":"http:\/\/www.grappa.no\/albums\/uncategorized\/guro-kleven-hagen-bruch-1st-and-prokofiev-2nd-violin-concertos-3\/"},"modified":"2019-02-22T15:46:20","modified_gmt":"2019-02-22T14:46:20","slug":"guro-kleven-hagen-bruch-1st-and-prokofiev-2nd-violin-concertos","status":"publish","type":"product","link":"https:\/\/grappa.no\/no\/albums\/simax-classics\/guro-kleven-hagen-bruch-1st-and-prokofiev-2nd-violin-concertos\/","title":{"rendered":"Guro Kleven Hagen \u2013 Bruch 1st and Prokofiev 2nd Violin Concertos"},"content":{"rendered":"<p><\/p>\n<p>\u00c5rets solist-debut p\u00e5 CD?<\/p>\n<p>Guro Kleven Hagen er en reflektert og intuitiv kunstner, sine unge \u00e5r til tross. Som solist med Oslo Filharmoniske Orkester vekker hun stor begeistring b\u00e5de hos kritikere, publikum og orkesterets musikere. Det er pilarer i fiolinlitteraturen p\u00e5 programmet for hennes debututgivelse. Max Bruchs fiolinkonsert er den mest kjente \u2013 solisten gj\u00f8r sin entr\u00e9 med en lang, \u00e5pen G, fiolinens dypeste tone. Guro fanger lytteren med \u00e9n gang, og binder videre sammen b\u00e5de de lange linjene og de halsbrekkende virtuose passasjene i konserten. Prokofievs konsert nr. 2 er kanskje mindre kjent, men st\u00e5r Guros hjerte veldig n\u00e6rt. H\u00f8r for eksempel hvordan hun l\u00f8fter frem musikken i den betagende vakre 2. satsen gjennom sin lysende, varme tone. Guro Kleven Hagen er f\u00f8dt i 1994 p\u00e5 Fagernes i Valdres. Hun har spilt fiolin siden hun var 6 \u00e5r og er n\u00e5 s\u00e5 heldig \u00e5\u00a0spille p\u00e5 et nydelig instrument med en spesiell forhistorie. Hennes C. Bergonzi var tidligere mesterfiolinisten Fritz Kreislers instrument i en \u00e5rrekke og p\u00e5 mange innspillinger.\u00a0Fiolinen eies av Dextra Musica.<\/p>\n<p><!--more--><\/p>\n<p>19-\u00e5rig fiolinist gj\u00f8r sin debutinnspilling med kjente fiolinkonserter p\u00e5 programmet. Hun har Norges fremste orkester med seg. Hun heter Guro Kleven Hagen.<\/p>\n<h4>Store fiolinkonserter<\/h4>\n<p>Det er pilarer i fiolinlitteraturen p\u00e5 programmet for denne utgivelsen. Max Bruchs fiolinkonsert er den mest kjente \u2013 solisten gj\u00f8r sin entr\u00e9 med en lang, \u00e5pen G, fiolinens dypeste tone. \u00c5pningen er legendarisk: her er det ingen ting \u00e5 gjemme seg bak, bare et buestr\u00f8k p\u00e5 en \u00e5pen streng. Guro fanger lytteren med \u00e9n gang, og binder videre sammen b\u00e5de de lange linjene og de halsbrekkende virtuose passasjene i konserten. Prokofievs konsert nr. 2 er kanskje mindre kjent, men st\u00e5r Guros hjerte veldig n\u00e6rt. H\u00f8r for eksempel hvordan hun l\u00f8fter frem musikken i den betagende vakre 2. satsen gjennom sin lysende, varme tone.<\/p>\n<h4>Guro med Kreislers fiolin<\/h4>\n<p>Guro Kleven Hagen er f\u00f8dt i 1994 i Fagernes, Valdres. Hun har spilt fiolin siden hun var 6 og begynte som elev ved Barratt Dues Musikkinstitutt da hun var bare 8 \u00e5r gammel. Hun debuterte med Oslo Filharmoniske Orkester under ledelse av Jukka-Pekka Saraste i 2010\/11-sesongen, og ble umiddelbart re-engasjert til dra p\u00e5 turn\u00e9 med orkesteret i 2011\/12-sesongen. Guro har vunnet en rekke priser i nasjonale og internasjonale solistkonkurranser. I 2008 ble hun k\u00e5ret til \u00ab\u00c5rets musiker\u00bb under Ungdommens Musikkmesterskap, og i 2010 fikk hun andrepris i Eurovisjonens konkurranse for unge musikere i Wien. Hun har i tillegg vunnet Prinz-von-Hessen-Preis i Kronberg (Tyskland), NRKs solistkonkurranse \u00abVirtuos\u00bb, \u00abDen norske solistpris\u00bb, Statoils klassiske musikkstipend, og ble i 2010 tidenes f\u00f8rste norske prisvinner i den internasjonale Menuhin-konkurransen. For tiden studerer hun ved Hanns Eisler Hochschule f\u00fcr Musik i Berlin. Guro er s\u00e5 heldig \u00e5\u00a0spille p\u00e5 et nydelig instrument med en spesiell historie. Hennes C. Bergonzi var tidligere mesterfiolinisten Fritz Kreislers instrument i en \u00e5rrekke og p\u00e5 mange innspillinger.\u00a0Fiolinen eies av Dextra Musica.<\/p>\n<h4>Deler erfaring med sine medstudenter<\/h4>\n<p>Det er ingen hemmelighet at det et sv\u00e6rt h\u00f8yt niv\u00e5 hos unge musikere i Norge anno 2014. Det handler om et godt oppbygget undervisningsopplegg flere steder, ikke minst i regi av Barratt Due Musikkinstitutt. Men vi skal ogs\u00e5 legge merke til at den nye generasjonen mer enn gjerne deler av sin erfaring med sine medstudenter: Under redigeringsarbeidet med denne platen inviterte Guro, i samarbeid med Dextra Musica, studenter p\u00e5 Barratt Due til en times \u00abunderveis-session\u00bb: en detaljert og \u00e5pen situasjonsrapport med lytteeksempler, tanker og diskusjon.<\/p>\n<p><\/p>","protected":false},"excerpt":{"rendered":"<p>Gjennom snart 40 \u00e5r har Simax Classics aldri gitt ut en debutplate med fiolinsolist og symfoniorkester &#8211; vi har nok ventet p\u00e5 Guro.<\/p>\n","protected":false},"featured_media":27653,"comment_status":"closed","ping_status":"open","template":"","meta":[],"product_brand":[],"product_cat":[180],"product_tag":[],"class_list":{"0":"post-356","1":"product","2":"type-product","3":"status-publish","4":"has-post-thumbnail","6":"product_cat-simax-classics","7":"product_shipping_class-cddvd-shipping","8":"uni_artist_tag-bjarte-engeset","9":"uni_artist_tag-guro-kleven-hagen","10":"uni_artist_tag-jorn-pedersen","11":"uni_artist_tag-max-bruch","12":"uni_artist_tag-oslo-philharmonic-orchestra","13":"uni_artist_tag-sergei-prokofiev","14":"uni_main_artist_tag-guro-kleven-hagen","15":"uni_artist_genre-concerto","16":"uni_artist_genre-strings","17":"uni_artist_genre-young-norwegian","19":"first","20":"instock","21":"taxable","22":"shipping-taxable","23":"purchasable","24":"product-type-simple"},"_links":{"self":[{"href":"https:\/\/grappa.no\/no\/wp-json\/wp\/v2\/product\/356","targetHints":{"allow":["GET"]}}],"collection":[{"href":"https:\/\/grappa.no\/no\/wp-json\/wp\/v2\/product"}],"about":[{"href":"https:\/\/grappa.no\/no\/wp-json\/wp\/v2\/types\/product"}],"replies":[{"embeddable":true,"href":"https:\/\/grappa.no\/no\/wp-json\/wp\/v2\/comments?post=356"}],"wp:featuredmedia":[{"embeddable":true,"href":"https:\/\/grappa.no\/no\/wp-json\/wp\/v2\/media\/27653"}],"wp:attachment":[{"href":"https:\/\/grappa.no\/no\/wp-json\/wp\/v2\/media?parent=356"}],"wp:term":[{"taxonomy":"product_brand","embeddable":true,"href":"https:\/\/grappa.no\/no\/wp-json\/wp\/v2\/product_brand?post=356"},{"taxonomy":"product_cat","embeddable":true,"href":"https:\/\/grappa.no\/no\/wp-json\/wp\/v2\/product_cat?post=356"},{"taxonomy":"product_tag","embeddable":true,"href":"https:\/\/grappa.no\/no\/wp-json\/wp\/v2\/product_tag?post=356"}],"curies":[{"name":"wp","href":"https:\/\/api.w.org\/{rel}","templated":true}]}}