{"id":35590,"date":"2018-05-25T00:00:00","date_gmt":"2018-05-24T23:00:00","guid":{"rendered":"https:\/\/www.grappa.no\/no\/albums\/ukategorisert\/ask-carol\/"},"modified":"2018-07-18T07:48:40","modified_gmt":"2018-07-18T06:48:40","slug":"ask-carol","status":"publish","type":"product","link":"https:\/\/grappa.no\/no\/albums\/grappa\/ask-carol\/","title":{"rendered":"ASK CAROL"},"content":{"rendered":"<p><\/p>\n<p>Ask Carol slipper sin debut-EP!<\/p>\n<p>Ikke alle norske band\u00a0blir invitert til SXSW to \u00e5r p\u00e5 rad. Ei er det heller mange som klarer \u00e5 booke turn\u00e9er i Japan, S\u00f8r-Korea og Filippinene med f\u00e5 eller ingen utgivelser i katalogen sin. Dette er imidlertid bragder som Ask Thors\u00f8nn Borgen fra Trondheim og Karoline Str\u00f8mshoved fra Tynset har klart &#8211; sammen.\u00a0F\u00f8r de begir seg ut p\u00e5 veien igjen er det duket for en ny milep\u00e6l for Ask Carol, n\u00e5r de fredag 25. mai endelig slipper debut-EPen.<\/p>\n<p>Den selvtitulerte EP-en inneholder fem l\u00e5ter, deriblant f\u00f8rstesingelen &quot;Gonna Do It&quot; som gikk til topps i Norge og Tyskland p\u00e5 Spotifys virale lister. Disse l\u00e5tene er en blanding av grom rock med mye attitude, og folkete dr\u00f8mmende pop med bred appell, slik som p\u00e5 l\u00e5ta &quot;Caught Up In A Race&quot;.<\/p>\n<p><!--more--><\/p>\n<p>Ask Carol slipper sin debut-EP!<\/p>\n<h4><\/h4>\n<\/p>\n<h4><\/h4>\n<p><h4><\/h4>\n<\/p>\n<p><\/p>","protected":false},"excerpt":{"rendered":"<p>Ikke alle norske band\u00a0blir invitert til SXSW to \u00e5r p\u00e5 rad. Ei er det heller mange som klarer \u00e5 booke turn\u00e9er i Japan, S\u00f8r-Korea og Filippinene med f\u00e5 eller ingen utgivelser i katalogen sin. F\u00f8r de begir seg ut p\u00e5 veien igjen er det duket for en ny milep\u00e6l for Ask Carol, n\u00e5r de fredag 25. mai endelig slipper debut-EPen.<\/p>\n","protected":false},"featured_media":35591,"comment_status":"closed","ping_status":"open","template":"","meta":[],"product_brand":[],"product_cat":[6],"product_tag":[],"class_list":{"0":"post-35590","1":"product","2":"type-product","3":"status-publish","4":"has-post-thumbnail","6":"product_cat-grappa","7":"product_shipping_class-cddvd-shipping","8":"uni_artist_tag-are-sorknes","9":"uni_artist_tag-ask-carol","10":"uni_artist_tag-ask-thorsonn-borgen","11":"uni_artist_tag-eivind-helgerod","12":"uni_artist_tag-henrik-sorebo","13":"uni_artist_tag-karoline-stromshoved","14":"uni_artist_tag-klaas-snoek","15":"uni_artist_tag-lars-isachsen-jemterud","16":"uni_artist_tag-sigve-bull","17":"uni_artist_tag-tobias-froberg","18":"uni_main_artist_tag-ask-carol","19":"uni_artist_genre-pop","20":"uni_artist_genre-rock","22":"first","23":"instock","24":"taxable","25":"shipping-taxable","26":"purchasable","27":"product-type-simple"},"_links":{"self":[{"href":"https:\/\/grappa.no\/no\/wp-json\/wp\/v2\/product\/35590","targetHints":{"allow":["GET"]}}],"collection":[{"href":"https:\/\/grappa.no\/no\/wp-json\/wp\/v2\/product"}],"about":[{"href":"https:\/\/grappa.no\/no\/wp-json\/wp\/v2\/types\/product"}],"replies":[{"embeddable":true,"href":"https:\/\/grappa.no\/no\/wp-json\/wp\/v2\/comments?post=35590"}],"wp:featuredmedia":[{"embeddable":true,"href":"https:\/\/grappa.no\/no\/wp-json\/wp\/v2\/media\/35591"}],"wp:attachment":[{"href":"https:\/\/grappa.no\/no\/wp-json\/wp\/v2\/media?parent=35590"}],"wp:term":[{"taxonomy":"product_brand","embeddable":true,"href":"https:\/\/grappa.no\/no\/wp-json\/wp\/v2\/product_brand?post=35590"},{"taxonomy":"product_cat","embeddable":true,"href":"https:\/\/grappa.no\/no\/wp-json\/wp\/v2\/product_cat?post=35590"},{"taxonomy":"product_tag","embeddable":true,"href":"https:\/\/grappa.no\/no\/wp-json\/wp\/v2\/product_tag?post=35590"}],"curies":[{"name":"wp","href":"https:\/\/api.w.org\/{rel}","templated":true}]}}