{"id":35575,"date":"2018-06-01T00:00:00","date_gmt":"2018-05-31T23:00:00","guid":{"rendered":"https:\/\/www.grappa.no\/no\/albums\/ukategorisert\/glimt\/"},"modified":"2019-04-01T05:49:45","modified_gmt":"2019-04-01T04:49:45","slug":"glimt","status":"publish","type":"product","link":"https:\/\/grappa.no\/no\/albums\/heilo\/glimt\/","title":{"rendered":"Glimt"},"content":{"rendered":"<p><\/p>\n<p>Sl\u00e5ttejazz gir ut ny plate: GLIMT. <\/p>\n<p>Helene H\u00f8ye, fele og Ole Sigvard Lunnan, flygel, har gleden av \u00e5 presentere et nytt repertoar i innspilling. Sl\u00e5ttejazz er deres lek med tradisjon og skaperglede, fele og klaver, folkemusikk som streifer jazzen. Deres f\u00f8rste album kom i 2011 og der i fra fortsatte ferden, litt utenfor allfarvei og oppg\u00e5tte stier, men aldri uten glimt av det kjente og kj\u00e6re, av glimrende folk, steder og tradisjon.<\/p>\n<p><!--more--><\/p>\n<p>Sl\u00e5ttejazz: Helene H\u00f8ye \u2013 Ole Sigvard Lunnan<br \/>\nDuoen Sl\u00e5ttejazz er Helene H\u00f8ye p\u00e5 fele og Ole Sigvard Lunnan p\u00e5 flygel. Sl\u00e5ttejazz er deres lek med tradisjon og skaperglede, fele og klaver, folkemusikk som streifer jazzen.<\/p>\n<h4>Sl\u00e5ttejazz gir ut ny plate: GLIMT<\/h4>\n<p>13 sl\u00e5tter, musikalske bilder og historier, om natur og mennesker er med p\u00e5 innspillingen. 11 av sl\u00e5ttene har de\u00a0komponert selv, to er gamle sl\u00e5tter fra Gudbrandsdalen. Det\u00a0f\u00f8rste albumet \u00abSl\u00e5ttehjerte\u00bb kom ut i 2011 p\u00e5 Heilo Grappa, og fikk mye god omtale. Dermed fortsatte ferden for duoen, litt utenfor allfarvei og oppg\u00e5tte stier, men aldri uten glimt av det kjente og kj\u00e6re, av glimrende folk og steder.\u00a0<\/p>\n<h4>Landskappleik<\/h4>\n<p>Helene har omfattende virksomhet bak seg i folkemusikken, fra Landskappleik, i store og sm\u00e5 formater og med Rikskonsertene. Opprinnelig gudbrandsd\u00f8l, bosatt p\u00e5 Nesodden.\u00a0Ole Sigvard har bakgrunn fra flere jazzband og ensembler, er opprinnelig tr\u00f8nder bosatt p\u00e5 Kolbotn.\u00a0<br \/>\n\u00a0<br \/>\nPlateutgivelsen feires med slippkonsert s\u00f8ndag 3. juni i Kolben Kulturhus p\u00e5 Kolbotn.<\/p>\n<h4><\/h4>\n<\/p>\n<p><\/p>","protected":false},"excerpt":{"rendered":"<p>Helene H\u00f8ye, fele og Ole Sigvard Lunnan, flygel, har gleden av \u00e5 presentere et nytt repertoar i innspilling. Sl\u00e5ttejazz er deres lek med tradisjon og skaperglede, fele og klaver, folkemusikk som streifer jazzen.<\/p>\n","protected":false},"featured_media":35576,"comment_status":"closed","ping_status":"open","template":"","meta":[],"product_brand":[],"product_cat":[35],"product_tag":[],"class_list":{"0":"post-35575","1":"product","2":"type-product","3":"status-publish","4":"has-post-thumbnail","6":"product_cat-heilo","7":"product_shipping_class-cddvd-shipping","8":"uni_artist_tag-helene-hoye","9":"uni_artist_tag-ole-sigvard-lunnan","10":"uni_artist_tag-slattejazz","11":"uni_artist_tag-trad","12":"uni_artist_genre-traditional","14":"first","15":"instock","16":"taxable","17":"shipping-taxable","18":"purchasable","19":"product-type-simple"},"_links":{"self":[{"href":"https:\/\/grappa.no\/no\/wp-json\/wp\/v2\/product\/35575","targetHints":{"allow":["GET"]}}],"collection":[{"href":"https:\/\/grappa.no\/no\/wp-json\/wp\/v2\/product"}],"about":[{"href":"https:\/\/grappa.no\/no\/wp-json\/wp\/v2\/types\/product"}],"replies":[{"embeddable":true,"href":"https:\/\/grappa.no\/no\/wp-json\/wp\/v2\/comments?post=35575"}],"wp:featuredmedia":[{"embeddable":true,"href":"https:\/\/grappa.no\/no\/wp-json\/wp\/v2\/media\/35576"}],"wp:attachment":[{"href":"https:\/\/grappa.no\/no\/wp-json\/wp\/v2\/media?parent=35575"}],"wp:term":[{"taxonomy":"product_brand","embeddable":true,"href":"https:\/\/grappa.no\/no\/wp-json\/wp\/v2\/product_brand?post=35575"},{"taxonomy":"product_cat","embeddable":true,"href":"https:\/\/grappa.no\/no\/wp-json\/wp\/v2\/product_cat?post=35575"},{"taxonomy":"product_tag","embeddable":true,"href":"https:\/\/grappa.no\/no\/wp-json\/wp\/v2\/product_tag?post=35575"}],"curies":[{"name":"wp","href":"https:\/\/api.w.org\/{rel}","templated":true}]}}