{"id":35561,"date":"2018-05-25T00:00:00","date_gmt":"2018-05-24T23:00:00","guid":{"rendered":"https:\/\/www.grappa.no\/no\/albums\/ukategorisert\/hilde-marie-holsen-lazuli\/"},"modified":"2020-08-21T09:16:46","modified_gmt":"2020-08-21T08:16:46","slug":"lazuli","status":"publish","type":"product","link":"https:\/\/grappa.no\/no\/albums\/hubro\/lazuli\/","title":{"rendered":"Lazuli"},"content":{"rendered":"<p><\/p>\n<p>Fullkommen albumdebut.  Trompetisten Hilde Marie Holsen f\u00f8lger opp det kritikerroste mini-albumet \u00abAsk\u00bb med m\u00f8rke og mystiske \u00abLazuli\u00bb &#8211; en suite av fire komposisjoner inspirert av visuell kunst.  Hilde Marie Holsens \u00abLazuli\u00bb er nesten sjokkerende fullkomment. \u00abLazuli\u00bb er som en intens dialog mellom komposisjon og improvisasjon, hvor samspillet mellom lyd og musikk er eksperimentell og ofte utfordrende. Likevel oppleves musikken som gjennomf\u00f8rt og fullendt, n\u00e6rmest skjebnebestemt. Og resultatet er p\u00e5 mange m\u00e5ter monumentalt. Det \u00e5 skulle endre ett element er utenkelig.  \u00abAlle elektroniske lyder p\u00e5 albumet er live og prosessert trompet, som de var p\u00e5 mini-albumet \u00abAsk\u00bb\u00bb, forteller Holsen. \u00abEtter \u00abAsk\u00bb har jeg blant annet utforsket akustisk trompet og nye m\u00e5ter \u00e5 spille p\u00e5, b\u00e5de konvensjonelle og ukonvensjonelle, og pr\u00f8vd \u00e5 finne ulike klanger som ogs\u00e5 kan gi det elektroniske lydbildet en st\u00f8rre sonisk bredde. Musikken p\u00e5 \u00abLazuli\u00bb startet som en improvisasjon, hvor jeg i etterkant har gjort sm\u00e5 justeringer p\u00e5 sporene. \u00abLazuli\u00bb springer ut fra et samarbeid med maleren Tyra Fure Brands\u00e6ter. Vi har brukt tid p\u00e5 \u00e5 jobbe sammen, og brukt hverandres uttrykk som inspirasjon for egen kunst. Titlene p\u00e5 albumet er en hyllest til samarbeidet; de er alle forskjellige type mineraler som har blitt brukt som fargepigmenter i maling.\u00bb  Det er tallrike eksempler p\u00e5 en instrument-og-elektronikk-tiln\u00e6rming i improvisert og eksperimentell musikk, selv med trompet og elektronikk. Terry Rileys tape-manipulasjoner med Chet Baker i \u00abMusic for the Gift\u00bb i Paris i 1963. Eksperimentene til st\u00f8rrelser som Jon Hassel, Mark Isham og Graham Haynes, og bl.a. Nils Petter Molv\u00e6r og Arve Henriksen her p\u00e5 berget. Men ingen har g\u00e5tt s\u00e5 langt som Hilde Marie Holsen i \u00e5 lage lydlandskaper, til og med st\u00f8y, og gj\u00f8re st\u00f8yen til en likeverdig partner til musikken. Med trompeten legges premissene for b\u00e5de formen og innholdet, og resultatet er s\u00f8ml\u00f8st. I albumets siste spor, tittelsporet \u00abLazuli\u00bb, h\u00f8rer du hvor langt Hilde Marie Holsen kan g\u00e5.   Konserter: 24.05 Kaf\u00e9 H\u00e6rverk, Oslo 07.06 \u00d8stre, Bergen 09.06 Lauget Kaffi og Kultur, Sandane<\/p>\n<p><!--more--><\/p>\n<p>Trompetisten Hilde Marie Holsen f\u00f8lger opp det kritikerroste mini-albumet \u00abAsk\u00bb med m\u00f8rke og mystiske \u00abLazuli\u00bb &#8211; en suite av fire komposisjoner inspirert av visuell kunst.<\/p>\n<h4>Fargepigmenter<\/h4>\n<p>\u00abAlle elektroniske lyder p\u00e5 albumet er live og prosessert trompet, som de var p\u00e5 mini-albumet \u00abAsk\u00bb\u00bb, forteller Holsen. \u00abEtter \u00abAsk\u00bb har jeg blant annet utforsket akustisk trompet og nye m\u00e5ter \u00e5 spille p\u00e5, b\u00e5de konvensjonelle og ukonvensjonelle, og pr\u00f8vd \u00e5 finne ulike klanger som ogs\u00e5 kan gi det elektroniske lydbildet en st\u00f8rre sonisk bredde. Musikken p\u00e5 \u00abLazuli\u00bb startet som en improvisasjon, hvor jeg i etterkant har gjort sm\u00e5 justeringer p\u00e5 sporene. \u00abLazuli\u00bb springer ut fra et samarbeid med maleren Tyra Fure Brands\u00e6ter. Vi har brukt tid p\u00e5 \u00e5 jobbe sammen, og brukt hverandres uttrykk som inspirasjon for egen kunst. Titlene p\u00e5 albumet er en hyllest til samarbeidet; de er alle forskjellige type mineraler som har blitt brukt som fargepigmenter i maling.\u00bb  \u00abElementer\u00bb er viktig for Hilde Marie Holsens implisitte tematikk p\u00e5 \u00abLazuli\u00bb &#8211; de kjemiske mineralene som brukes til \u00e5 lage pigmenter i maling, og id\u00e9en om \u00e5 male med lyd. Holsen er en alkymist; hennes arbeidsmetode er en kontinuerlig prosess der kunsten til slutt avdekker seg selv. Hun bruker lydene fra trompeten som grunnstoff, i kombinasjon med pust og elektronikk, og omformer dem til gull.  kkoet fra en tamboura-drone. De ambiente lydene utl\u00f8ses av trompeten gjennom ulike elektroniske plug-ins, eller av nye m\u00e5ter \u00e5 spille trompet p\u00e5; fra bl\u00e5sing til et mer perkussivt spill.   Det er tallrike eksempler p\u00e5 en instrument-og-elektronikk-tiln\u00e6rming i improvisert og eksperimentell musikk, selv med trompet og elektronikk. Terry Rileys tape-manipulasjoner med Chet Baker i \u00abMusic for the Gift\u00bb i Paris i 1963. Eksperimentene til st\u00f8rrelser som Jon Hassel, Mark Isham og Graham Haynes, og bl.a. Parallellen til visuell kunst er tydelig i m\u00e5ten Hilde Marie Holsen har utviklet de fire stykkene som utgj\u00f8r \u00abLazuli\u00bb; &#8216;Orpiment&#8217;, &#8216;Eskolaite&#8217;,&#8217;Lapis&#8217; og &#8216;Lazuli&#8217;. Lag p\u00e5 lag med lyd legges p\u00e5 \u00abmaleriet\u00bb, og skaper et tykt impasto av detaljer og teksturer. Det siste sporets klarhet og umiddelbarhet oppleves s\u00e5 ekte og tredimensjonal at man nesten f\u00f8ler man kan ta p\u00e5 det.   Konserter: 24.05 Kaf\u00e9 H\u00e6rverk, Oslo 07.06 \u00d8stre, Bergen 09.06 Lauget Kaffi og Kultur, Sandane<\/p>\n<h4>Trompet og elektronikk<\/h4>\n<p>Det er tallrike eksempler p\u00e5 en instrument-og-elektronikk-tiln\u00e6rming i improvisert og eksperimentell musikk, selv med trompet og elektronikk. Terry Rileys tape-manipulasjoner med Chet Baker i \u00abMusic for the Gift\u00bb i Paris i 1963. Eksperimentene til st\u00f8rrelser som Jon Hassel, Mark Isham og Graham Haynes, og bl.a. Nils Petter Molv\u00e6r og Arve Henriksen her p\u00e5 berget. Men ingen har g\u00e5tt s\u00e5 langt som Hilde Marie Holsen i \u00e5 lage lydlandskaper, til og med st\u00f8y, og gj\u00f8re st\u00f8yen til en likeverdig partner til musikken. Med trompeten legges premissene for b\u00e5de formen og innholdet, og resultatet er s\u00f8ml\u00f8st. I albumets siste spor, tittelsporet \u00abLazuli\u00bb, h\u00f8rer du hvor langt Hilde Marie Holsen kan g\u00e5.<\/p>\n<h4>Konserter<\/h4>\n<p>24.05 Kaf\u00e9 H\u00e6rverk, Oslo 07.06 \u00d8stre, Bergen 09.06 Lauget Kaffi og Kultur, Sandane<\/p>\n<p><\/p>","protected":false},"excerpt":{"rendered":"<p>Hilde Marie Holsens \u00abLazuli\u00bb er nesten sjokkerende fullkomment.<\/p>\n","protected":false},"featured_media":35564,"comment_status":"closed","ping_status":"open","template":"","meta":[],"product_brand":[],"product_cat":[36],"product_tag":[],"class_list":{"0":"post-35561","1":"product","2":"type-product","3":"status-publish","4":"has-post-thumbnail","6":"product_cat-hubro","7":"product_shipping_class-cddvd-shipping","8":"uni_artist_tag-hilde-marie-holsen","9":"uni_artist_tag-maja-s-k-ratkje","10":"uni_main_artist_tag-hilde-marie-holsen","11":"uni_artist_genre-electronic","12":"uni_artist_genre-improvised-music","14":"first","15":"instock","16":"taxable","17":"shipping-taxable","18":"purchasable","19":"product-type-variable","20":"has-default-attributes"},"_links":{"self":[{"href":"https:\/\/grappa.no\/no\/wp-json\/wp\/v2\/product\/35561","targetHints":{"allow":["GET"]}}],"collection":[{"href":"https:\/\/grappa.no\/no\/wp-json\/wp\/v2\/product"}],"about":[{"href":"https:\/\/grappa.no\/no\/wp-json\/wp\/v2\/types\/product"}],"replies":[{"embeddable":true,"href":"https:\/\/grappa.no\/no\/wp-json\/wp\/v2\/comments?post=35561"}],"wp:featuredmedia":[{"embeddable":true,"href":"https:\/\/grappa.no\/no\/wp-json\/wp\/v2\/media\/35564"}],"wp:attachment":[{"href":"https:\/\/grappa.no\/no\/wp-json\/wp\/v2\/media?parent=35561"}],"wp:term":[{"taxonomy":"product_brand","embeddable":true,"href":"https:\/\/grappa.no\/no\/wp-json\/wp\/v2\/product_brand?post=35561"},{"taxonomy":"product_cat","embeddable":true,"href":"https:\/\/grappa.no\/no\/wp-json\/wp\/v2\/product_cat?post=35561"},{"taxonomy":"product_tag","embeddable":true,"href":"https:\/\/grappa.no\/no\/wp-json\/wp\/v2\/product_tag?post=35561"}],"curies":[{"name":"wp","href":"https:\/\/api.w.org\/{rel}","templated":true}]}}