{"id":35527,"date":"1996-07-18T00:00:00","date_gmt":"1996-07-17T23:00:00","guid":{"rendered":"https:\/\/www.grappa.no\/no\/albums\/ukategorisert\/storbrekkingen\/"},"modified":"2018-07-30T08:33:23","modified_gmt":"2018-07-30T07:33:23","slug":"storbrekkingen","status":"publish","type":"product","link":"https:\/\/grappa.no\/no\/albums\/heilo\/storbrekkingen\/","title":{"rendered":"Storbrekkingen"},"content":{"rendered":"<p><\/p>\n<p>StorBrekkingen.<\/p>\n<p>Brekken Spellemannslag henter repertoar fra Ferangen og Tamneset\/Aursuden. P\u00e5 denne platen f\u00e5r vi h\u00f8re solospill, gruppespill og lagspill med og uten komp.<\/p>\n<p><!--more--><\/p>\n<h4><\/h4>\n<\/p>\n<h4><\/h4>\n<p><h4><\/h4>\n<\/p>\n<p><\/p>","protected":false},"excerpt":{"rendered":"<p>Brekken Spellemannslag henter repertoar fra Ferangen og Tamneset\/Aursuden. P\u00e5 denne platen f\u00e5r vi h\u00f8re solospill, gruppespill og lagspill med og uten komp.<\/p>\n","protected":false},"featured_media":35529,"comment_status":"closed","ping_status":"open","template":"","meta":[],"product_brand":[],"product_cat":[35],"product_tag":[],"class_list":{"0":"post-35527","1":"product","2":"type-product","3":"status-publish","4":"has-post-thumbnail","6":"product_cat-heilo","7":"product_shipping_class-cddvd-shipping","8":"uni_artist_tag-bjorn-aksdal","9":"uni_artist_tag-brekken-spellmannslag","10":"uni_artist_tag-trad","11":"uni_artist_genre-traditional","13":"first","14":"instock","15":"taxable","16":"shipping-taxable","17":"purchasable","18":"product-type-simple"},"_links":{"self":[{"href":"https:\/\/grappa.no\/no\/wp-json\/wp\/v2\/product\/35527","targetHints":{"allow":["GET"]}}],"collection":[{"href":"https:\/\/grappa.no\/no\/wp-json\/wp\/v2\/product"}],"about":[{"href":"https:\/\/grappa.no\/no\/wp-json\/wp\/v2\/types\/product"}],"replies":[{"embeddable":true,"href":"https:\/\/grappa.no\/no\/wp-json\/wp\/v2\/comments?post=35527"}],"wp:featuredmedia":[{"embeddable":true,"href":"https:\/\/grappa.no\/no\/wp-json\/wp\/v2\/media\/35529"}],"wp:attachment":[{"href":"https:\/\/grappa.no\/no\/wp-json\/wp\/v2\/media?parent=35527"}],"wp:term":[{"taxonomy":"product_brand","embeddable":true,"href":"https:\/\/grappa.no\/no\/wp-json\/wp\/v2\/product_brand?post=35527"},{"taxonomy":"product_cat","embeddable":true,"href":"https:\/\/grappa.no\/no\/wp-json\/wp\/v2\/product_cat?post=35527"},{"taxonomy":"product_tag","embeddable":true,"href":"https:\/\/grappa.no\/no\/wp-json\/wp\/v2\/product_tag?post=35527"}],"curies":[{"name":"wp","href":"https:\/\/api.w.org\/{rel}","templated":true}]}}