{"id":35526,"date":"1998-11-12T00:00:00","date_gmt":"1998-11-11T23:00:00","guid":{"rendered":"https:\/\/www.grappa.no\/no\/albums\/ukategorisert\/danseslatter-fra-finnmark\/"},"modified":"2018-07-30T08:33:22","modified_gmt":"2018-07-30T07:33:22","slug":"danseslatter-fra-finnmark","status":"publish","type":"product","link":"https:\/\/grappa.no\/no\/albums\/heilo\/danseslatter-fra-finnmark\/","title":{"rendered":"Dansesl\u00e5tter fra Finnmark"},"content":{"rendered":"<p><\/p>\n<p>Sjelden innsamling.<\/p>\n<p>Denne 2-CD utgivelsen er et resultat av omfattende innsamling av dansetradisjonene i Finnmark. Det er en dokumentasjon som er sjelden, men utrolig viktig for \u00e5 bevare tradisjonen fra den nordligste delen av landet. Her har b\u00e5de russiske og finske innspill satt sitt preg p\u00e5 musikken.<\/p>\n<p><!--more--><\/p>\n<h4><\/h4>\n<\/p>\n<h4><\/h4>\n<p><h4><\/h4>\n<\/p>\n<p><\/p>","protected":false},"excerpt":{"rendered":"<p>Dansetradisjonene i Finnmark.<\/p>\n","protected":false},"featured_media":35528,"comment_status":"closed","ping_status":"open","template":"","meta":[],"product_brand":[],"product_cat":[35],"product_tag":[],"class_list":{"0":"post-35526","1":"product","2":"type-product","3":"status-publish","4":"has-post-thumbnail","6":"product_cat-heilo","7":"product_shipping_class-cddvd-shipping","8":"uni_artist_tag-hallvard-kvale","9":"uni_artist_tag-lakselv-spellemannslag","10":"uni_artist_tag-trad","11":"uni_artist_tag-vegar-vardal","12":"uni_artist_genre-traditional","14":"first","15":"instock","16":"taxable","17":"shipping-taxable","18":"purchasable","19":"product-type-simple"},"_links":{"self":[{"href":"https:\/\/grappa.no\/no\/wp-json\/wp\/v2\/product\/35526","targetHints":{"allow":["GET"]}}],"collection":[{"href":"https:\/\/grappa.no\/no\/wp-json\/wp\/v2\/product"}],"about":[{"href":"https:\/\/grappa.no\/no\/wp-json\/wp\/v2\/types\/product"}],"replies":[{"embeddable":true,"href":"https:\/\/grappa.no\/no\/wp-json\/wp\/v2\/comments?post=35526"}],"wp:featuredmedia":[{"embeddable":true,"href":"https:\/\/grappa.no\/no\/wp-json\/wp\/v2\/media\/35528"}],"wp:attachment":[{"href":"https:\/\/grappa.no\/no\/wp-json\/wp\/v2\/media?parent=35526"}],"wp:term":[{"taxonomy":"product_brand","embeddable":true,"href":"https:\/\/grappa.no\/no\/wp-json\/wp\/v2\/product_brand?post=35526"},{"taxonomy":"product_cat","embeddable":true,"href":"https:\/\/grappa.no\/no\/wp-json\/wp\/v2\/product_cat?post=35526"},{"taxonomy":"product_tag","embeddable":true,"href":"https:\/\/grappa.no\/no\/wp-json\/wp\/v2\/product_tag?post=35526"}],"curies":[{"name":"wp","href":"https:\/\/api.w.org\/{rel}","templated":true}]}}