{"id":35523,"date":"2001-06-28T00:00:00","date_gmt":"2001-06-27T23:00:00","guid":{"rendered":"https:\/\/www.grappa.no\/no\/albums\/ukategorisert\/marylands\/"},"modified":"2018-05-09T14:18:05","modified_gmt":"2018-05-09T13:18:05","slug":"marylands","status":"publish","type":"product","link":"https:\/\/grappa.no\/no\/albums\/heilo\/marylands\/","title":{"rendered":"Marylands"},"content":{"rendered":"<p><\/p>\n<p>Solister sammen &#8211; i kjeks og hardingfele.<\/p>\n<p>Marylands er ikke bare en engelsk kjeks med uvanlig gode sjokoladebiter. Det er ogs\u00e5 et hardingfelelag i Bergen med uvanlig gode spillefolk. De er unge, mellom-unge og i sin yngre middelalder. Noen er profesjonelle, andre burde v\u00e6rt det. De kunne spilt kresne lydarsl\u00e5tter, men gj\u00f8r dei ei. Som Marylands spiller de til dans, og gj\u00f8r det bedre enn uvanlig godt. Dette spelemannslaget bryter med skikk og bruk p\u00e5 flere vis. Ubarmhjertig har de vraket trekkspill og bass som akkompagnementsinstrumenter. I stedet lager et pumpende tr\u00f8orgel og de engelske strengeinstrumentet cister et s\u00e6regent lydbilde rundt de susende felene; slepende sprettende p\u00e5 samme tid. Ying og Yang, som te-elskeren Mao ville sagt det. Man kan greie seg med engelske kjeks, men The real pling er greiere. Reis deg opp fra tebordet og la musikken fra hardingfelens Merryland bevege deg! &#8211; Gabriel Fliflet.<\/p>\n<p><!--more--><\/p>\n<h4><\/h4>\n<\/p>\n<h4><\/h4>\n<p><h4><\/h4>\n<\/p>\n<p><\/p>","protected":false},"excerpt":{"rendered":"<p>Reis deg opp fra tebordet og la musikken fra hardingfelens Merryland bevege deg!<\/p>\n","protected":false},"featured_media":35525,"comment_status":"closed","ping_status":"open","template":"","meta":[],"product_brand":[],"product_cat":[35],"product_tag":[],"class_list":{"0":"post-35523","1":"product","2":"type-product","3":"status-publish","4":"has-post-thumbnail","6":"product_cat-heilo","7":"product_shipping_class-cddvd-shipping","8":"uni_artist_tag-axel-heienberg","9":"uni_artist_tag-elisabeth-eikas","10":"uni_artist_tag-elna-foleide-selle","11":"uni_artist_tag-finn-vabo","12":"uni_artist_tag-hakon-hogemo","13":"uni_artist_tag-hallgrim-skjerdal","14":"uni_artist_tag-marylands","15":"uni_artist_tag-monica-antun","16":"uni_artist_tag-olav-tveitane","17":"uni_artist_tag-oivind-vabo","18":"uni_artist_tag-sigbjorn-apeland","19":"uni_artist_tag-steinar-rygg","20":"uni_artist_tag-synnove-ovrebo","21":"uni_artist_tag-synnove-s-bjorset","22":"uni_artist_tag-trad","23":"uni_artist_genre-traditional","25":"first","26":"outofstock","27":"taxable","28":"shipping-taxable","29":"product-type-simple"},"_links":{"self":[{"href":"https:\/\/grappa.no\/no\/wp-json\/wp\/v2\/product\/35523","targetHints":{"allow":["GET"]}}],"collection":[{"href":"https:\/\/grappa.no\/no\/wp-json\/wp\/v2\/product"}],"about":[{"href":"https:\/\/grappa.no\/no\/wp-json\/wp\/v2\/types\/product"}],"replies":[{"embeddable":true,"href":"https:\/\/grappa.no\/no\/wp-json\/wp\/v2\/comments?post=35523"}],"wp:featuredmedia":[{"embeddable":true,"href":"https:\/\/grappa.no\/no\/wp-json\/wp\/v2\/media\/35525"}],"wp:attachment":[{"href":"https:\/\/grappa.no\/no\/wp-json\/wp\/v2\/media?parent=35523"}],"wp:term":[{"taxonomy":"product_brand","embeddable":true,"href":"https:\/\/grappa.no\/no\/wp-json\/wp\/v2\/product_brand?post=35523"},{"taxonomy":"product_cat","embeddable":true,"href":"https:\/\/grappa.no\/no\/wp-json\/wp\/v2\/product_cat?post=35523"},{"taxonomy":"product_tag","embeddable":true,"href":"https:\/\/grappa.no\/no\/wp-json\/wp\/v2\/product_tag?post=35523"}],"curies":[{"name":"wp","href":"https:\/\/api.w.org\/{rel}","templated":true}]}}