{"id":35522,"date":"1992-03-13T00:00:00","date_gmt":"1992-03-12T23:00:00","guid":{"rendered":"https:\/\/www.grappa.no\/no\/albums\/ukategorisert\/dudelidelei\/"},"modified":"2018-07-30T08:33:20","modified_gmt":"2018-07-30T07:33:20","slug":"dudelidelei","status":"publish","type":"product","link":"https:\/\/grappa.no\/no\/albums\/heilo\/dudelidelei\/","title":{"rendered":"Dudelidelei"},"content":{"rendered":"<p><\/p>\n<p>Dudelidelei.<\/p>\n<p>P\u00e5 denne platen har Ivar B\u00f8ksle og Jens Graasvoll samlet en rekke sangskatter fra hele Norden. Gjennom morsomme arrangement og bruk av folkemusikk har de laget en plate som barn kan l\u00e6re \u00e5 synge med p\u00e5. P\u00e5 platen er det tradisjonelle viser samt mer livlige underholdende melodier.<\/p>\n<p><!--more--><\/p>\n<h4><\/h4>\n<\/p>\n<h4><\/h4>\n<p><h4><\/h4>\n<\/p>\n<p><\/p>","protected":false},"excerpt":{"rendered":"<p>P\u00e5 denne platen har Ivar B\u00f8ksle og Jens Graasvoll samlet en rekke sangskatter fra hele Norden.<\/p>\n","protected":false},"featured_media":35524,"comment_status":"closed","ping_status":"open","template":"","meta":[],"product_brand":[],"product_cat":[35],"product_tag":[],"class_list":{"0":"post-35522","1":"product","2":"type-product","3":"status-publish","4":"has-post-thumbnail","6":"product_cat-heilo","7":"product_shipping_class-cddvd-shipping","8":"uni_artist_tag-cato-sanden","9":"uni_artist_tag-gunnar-bergstrom","10":"uni_artist_tag-ivar-boksle","11":"uni_artist_tag-jens-beyer-graasvoll","12":"uni_artist_tag-leif-korsnes","13":"uni_artist_tag-oystein-knaus-fosshagen","14":"uni_artist_tag-trad","15":"uni_artist_genre-children","16":"uni_artist_genre-traditional","18":"first","19":"instock","20":"taxable","21":"shipping-taxable","22":"purchasable","23":"product-type-simple"},"_links":{"self":[{"href":"https:\/\/grappa.no\/no\/wp-json\/wp\/v2\/product\/35522","targetHints":{"allow":["GET"]}}],"collection":[{"href":"https:\/\/grappa.no\/no\/wp-json\/wp\/v2\/product"}],"about":[{"href":"https:\/\/grappa.no\/no\/wp-json\/wp\/v2\/types\/product"}],"replies":[{"embeddable":true,"href":"https:\/\/grappa.no\/no\/wp-json\/wp\/v2\/comments?post=35522"}],"wp:featuredmedia":[{"embeddable":true,"href":"https:\/\/grappa.no\/no\/wp-json\/wp\/v2\/media\/35524"}],"wp:attachment":[{"href":"https:\/\/grappa.no\/no\/wp-json\/wp\/v2\/media?parent=35522"}],"wp:term":[{"taxonomy":"product_brand","embeddable":true,"href":"https:\/\/grappa.no\/no\/wp-json\/wp\/v2\/product_brand?post=35522"},{"taxonomy":"product_cat","embeddable":true,"href":"https:\/\/grappa.no\/no\/wp-json\/wp\/v2\/product_cat?post=35522"},{"taxonomy":"product_tag","embeddable":true,"href":"https:\/\/grappa.no\/no\/wp-json\/wp\/v2\/product_tag?post=35522"}],"curies":[{"name":"wp","href":"https:\/\/api.w.org\/{rel}","templated":true}]}}