{"id":35508,"date":"2006-02-13T00:00:00","date_gmt":"2006-02-12T23:00:00","guid":{"rendered":"https:\/\/www.grappa.no\/no\/albums\/ukategorisert\/rusk-ii\/"},"modified":"2018-07-30T08:33:15","modified_gmt":"2018-07-30T07:33:15","slug":"rusk-ii","status":"publish","type":"product","link":"https:\/\/grappa.no\/no\/albums\/heilo\/rusk-ii\/","title":{"rendered":"RUSK II"},"content":{"rendered":"<p><\/p>\n<p>Epleblomster i februar<\/p>\n<p>Debutplaten kom i 2002, og h\u00f8stet vanvittig gode kritikker verden over. RUSK har n\u00e5 tatt steget ut av de m\u00f8rke Finnskogene, og serverer friskt materiale med utgangspunkt i den gode l\u00e5ten eller den gode vise. P\u00e5 RUSK II finner vi b\u00e5de norske skillingsviser -gjerne med d\u00f8delig utgang, svenske ballader, egenkomponert materiale, og til og med en tolkning av Nine Inch Nails\u2019 Hurt \u2013 ud\u00f8deligjort av legendariske Johnny Cash. Den har allerede blitt lagt merke til p\u00e5 den siste tidens konserter:<br \/>\n(\u2211) Her greide Rusk det som er vanskeleg i all musikk, \u00e5 f\u00e5 inn ei nerve som gjer at du frys etter ryggen og gl\u00f8ymer tid og stad.&#8217;<br \/>\nSpelemannsbladet 8\/2005<\/p>\n<p>RUSK er: Unni L\u00f8vlid p\u00e5 vokal, Vegar V\u00e5rdal p\u00e5 fele og Frode Haltli p\u00e5<br \/>\nakkordeon.<\/p>\n<p><!--more--><\/p>\n<p>RUSK henter inspirasjon fra b\u00e5de gammel og ny musikk, og ved \u00e5 benytte improvisasjon og lek begeistrer de sitt publikum med vitalitet, smil og uventede innfall.<\/p>\n<h4>Epleblomster i februar<\/h4>\n<p>RUSK best\u00e5r av tre allsidige musikere som m\u00f8tes i en felles kj\u00e6rlighet for folkemusikk og skillingsviser med d\u00f8delig utgang: Unni L\u00f8vlid p\u00e5 vokal, Vegar V\u00e5rdal p\u00e5 fele og Frode Haltli p\u00e5 akkordeon. De henter inspirasjon fra b\u00e5de gammel og ny musikk, og ved \u00e5 benytte improvisasjon og lek begeistrer de sitt publikum med vitalitet, smil og uventede innfall. <\/p>\n<p>Gruppa startet med \u00e5 spesialisere seg p\u00e5 folkemusikk fra Sol\u00f8r og Finnskogen p\u00e5 debutalbumet fra 2002. Denne musikken var et utganspunkt for RUSK, men dagens repertoar er betydelig utvidet. P\u00e5 den nye plata finner vi b\u00e5de norske skillingsviser -gjerne med d\u00f8delig utgang, svenske ballader, egenkomponert materiale, og til og med en tolkning av Nine Inch Nails\u2019 Hurt \u2013 ud\u00f8deligjort av legendariske Johnny Cash. Den har allerede blitt lagt merke til p\u00e5 den siste tidens konserter:<br \/>\n&#8216;h\u00f8gdepunktet i konserten kom heilt andre stader i fr\u00e5 enn fr\u00e5 Rusk sitt kjerneomr\u00e5de. Det var utan tvil Johnny Cash sine alvorlege song &#8216;Hurt&#8217;. Her greide Rusk det som er vanskeleg i all musikk, \u00e5 f\u00e5 inn ei nerve som gjer at du frys etter ryggen og gl\u00f8ymer tid og stad.&#8217; [Spelemannsbladet 8\/2005]<\/p>\n<h4>Lang fartstid<\/h4>\n<p>De tre ut\u00f8verne i RUSK har alle lang fartstid innenfor b\u00e5de Norske og internasjonale musikkmilj\u00f8er. Akkordeonorakel Frode Haltli, har blitt bel\u00f8nnet med en rekke priser, blant annet en spellemannspris i 2002, og han ble k\u00e5ret til \u00c5rets Unge Solist av Rikskonsertene i 2001. Han var en av artistene ved Glogerfestspillene i fjor, og har bidratt p\u00e5 en rekke produksjoner, ogs\u00e5 p\u00e5 det prestisjetunge, tyske plateselskapet ECM.  <\/p>\n<p>Unni L\u00f8vlid kommer fra Hornindal i Nordfjord og har lenge v\u00e6rt aktiv i folkemusikkmilj\u00f8et. Hun har gitt ut flere soloplater og har bidratt p\u00e5 en rekke utgivelser i samarbeid med b\u00e5de norske og utenlandske musikere. Unni leker seg med mange forskjellige kunstneriske uttrykk p\u00e5 scene og i studio, og har opparbeidet seg en bred og spennende musikalsk bakgrunn.  <\/p>\n<p>Vegar V\u00e5rdal er en aktiv folkedanser i tillegg til folkemusiker, og han benyttes stadig som studiomusiker, komponist, arrang\u00f8r og produsent p\u00e5 forskjellige prosjekter. Vegar har bred pedagogisk erfaring, og jobber med undervisning innenfor forskjellige grener av folkemusikken.<\/p>\n<h4><\/h4>\n<\/p>\n<p><\/p>","protected":false},"excerpt":{"rendered":"<p>Debutplaten kom i 2002, og h\u00f8stet vanvittig gode kritikker verden over. RUSK har n\u00e5 tatt steget ut av de m\u00f8rke Finnskogene, og serverer friskt materiale med utgangspunkt i den gode l\u00e5ten eller den gode vise.<\/p>\n","protected":false},"featured_media":35509,"comment_status":"closed","ping_status":"open","template":"","meta":[],"product_brand":[],"product_cat":[35],"product_tag":[],"class_list":{"0":"post-35508","1":"product","2":"type-product","3":"status-publish","4":"has-post-thumbnail","6":"product_cat-heilo","7":"product_shipping_class-cddvd-shipping","8":"uni_artist_tag-frants-beyer","9":"uni_artist_tag-frode-haltli","10":"uni_artist_tag-rusk","11":"uni_artist_tag-trad","12":"uni_artist_tag-trent-reznor","13":"uni_artist_tag-unni-lovlid","14":"uni_artist_tag-vegar-vardal","15":"uni_artist_genre-traditional","17":"first","18":"instock","19":"taxable","20":"shipping-taxable","21":"purchasable","22":"product-type-simple"},"_links":{"self":[{"href":"https:\/\/grappa.no\/no\/wp-json\/wp\/v2\/product\/35508","targetHints":{"allow":["GET"]}}],"collection":[{"href":"https:\/\/grappa.no\/no\/wp-json\/wp\/v2\/product"}],"about":[{"href":"https:\/\/grappa.no\/no\/wp-json\/wp\/v2\/types\/product"}],"replies":[{"embeddable":true,"href":"https:\/\/grappa.no\/no\/wp-json\/wp\/v2\/comments?post=35508"}],"wp:featuredmedia":[{"embeddable":true,"href":"https:\/\/grappa.no\/no\/wp-json\/wp\/v2\/media\/35509"}],"wp:attachment":[{"href":"https:\/\/grappa.no\/no\/wp-json\/wp\/v2\/media?parent=35508"}],"wp:term":[{"taxonomy":"product_brand","embeddable":true,"href":"https:\/\/grappa.no\/no\/wp-json\/wp\/v2\/product_brand?post=35508"},{"taxonomy":"product_cat","embeddable":true,"href":"https:\/\/grappa.no\/no\/wp-json\/wp\/v2\/product_cat?post=35508"},{"taxonomy":"product_tag","embeddable":true,"href":"https:\/\/grappa.no\/no\/wp-json\/wp\/v2\/product_tag?post=35508"}],"curies":[{"name":"wp","href":"https:\/\/api.w.org\/{rel}","templated":true}]}}