{"id":355,"date":"2009-11-16T00:00:00","date_gmt":"2009-11-15T23:00:00","guid":{"rendered":"http:\/\/www.grappa.no\/albums\/uncategorized\/beethoven-string-quartets-op-130-and-133-3\/"},"modified":"2019-02-22T15:46:17","modified_gmt":"2019-02-22T14:46:17","slug":"beethoven-string-quartets-op-130-and-133","status":"publish","type":"product","link":"https:\/\/grappa.no\/no\/albums\/simax-classics\/beethoven-string-quartets-op-130-and-133\/","title":{"rendered":"Beethoven String Quartets Op. 130 and 133"},"content":{"rendered":"<p><\/p>\n<p>Vertavos f\u00f8rste Beethoven-innspilling<\/p>\n<p>De fire damene i Vertavo er blitt en merkevare for norsk musikkliv og turnerer over hele verden. Dette er deres f\u00f8rste Beethoven-cd, med de siste, store, strykekvartettene.<\/p>\n<p>Den sekssatsige kvartetten, op. 130, er komponert mellom august og november 1825, i en periode komponisten var ved relativt god helse, en sjeldenhet i disse siste \u00e5rene. Beethovens opprinnelige id\u00e9 var faktisk at Grosse Fuge skulle v\u00e6re finalen i op. 130. F\u00f8rst etter at kvartetten var ferdigskrevet og urframf\u00f8rt, lyttet han til oppfordringer fra venner og gav ut finalen som en selvstendig komposisjon. Denne finalen st\u00e5r i en s\u00e6rstilling b\u00e5de n\u00e5r det gjelder uttrykkskraft og vanskelighetsgrad. Deretter skrev han en ny og mer lettbent finale til op. 130-kvartetten, en sats som skulle bli hans aller siste komposisjon.<\/p>\n<p><!--more--><\/p>\n<p>Vertavo feirer sine 25 \u00e5r med \u00e5 invitere til Beethoven plateutgivelse og konsert + etablering av Strykekvartettens dag!<\/p>\n<h4>Beethovens siste komposisjon<\/h4>\n<p>Den sekssatsige kvartetten, op. 130, er komponert mellom august og november 1825, i en periode komponisten var ved relativt god helse, en sjeldenhet i disse siste \u00e5rene. Beethovens opprinnelige id\u00e9 var faktisk at Grosse Fuge skulle v\u00e6re finalen i op. 130. F\u00f8rst etter at kvartetten var ferdigskrevet og urframf\u00f8rt, lyttet han til oppfordringer fra venner og gav ut finalen som en selvstendig komposisjon. Denne finalen st\u00e5r i en s\u00e6rstilling b\u00e5de n\u00e5r det gjelder uttrykkskraft og vanskelighetsgrad. Deretter skrev han en ny og mer lettbent finale til op. 130-kvartetten, en sats som skulle bli hans aller siste komposisjon.<\/p>\n<h4>Kvartett-rekruttering: Vertavo inviterer til Strykekvartettens dag 14. nov i Operaen<\/h4>\n<p>Vertavo inviterer til feiring av Strykekvartettens dag 14. november og har f\u00e5tt med seg tre &quot;venne&quot;-kvartetter. Oslo Strykekvartett, Engeg\u00e5rdkvartetten og Cikada er ved siden av Vertavo noe av det man kan oppleve i Operaens pr\u00f8vesal, i tillegg til en rekke unge unge strykekvartetter, som l\u00e6rer, leker, spiller og kjemper om den nyopprettede Vertavo-prisen p\u00e5 25.000 kroner. \u2013 I 2009 har vi hatt konserter s\u00e5 forskjellige steder som Japan og Wigmore Hall i London. Med Strykekvartettens dag kan vi endelig sette kunstformen ordentlig p\u00e5 kartet ogs\u00e5 her hjemme, sier Berit Cardas.<\/p>\n<h4>Vertavo<\/h4>\n<p>Berit Cardas, fiolin, \u00d8yvor Volle, fiolin, Henninge Landaas, bratsj, Bj\u00f8rg V\u00e6rnes Lewis, cello<br \/>\nGrunnlagt 1984. Et par tusen konserter senere har de etablert seg som en av Europas ledende strykekvartetter og har spilt i konserthus og festivaler p\u00e5 fire kontinenter. Kvartetten er kunstneriske ledere for Festspillene p\u00e5 Elverum og har samarbeidet med stjerner som Jean-Yves Thibaudet, Paul Lewis, Leif Ove Andsnes, H\u00e5kan Hardenberger og Martin Fr\u00f6st. De har tolket en lang rekke samtidskomponister: Ligeti, Ad\u00e8s, Widmann og nordiske komponister som N\u00f8rg\u00e5rd, Edlund and Asheim. Vertavo har mottatt en rekke priser og har fler enn 50 CD-utgivelser b\u00e5de som kvartett og sammen med andre artister. De har vist seg lekne ogs\u00e5 overfor artister fra andre musikkgenre som blant andre Anne Grete Preus, Hot Club de Norv\u00e9ge og Per Arne Glorvigen.<br \/>\nBeethoven-konsert 13. november kl 19.30 i Operaen, Scene 2<\/p>\n<p>Strykekvartettens dag 14. november kl. 13-16 2009 i Operaen, Pr\u00f8vesalen FRI ADGANG<\/p>\n<p><\/p>","protected":false},"excerpt":{"rendered":"<p>&#8211; en innspilling i verdensklasse. [Adresseavisa]<\/p>\n","protected":false},"featured_media":27652,"comment_status":"closed","ping_status":"open","template":"","meta":[],"product_brand":[],"product_cat":[180],"product_tag":[],"class_list":{"0":"post-355","1":"product","2":"type-product","3":"status-publish","4":"has-post-thumbnail","6":"product_cat-simax-classics","7":"product_shipping_class-cddvd-shipping","8":"uni_artist_tag-ludwig-van-beethoven","9":"uni_artist_tag-vegard-landaas","10":"uni_artist_tag-vertavo-string-quartet","11":"uni_main_artist_tag-vertavo-string-quartet","12":"uni_artist_genre-chamber","13":"uni_artist_genre-sacd","14":"uni_artist_genre-strings","16":"first","17":"instock","18":"taxable","19":"shipping-taxable","20":"purchasable","21":"product-type-simple"},"_links":{"self":[{"href":"https:\/\/grappa.no\/no\/wp-json\/wp\/v2\/product\/355","targetHints":{"allow":["GET"]}}],"collection":[{"href":"https:\/\/grappa.no\/no\/wp-json\/wp\/v2\/product"}],"about":[{"href":"https:\/\/grappa.no\/no\/wp-json\/wp\/v2\/types\/product"}],"replies":[{"embeddable":true,"href":"https:\/\/grappa.no\/no\/wp-json\/wp\/v2\/comments?post=355"}],"wp:featuredmedia":[{"embeddable":true,"href":"https:\/\/grappa.no\/no\/wp-json\/wp\/v2\/media\/27652"}],"wp:attachment":[{"href":"https:\/\/grappa.no\/no\/wp-json\/wp\/v2\/media?parent=355"}],"wp:term":[{"taxonomy":"product_brand","embeddable":true,"href":"https:\/\/grappa.no\/no\/wp-json\/wp\/v2\/product_brand?post=355"},{"taxonomy":"product_cat","embeddable":true,"href":"https:\/\/grappa.no\/no\/wp-json\/wp\/v2\/product_cat?post=355"},{"taxonomy":"product_tag","embeddable":true,"href":"https:\/\/grappa.no\/no\/wp-json\/wp\/v2\/product_tag?post=355"}],"curies":[{"name":"wp","href":"https:\/\/api.w.org\/{rel}","templated":true}]}}