{"id":35497,"date":"2018-04-27T00:00:00","date_gmt":"2018-04-26T23:00:00","guid":{"rendered":"https:\/\/www.grappa.no\/no\/albums\/ukategorisert\/skadedyr-musikk\/"},"modified":"2020-08-21T09:17:22","modified_gmt":"2020-08-21T08:17:22","slug":"musikk","status":"publish","type":"product","link":"https:\/\/grappa.no\/no\/albums\/hubro\/musikk\/","title":{"rendered":"Musikk!"},"content":{"rendered":"<p><\/p>\n<p>Viltvoksende og grensesprengende.  De s\u00e6regne storbandet Skadedyr huser et helt batteri av profilerte navn fra den viltvoksende unge generasjonen av musikere, som ellers befolker de grensesprengende prosjektene til band og artister som Jenny Hval, Broen, Moskus, Girl og Torg. Bandet spilte p\u00e5 \u00d8yas hovedscene i fjor, og n\u00e5 er de her igjen med sitt tredje album, ganske enkelt titulert \u201cMusikk!\u201d. Bandet l\u00e5ter om mulig enda frier i ny tapning. De tar st\u00f8rre sjanser og de f\u00e5r en sjangermiks som papiret ville sett helt vill ut til \u00e5 l\u00e5te frisk og naturlig. \u201cMusikk!\u201d er innspilt i Studio Paradiso i Oslo og er senere mikset av Lasse Marhaug.  LP utgave slippes 11. mai.  Konserter 24. april: T\u00f8nsberg, nonfigurativ musikk  26. april: Gj\u00f8vik, friscenen  27. april: Oslo, Victoria  28. april: Trondheim, Dokkhuset  29. april Tolga, ivaregga  30. april Tynset, Nord-\u00f8sterdal vgs  04. mai: Bologna, Angelica-festivalen  19. mai: Inder\u00f8y, Sundfestivalen<\/p>\n<p><!--more--><\/p>\n<h4><\/h4>\n<\/p>\n<h4><\/h4>\n<p><h4><\/h4>\n<\/p>\n<p><\/p>","protected":false},"excerpt":{"rendered":"<p>N\u00e5 er de her igjen med sitt tredje album, ganske enkelt titulert \u201cMusikk!\u201d. Bandet l\u00e5ter om mulig enda frier i ny tapning. De tar st\u00f8rre sjanser og de f\u00e5r en sjangermiks som papiret ville sett helt vill ut til \u00e5 l\u00e5te frisk og naturlig.<\/p>\n","protected":false},"featured_media":35505,"comment_status":"closed","ping_status":"open","template":"","meta":[],"product_brand":[],"product_cat":[36],"product_tag":[],"class_list":{"0":"post-35497","1":"product","2":"type-product","3":"status-publish","4":"has-post-thumbnail","6":"product_cat-hubro","7":"product_shipping_class-cddvd-shipping","8":"uni_artist_tag-adrian-loseth-waade","9":"uni_artist_tag-anja-lauvdal","10":"uni_artist_tag-fredrik-luhr-dietrichson","11":"uni_artist_tag-hans-hulbaekmo","12":"uni_artist_tag-heida-karine-johannesdottir-mobeck","13":"uni_artist_tag-henrik-munkeby-norstebo","14":"uni_artist_tag-ida-lovli-hidle","15":"uni_artist_tag-ina-sagstuen","16":"uni_artist_tag-lars-ove-fossheim","17":"uni_artist_tag-marius-klovning","18":"uni_artist_tag-oystein-aarnes-vik","19":"uni_artist_tag-skadedyr","20":"uni_artist_tag-torstein-lavik-larsen","21":"uni_main_artist_tag-skadedyr","22":"uni_artist_genre-jazz","24":"first","25":"instock","26":"taxable","27":"shipping-taxable","28":"purchasable","29":"product-type-variable","30":"has-default-attributes"},"_links":{"self":[{"href":"https:\/\/grappa.no\/no\/wp-json\/wp\/v2\/product\/35497","targetHints":{"allow":["GET"]}}],"collection":[{"href":"https:\/\/grappa.no\/no\/wp-json\/wp\/v2\/product"}],"about":[{"href":"https:\/\/grappa.no\/no\/wp-json\/wp\/v2\/types\/product"}],"replies":[{"embeddable":true,"href":"https:\/\/grappa.no\/no\/wp-json\/wp\/v2\/comments?post=35497"}],"wp:featuredmedia":[{"embeddable":true,"href":"https:\/\/grappa.no\/no\/wp-json\/wp\/v2\/media\/35505"}],"wp:attachment":[{"href":"https:\/\/grappa.no\/no\/wp-json\/wp\/v2\/media?parent=35497"}],"wp:term":[{"taxonomy":"product_brand","embeddable":true,"href":"https:\/\/grappa.no\/no\/wp-json\/wp\/v2\/product_brand?post=35497"},{"taxonomy":"product_cat","embeddable":true,"href":"https:\/\/grappa.no\/no\/wp-json\/wp\/v2\/product_cat?post=35497"},{"taxonomy":"product_tag","embeddable":true,"href":"https:\/\/grappa.no\/no\/wp-json\/wp\/v2\/product_tag?post=35497"}],"curies":[{"name":"wp","href":"https:\/\/api.w.org\/{rel}","templated":true}]}}