{"id":35496,"date":"2002-05-07T00:00:00","date_gmt":"2002-05-06T23:00:00","guid":{"rendered":"https:\/\/www.grappa.no\/no\/albums\/ukategorisert\/rusk\/"},"modified":"2018-07-30T08:33:14","modified_gmt":"2018-07-30T07:33:14","slug":"rusk","status":"publish","type":"product","link":"https:\/\/grappa.no\/no\/albums\/heilo\/rusk\/","title":{"rendered":"RUSK"},"content":{"rendered":"<p><\/p>\n<p>RUSK<\/p>\n<p>RUSK spiller folkemusikk fra distriktene Sol\u00f8r og Finnskogen in s\u00f8rvest-Norge. Vegar V\u00e5rdal (fele), Unni L\u00f8vlid (vokal) og Frode Haltli (akkordion) er unge folkemusikere som bringer nytt liv til gamle dansemelodier, dramatiske sanger og h\u00f8ytidelige salmer.<\/p>\n<p><!--more--><\/p>\n<p>Bikkje rusk, bakke rask, gubbe rusk, kjerring rask<br \/>\nTreets rusk, steinens rask, heile verdas ruskerask.<\/p>\n<p>Agnerusk, du s\u00f8te fuggel, m\u00f8rke skogen ligger framma.<br \/>\nLugne havet ligge bak, snu d\u00e6 rundt, mot lugne havet!<\/p>\n<h4>RUSK MED DEBUTPLATE<\/h4>\n<p>Folkemusikkgruppa RUSK kommer n\u00e5 med sin f\u00f8rste plate, med utelukkende musikk fra de dype finnskogene og traktene rundt V\u00e5ler i Hedmark. P\u00e5 plata vil du finne alt fra de vareste salmetoner og livlige skillingsviser, til de heftigste polsdanser og m\u00f8rke finske viser.<\/p>\n<h4>Musikerne<\/h4>\n<p>Rusk best\u00e5r av musikerne Unni L\u00f8vlid \u2013 folkesang, Frode Haltli \u2013 akkordeon og Vegar V\u00e5rdal \u2013 fele. <\/p>\n<p>Unni kommer fra Hornindal og har lenge v\u00e6rt aktiv i folkemusikkmilj\u00f8et. Hun har tidligere gitt ut soloplata So ro liten tull, og er kjent som medlem i gruppa Fj\u00f8gl. <\/p>\n<p>Frode er oppvokst i V\u00e5ler, og har lang fartstid som folkemusiker. Han ble i fjor k\u00e5ret til \u00e5rets solist av Rikskonsertene, og er blant annet kjent i samtidsmusikkgruppa POING. <\/p>\n<p>Vegar er oppvokst i B\u00e6rum, og er en akiv danser i tillegg til musikken. Han gav i fjor ut en dobbeltCD med folkemusikk fra \u00d8stlandet, i samarbeid med Noregs Ungdomslag. Vegar er bl.a. kjent fra samspillet med pianisten Misha Alperin.<\/p>\n<h4><\/h4>\n<\/p>\n<p><\/p>","protected":false},"excerpt":{"rendered":"<p>Unni L\u00f8vlid, Vegar V\u00e5rdal og Frode Haltli serverer en plate med spenstig, vital og uforutsigbar folkemusikk.<\/p>\n","protected":false},"featured_media":35506,"comment_status":"closed","ping_status":"open","template":"","meta":[],"product_brand":[],"product_cat":[35],"product_tag":[],"class_list":{"0":"post-35496","1":"product","2":"type-product","3":"status-publish","4":"has-post-thumbnail","6":"product_cat-heilo","7":"product_shipping_class-cddvd-shipping","8":"uni_artist_tag-frode-haltli","9":"uni_artist_tag-rusk","10":"uni_artist_tag-trad","11":"uni_artist_tag-unni-lovlid","12":"uni_artist_tag-vegar-vardal","13":"uni_artist_genre-traditional","15":"first","16":"instock","17":"taxable","18":"shipping-taxable","19":"purchasable","20":"product-type-simple"},"_links":{"self":[{"href":"https:\/\/grappa.no\/no\/wp-json\/wp\/v2\/product\/35496","targetHints":{"allow":["GET"]}}],"collection":[{"href":"https:\/\/grappa.no\/no\/wp-json\/wp\/v2\/product"}],"about":[{"href":"https:\/\/grappa.no\/no\/wp-json\/wp\/v2\/types\/product"}],"replies":[{"embeddable":true,"href":"https:\/\/grappa.no\/no\/wp-json\/wp\/v2\/comments?post=35496"}],"wp:featuredmedia":[{"embeddable":true,"href":"https:\/\/grappa.no\/no\/wp-json\/wp\/v2\/media\/35506"}],"wp:attachment":[{"href":"https:\/\/grappa.no\/no\/wp-json\/wp\/v2\/media?parent=35496"}],"wp:term":[{"taxonomy":"product_brand","embeddable":true,"href":"https:\/\/grappa.no\/no\/wp-json\/wp\/v2\/product_brand?post=35496"},{"taxonomy":"product_cat","embeddable":true,"href":"https:\/\/grappa.no\/no\/wp-json\/wp\/v2\/product_cat?post=35496"},{"taxonomy":"product_tag","embeddable":true,"href":"https:\/\/grappa.no\/no\/wp-json\/wp\/v2\/product_tag?post=35496"}],"curies":[{"name":"wp","href":"https:\/\/api.w.org\/{rel}","templated":true}]}}