{"id":35495,"date":"1995-01-01T00:00:00","date_gmt":"1994-12-31T23:00:00","guid":{"rendered":"https:\/\/www.grappa.no\/no\/albums\/ukategorisert\/hallgrim-berg-munnharpa\/"},"modified":"2018-05-09T14:18:02","modified_gmt":"2018-05-09T13:18:02","slug":"hallgrim-berg-munnharpa","status":"publish","type":"product","link":"https:\/\/grappa.no\/no\/albums\/heilo\/hallgrim-berg-munnharpa\/","title":{"rendered":"Hallgrim Berg: Munnharpa"},"content":{"rendered":"<p><\/p>\n<p>Munnharpa &#8211; Tradisjon og Inspirasjon<\/p>\n<p>Munnharpa er internasjonal, men samtidig typisk norsk i den mening at s\u00e6rnorsk sl\u00e5ttemusikk er utviklet p\u00e5 instrumentet over lang tid. Her l\u00f8fter Berg og R\u00f8ine munnharpa frem b\u00e5de i tradisjonsformidling og som medium for nyskapning. Gamle sl\u00e5tter blir utpr\u00f8vd i mange tonerarter p\u00e5 mer enn et dusin handlagede harper; stemningen i studio stiger; nye former for samspill kommer for dagen. I spontan spilleglede og inspirasjon finner tradisjonen nye veier og klanger, og det blir skapt frigangar og villspringar.<\/p>\n<p><!--more--><\/p>\n<h4><\/h4>\n<\/p>\n<h4><\/h4>\n<p><h4><\/h4>\n<\/p>\n<p><\/p>","protected":false},"excerpt":{"rendered":"<p>Munnharpa er internasjonal, men samtidig typisk norsk i den mening at s\u00e6rnorsk sl\u00e5ttemusikk er utviklet p\u00e5 instrumentet over lang tid. Her l\u00f8fter Berg og R\u00f8ine munnharpa frem b\u00e5de i tradisjonsformidling og som medium for nyskapning.<\/p>\n","protected":false},"featured_media":35504,"comment_status":"closed","ping_status":"open","template":"","meta":[],"product_brand":[],"product_cat":[35],"product_tag":[],"class_list":{"0":"post-35495","1":"product","2":"type-product","3":"status-publish","4":"has-post-thumbnail","6":"product_cat-heilo","7":"product_shipping_class-cddvd-shipping","8":"uni_artist_tag-eirik-roine","9":"uni_artist_tag-hallgrim-berg","10":"uni_artist_tag-tor-magne-hallibakken","11":"uni_artist_tag-trad","12":"uni_artist_genre-traditional","14":"first","15":"instock","16":"taxable","17":"shipping-taxable","18":"purchasable","19":"product-type-simple"},"_links":{"self":[{"href":"https:\/\/grappa.no\/no\/wp-json\/wp\/v2\/product\/35495","targetHints":{"allow":["GET"]}}],"collection":[{"href":"https:\/\/grappa.no\/no\/wp-json\/wp\/v2\/product"}],"about":[{"href":"https:\/\/grappa.no\/no\/wp-json\/wp\/v2\/types\/product"}],"replies":[{"embeddable":true,"href":"https:\/\/grappa.no\/no\/wp-json\/wp\/v2\/comments?post=35495"}],"wp:featuredmedia":[{"embeddable":true,"href":"https:\/\/grappa.no\/no\/wp-json\/wp\/v2\/media\/35504"}],"wp:attachment":[{"href":"https:\/\/grappa.no\/no\/wp-json\/wp\/v2\/media?parent=35495"}],"wp:term":[{"taxonomy":"product_brand","embeddable":true,"href":"https:\/\/grappa.no\/no\/wp-json\/wp\/v2\/product_brand?post=35495"},{"taxonomy":"product_cat","embeddable":true,"href":"https:\/\/grappa.no\/no\/wp-json\/wp\/v2\/product_cat?post=35495"},{"taxonomy":"product_tag","embeddable":true,"href":"https:\/\/grappa.no\/no\/wp-json\/wp\/v2\/product_tag?post=35495"}],"curies":[{"name":"wp","href":"https:\/\/api.w.org\/{rel}","templated":true}]}}