{"id":35494,"date":"2002-09-02T00:00:00","date_gmt":"2002-09-01T23:00:00","guid":{"rendered":"https:\/\/www.grappa.no\/no\/albums\/ukategorisert\/sinikka-langeland-runoja\/"},"modified":"2019-07-31T15:40:14","modified_gmt":"2019-07-31T14:40:14","slug":"sinikka-langeland-runoja","status":"publish","type":"product","link":"https:\/\/grappa.no\/no\/albums\/heilo\/sinikka-langeland-runoja\/","title":{"rendered":"Sinikka Langeland: Runoja"},"content":{"rendered":"<p><\/p>\n<p>RUNOJA &#8211; en runemagiker.<\/p>\n<p>Runesanger var en del av Skogfinnenes  \u00e5ndelige liv, og runesang er \u00e5 synge magisk. Runesangene har r\u00f8tter i sjamanismen, men har ogs\u00e5 trekk fra andre deler av \u00e5ndshistorien. Sinikka Langeland har her hentet temaer fra finske og karelske runemelodier og laget ny musikk til den gamle runetekstene fra Finnskogen. I tillegg bruker hun elementer fra den vestlige folkemusikktradisjonen.<\/p>\n<p><!--more--><\/p>\n<h4><\/h4>\n<\/p>\n<h4><\/h4>\n<p><h4><\/h4>\n<\/p>\n<p><\/p>","protected":false},"excerpt":{"rendered":"<p>Sinikka Langeland har her hentet temaer fra finske og karelske runemelodier og laget ny musikk til den gamle runetekstene fra Finnskogen.<\/p>\n","protected":false},"featured_media":36798,"comment_status":"closed","ping_status":"open","template":"","meta":[],"product_brand":[],"product_cat":[35],"product_tag":[],"class_list":{"0":"post-35494","1":"product","2":"type-product","3":"status-publish","4":"has-post-thumbnail","6":"product_cat-heilo","7":"product_shipping_class-cddvd-shipping","8":"uni_artist_tag-arve-henriksen","9":"uni_artist_tag-bjorn-kjellemyr","10":"uni_artist_tag-pal-thowsen","11":"uni_artist_tag-sinikka-langeland","12":"uni_artist_tag-trad","13":"uni_artist_genre-folk-music","15":"first","16":"outofstock","17":"taxable","18":"shipping-taxable","19":"product-type-simple"},"_links":{"self":[{"href":"https:\/\/grappa.no\/no\/wp-json\/wp\/v2\/product\/35494","targetHints":{"allow":["GET"]}}],"collection":[{"href":"https:\/\/grappa.no\/no\/wp-json\/wp\/v2\/product"}],"about":[{"href":"https:\/\/grappa.no\/no\/wp-json\/wp\/v2\/types\/product"}],"replies":[{"embeddable":true,"href":"https:\/\/grappa.no\/no\/wp-json\/wp\/v2\/comments?post=35494"}],"wp:featuredmedia":[{"embeddable":true,"href":"https:\/\/grappa.no\/no\/wp-json\/wp\/v2\/media\/36798"}],"wp:attachment":[{"href":"https:\/\/grappa.no\/no\/wp-json\/wp\/v2\/media?parent=35494"}],"wp:term":[{"taxonomy":"product_brand","embeddable":true,"href":"https:\/\/grappa.no\/no\/wp-json\/wp\/v2\/product_brand?post=35494"},{"taxonomy":"product_cat","embeddable":true,"href":"https:\/\/grappa.no\/no\/wp-json\/wp\/v2\/product_cat?post=35494"},{"taxonomy":"product_tag","embeddable":true,"href":"https:\/\/grappa.no\/no\/wp-json\/wp\/v2\/product_tag?post=35494"}],"curies":[{"name":"wp","href":"https:\/\/api.w.org\/{rel}","templated":true}]}}