{"id":35493,"date":"2000-01-20T00:00:00","date_gmt":"2000-01-19T23:00:00","guid":{"rendered":"https:\/\/www.grappa.no\/no\/albums\/ukategorisert\/hastaboslattar\/"},"modified":"2018-04-26T15:19:10","modified_gmt":"2018-04-26T14:19:10","slug":"hastaboslattar","status":"publish","type":"product","link":"https:\/\/grappa.no\/no\/albums\/heilo\/hastaboslattar\/","title":{"rendered":"H\u00e5stab\u00f8sl\u00e5ttar"},"content":{"rendered":"<p><\/p>\n<p>Trio Hardanger.<\/p>\n<p>\u201cD\u00e5 kunne Ola ha noko p\u00e5 hjarta som han liksom ville sagt, og det laut fela hans bera fram.\u201d<\/p>\n<p>Et glimt tilbake til fortiden og en gjenskapelse av Ola H\u00e5stab\u00f8s musikalske stykker er hva Knut Hamre introduserer oss til i dette storslagne verket. Sammen med den prisvinnende hardingfelemusikeren \u00c5se Teigland og den anerkjente fylkesmusikeren Frank Rolland hedrer trioen Ola H\u00e5stab\u00f8s livsverk.<\/p>\n<p>Med en god variasjon av springere, rudl og sl\u00e5tter trekker trioen tydelig frem det musikalske arbeidet og dedikasjonen til bonden og spellemannen H\u00e5stab\u00f8.<\/p>\n<p><!--more--><\/p>\n<h4><\/h4>\n<\/p>\n<h4><\/h4>\n<p><h4><\/h4>\n<\/p>\n<p><\/p>","protected":false},"excerpt":{"rendered":"<p>H\u00e5stab\u00f8sl\u00e5ttar er trioens f\u00f8rste av to utgivelser sammen.<\/p>\n","protected":false},"featured_media":35501,"comment_status":"closed","ping_status":"open","template":"","meta":[],"product_brand":[],"product_cat":[35],"product_tag":[],"class_list":{"0":"post-35493","1":"product","2":"type-product","3":"status-publish","4":"has-post-thumbnail","6":"product_cat-heilo","7":"product_shipping_class-cddvd-shipping","8":"uni_artist_tag-ase-teigland","9":"uni_artist_tag-frank-henrik-rolland","10":"uni_artist_tag-hallvard-kvale","11":"uni_artist_tag-knut-hamre","12":"uni_artist_tag-trad","13":"uni_artist_genre-folk-music","15":"first","16":"instock","17":"taxable","18":"shipping-taxable","19":"purchasable","20":"product-type-simple"},"_links":{"self":[{"href":"https:\/\/grappa.no\/no\/wp-json\/wp\/v2\/product\/35493","targetHints":{"allow":["GET"]}}],"collection":[{"href":"https:\/\/grappa.no\/no\/wp-json\/wp\/v2\/product"}],"about":[{"href":"https:\/\/grappa.no\/no\/wp-json\/wp\/v2\/types\/product"}],"replies":[{"embeddable":true,"href":"https:\/\/grappa.no\/no\/wp-json\/wp\/v2\/comments?post=35493"}],"wp:featuredmedia":[{"embeddable":true,"href":"https:\/\/grappa.no\/no\/wp-json\/wp\/v2\/media\/35501"}],"wp:attachment":[{"href":"https:\/\/grappa.no\/no\/wp-json\/wp\/v2\/media?parent=35493"}],"wp:term":[{"taxonomy":"product_brand","embeddable":true,"href":"https:\/\/grappa.no\/no\/wp-json\/wp\/v2\/product_brand?post=35493"},{"taxonomy":"product_cat","embeddable":true,"href":"https:\/\/grappa.no\/no\/wp-json\/wp\/v2\/product_cat?post=35493"},{"taxonomy":"product_tag","embeddable":true,"href":"https:\/\/grappa.no\/no\/wp-json\/wp\/v2\/product_tag?post=35493"}],"curies":[{"name":"wp","href":"https:\/\/api.w.org\/{rel}","templated":true}]}}