{"id":35418,"date":"1995-08-07T00:00:00","date_gmt":"1995-08-06T23:00:00","guid":{"rendered":"http:\/\/www.grappa.no\/no\/albums\/ukategorisert\/edvard-grieg-complete-sonatas-for-violin-and-piano\/"},"modified":"2018-04-11T09:18:05","modified_gmt":"2018-04-11T08:18:05","slug":"edvard-grieg-complete-sonatas-for-violin-and-piano","status":"publish","type":"product","link":"https:\/\/grappa.no\/no\/albums\/simax-classics\/edvard-grieg-complete-sonatas-for-violin-and-piano\/","title":{"rendered":"Edvard Grieg: Complete Sonatas for Violin and Piano"},"content":{"rendered":"<p><\/p>\n<p>Tre praktfulle sonater<\/p>\n<p>Fiolinist Geir Inge Lotsberg og pianist Einar Steen-N\u00f8kleberg fremf\u00f8rer i denne innspillingen tre av Edvard Griegs sonater, som han selv har karakterisert: \u201dden f\u00f8rste, naive, rik p\u00e5 forbilder, den andre, nasjonale og den tredje med den videre horisont\u201d. <\/p>\n<p>Sammen ut\u00f8ver de en utmerket tolkning av de ulike uttrykkene Grieg har benyttet seg av i disse komposisjonene. Her f\u00e5r man en innf\u00f8ring i typisk tysk romantikk, men ogs\u00e5 norske innslag, f\u00f8r han videre har latt seg inspirere av b\u00e5de den norske springaren og hardingfela. <\/p>\n<p>Den rytmiske snerten og de mange musikalske overraskelsene har Lotsberg og Steen-N\u00f8kleberg fremhevet p\u00e5 en fremdragende m\u00e5te.<\/p>\n<p><!--more--><\/p>\n<h4><\/h4>\n<\/p>\n<h4><\/h4>\n<p><h4><\/h4>\n<\/p>\n<p><\/p>","protected":false},"excerpt":{"rendered":"<p>Geir Inge Lotsberg og Einar Steen-N\u00f8kleberg ut\u00f8ver en utmerket tolkning av Griegs tre sonater for fiolin og piano.<\/p>\n","protected":false},"featured_media":35419,"comment_status":"closed","ping_status":"open","template":"","meta":[],"product_brand":[],"product_cat":[180],"product_tag":[],"class_list":{"0":"post-35418","1":"product","2":"type-product","3":"status-publish","4":"has-post-thumbnail","6":"product_cat-simax-classics","7":"product_shipping_class-cddvd-shipping","8":"uni_artist_tag-edvard-grieg","9":"uni_artist_tag-einar-steen-nokleberg","10":"uni_artist_tag-geir-inge-lotsberg","11":"uni_artist_tag-krzysztof-drab","12":"uni_main_artist_tag-geir-inge-lotsberg","14":"first","15":"outofstock","16":"taxable","17":"shipping-taxable","18":"product-type-simple"},"_links":{"self":[{"href":"https:\/\/grappa.no\/no\/wp-json\/wp\/v2\/product\/35418","targetHints":{"allow":["GET"]}}],"collection":[{"href":"https:\/\/grappa.no\/no\/wp-json\/wp\/v2\/product"}],"about":[{"href":"https:\/\/grappa.no\/no\/wp-json\/wp\/v2\/types\/product"}],"replies":[{"embeddable":true,"href":"https:\/\/grappa.no\/no\/wp-json\/wp\/v2\/comments?post=35418"}],"wp:featuredmedia":[{"embeddable":true,"href":"https:\/\/grappa.no\/no\/wp-json\/wp\/v2\/media\/35419"}],"wp:attachment":[{"href":"https:\/\/grappa.no\/no\/wp-json\/wp\/v2\/media?parent=35418"}],"wp:term":[{"taxonomy":"product_brand","embeddable":true,"href":"https:\/\/grappa.no\/no\/wp-json\/wp\/v2\/product_brand?post=35418"},{"taxonomy":"product_cat","embeddable":true,"href":"https:\/\/grappa.no\/no\/wp-json\/wp\/v2\/product_cat?post=35418"},{"taxonomy":"product_tag","embeddable":true,"href":"https:\/\/grappa.no\/no\/wp-json\/wp\/v2\/product_tag?post=35418"}],"curies":[{"name":"wp","href":"https:\/\/api.w.org\/{rel}","templated":true}]}}