{"id":35401,"date":"2018-02-02T00:00:00","date_gmt":"2018-02-01T23:00:00","guid":{"rendered":"http:\/\/www.grappa.no\/no\/albums\/ukategorisert\/skydive-trio-sun-sparkle\/"},"modified":"2020-08-21T09:17:20","modified_gmt":"2020-08-21T08:17:20","slug":"sun-sparkle","status":"publish","type":"product","link":"https:\/\/grappa.no\/no\/albums\/hubro\/sun-sparkle\/","title":{"rendered":"Sun Sparkle"},"content":{"rendered":"<p><\/p>\n<p>Sterk oppf\u00f8lger fra gitartrio.  SkyDive Trio best\u00e5r av Thomas T Dahl (gitarer), Mats Eilertsen (bass) og den finske trommeslageren Olavi Luohivuori. Gruppens debutalbum Sun Moee (2015) fikk overveldende kritikker og ble fremhevet som en av \u00e5rets beste jazzalbum. Anmelder Terje Mosnes beskrev albumet som \u00abet ubeskjemmet melodimasserende gitartrioalbum som lever et godt liv i ekkoet av Bill Frisell, Pat Metheny og innimellom Terje Rypdal og Peter Green\u00bb. N\u00e5 kommer endelig oppf\u00f8lgeren \u00abSun Sparkle\u00bb.\u00a0Trioen l\u00e5ter mer samspilt enn noensinne, og melodirikdomen, fingerspissf\u00f8lelsen og raffinementet fra debuten er i aller h\u00f8yeste grad intakt.<\/p>\n<p><!--more--><\/p>\n<h4><\/h4>\n<\/p>\n<h4><\/h4>\n<p><h4><\/h4>\n<\/p>\n<p><\/p>","protected":false},"excerpt":{"rendered":"<p>Trioen l\u00e5ter mer samspilt enn noensinne, og melodirikdomen, fingerspissf\u00f8lelsen og raffinementet fra debuten er i aller h\u00f8yeste grad intakt. Tilgjengelig som CD og Vinyl.<\/p>\n","protected":false},"featured_media":35404,"comment_status":"closed","ping_status":"open","template":"","meta":[],"product_brand":[],"product_cat":[36],"product_tag":[],"class_list":{"0":"post-35401","1":"product","2":"type-product","3":"status-publish","4":"has-post-thumbnail","6":"product_cat-hubro","7":"product_shipping_class-cddvd-shipping","8":"uni_artist_tag-mats-eilertsen","9":"uni_artist_tag-olavi-louhivuori","10":"uni_artist_tag-skydive-trio","11":"uni_artist_tag-thomas-dahl","12":"uni_main_artist_tag-skydive-trio","13":"uni_artist_genre-instrumental","14":"uni_artist_genre-jazz","16":"first","17":"instock","18":"taxable","19":"shipping-taxable","20":"purchasable","21":"product-type-variable","22":"has-default-attributes"},"_links":{"self":[{"href":"https:\/\/grappa.no\/no\/wp-json\/wp\/v2\/product\/35401","targetHints":{"allow":["GET"]}}],"collection":[{"href":"https:\/\/grappa.no\/no\/wp-json\/wp\/v2\/product"}],"about":[{"href":"https:\/\/grappa.no\/no\/wp-json\/wp\/v2\/types\/product"}],"replies":[{"embeddable":true,"href":"https:\/\/grappa.no\/no\/wp-json\/wp\/v2\/comments?post=35401"}],"wp:featuredmedia":[{"embeddable":true,"href":"https:\/\/grappa.no\/no\/wp-json\/wp\/v2\/media\/35404"}],"wp:attachment":[{"href":"https:\/\/grappa.no\/no\/wp-json\/wp\/v2\/media?parent=35401"}],"wp:term":[{"taxonomy":"product_brand","embeddable":true,"href":"https:\/\/grappa.no\/no\/wp-json\/wp\/v2\/product_brand?post=35401"},{"taxonomy":"product_cat","embeddable":true,"href":"https:\/\/grappa.no\/no\/wp-json\/wp\/v2\/product_cat?post=35401"},{"taxonomy":"product_tag","embeddable":true,"href":"https:\/\/grappa.no\/no\/wp-json\/wp\/v2\/product_tag?post=35401"}],"curies":[{"name":"wp","href":"https:\/\/api.w.org\/{rel}","templated":true}]}}