{"id":35352,"date":"2018-04-06T00:00:00","date_gmt":"2018-04-05T23:00:00","guid":{"rendered":"http:\/\/www.grappa.no\/no\/albums\/ukategorisert\/frode-haltli-avant-folk\/"},"modified":"2020-08-21T09:17:30","modified_gmt":"2020-08-21T08:17:30","slug":"avant-folk","status":"publish","type":"product","link":"https:\/\/grappa.no\/no\/albums\/hubro\/avant-folk\/","title":{"rendered":"Avant Folk"},"content":{"rendered":"<p><\/p>\n<p>&quot;Avant Folk&quot;.  I Frode Haltlis prosjekt &quot;Avant Folk&quot; m\u00f8tes moderne, eksperimentell folkemusikk jazz og kammermusikk &#8211; som i en dr\u00f8m. Det er litt av en prestasjon, og litt av et band &#8211; best\u00e5ende av ti profesjonelle musikere som hver og en besitter en individuell virtuositet. Sammen har de nok instrumenter til \u00e5 dekke den tonale bredden til et fullt orkester. Likevel beholder de en ydmyk, og nede-p\u00e5-jorda-estetikk som slekter mer p\u00e5 folkemusikktradisjonen. Musikken har i seg ekko fra vest-afrikansk \u00f8rkenblues, \u00f8st-europeisk gypsy-swing, armensk klagesang, til melankolske, nordiske hymner. Likevel f\u00f8les det aldri som at \u201cAvant Folk\u201d presser gjennom en fusjon av ulike elementer og sjangre. Tvert imot skaper \u201cAvant Folk\u201d effektivt sin egen sjanger, og er et behagelig og dyktig musikalsk trekantsamband som ikke h\u00f8res ut som mye annet enn seg selv.  Konserter: 04. april Nasjonal Jazzscene, Victoria &#8211; Oslo (slippkonsert) 25. mai  Nattjazz, Bergen<\/p>\n<p><!--more--><\/p>\n<p>I \u00abAvant Folk\u00bb m\u00f8tes moderne, eksperimentell folkemusikk jazz og kammermusikk &#8211; som i en dr\u00f8m. Det er litt av en prestasjon, og litt av et band &#8211; best\u00e5ende av ti profesjonelle musikere som hver og en besitter en individuell virtuositet. Med Haltlis komposisjoner og tradisjonsmateriale skaper \u201cAvant Folk\u201d effektivt sin egen sjanger, og er et behagelig og dyktig musikalsk trekantsamband som ikke h\u00f8res ut som mye annet enn seg selv.<\/p>\n<h4>&quot;Avant Folk&quot;<\/h4>\n<p>I \u00e5pningssporet p\u00e5 &quot;Avant Folk&quot; m\u00f8ter folkemusikk, jazz og kammermusikk moderne eksperimentell musikk &#8211;\u00a0som i en dr\u00f8m.\u00a0Det er litt av en prestasjon, og litt av et band &#8211; best\u00e5ende av ti profesjonelle musikere som hver og en besitter en individuell virtuositet. Sammen har de nok instrumenter til \u00e5 dekke den tonale bredden til et fullt orkester. Likevel beholder de en ydmyk, og nede-p\u00e5-jorda-estetikk som slekter mer p\u00e5 mer folkemusikktradisjonen. Med Frode Haltli som komponist, kommer &quot;Hug&quot; vuggende, n\u00e6rmest haltende, som en valsende, litt svimmel elefant, f\u00f8r Haltlis hviskende og atmosf\u00e6riske trekkspill \u00e5pner et luftig rom. Temaet kommer inn &#8211; en uimotst\u00e5elig folkemelodi p\u00e5 av fiolin og hardingfele. Halvt sj\u00f8-shanty, halvt pan-afrikansk groove, med en shufflebeat som l\u00e5ter som noe Ed Blackwell kunne ha spilt i bandet til Ornette Coleman. Som om det ikke var nok, utvikler musikken seg mot en trompetsolo av Hildegunn \u00d8iseth som l\u00e5ter s\u00e5 perfekt at den alene er kunne vunnet en pris.\u00a0   Etter som albumet utvikler seg, blir folkemusikkreferansene utvidet til \u00e5 inkludere ekko fra vest-afrikansk \u00f8rkenblues, \u00f8st-europeisk string-swing, armensk klagesang, og melankolske, nordiske hymner. Likevel f\u00f8les det aldri som at \u201cAvant Folk\u201d presser gjennom en fusjon av ulike elementer og sjangre. Bandet h\u00f8res alltid ut som et\u00a0ekte band, lett p\u00e5 foten som et improviserende jazzensemble. Innen lytteren har n\u00e5dd albumets siste spor, \u201cNeid\u201d, en annen av Frode Haltlis komposisjoner, har \u201cAvant Folk\u201d effektivt skapt sin egen sjanger; et musikalsk trekantsamband som ikke h\u00f8res ut som mye annet enn seg selv. All musikk &#8211; enten komponert av Frode Haltli selv, eller tatt fra tradisjonskilder, har blitt arrangert av Haltli og bandmedlemmene i fellesskap.<\/p>\n<h4>Fra folkemusikk til avant-garde<\/h4>\n<p>S\u00e5, hvor kom \u201cAvant Folk\u201d fra, og hvorfor l\u00e5ter det s\u00e5 bra? Til \u00e5 begynne med er Frode Haltli (f\u00f8dt i 1975 i Levanger) p\u00e5 lik linje som mange av hans medmusikere, en klassisk skolert virtuos. Han begynte \u00e5 spille trekkspill i syv\u00e5rsalderen, og er vant til \u00e5 b\u00e5de jobbe med ulike former for musikk, alt fra tradisjonell folkemusikk til avant-garde, til \u00e5 samarbeide med musikere med vidt ulik bakgrunn. Haltli komponerer b\u00e5de p\u00e5 egenh\u00e5nd og sammen med Maja S.K. Ratkje. Hun er albumets co-produsent, og har redigert og mikset \u201cAvant Folk\u201d. Som komponist har Haltli knyttet sterke b\u00e5nd til komponister og musikere b\u00e5de i Norge og internasjonalt. Han viser at det er mulig \u00e5 bevege seg innom vidt forskjellige sjangere &#8211; fra \u00e5 gi ut Arne Nordheims trekkspillverk, til \u00e5 dukke opp i jazzsaksofonisten Trygve Seims ulike musikalske prosjekter. Frode Haltlis debutalbum p\u00e5 ECM \u201cLooking On Darkness\u201d ble gitt ut i 2002, etterfulgt av \u201cPassing Images\u201d fra 2007 (med trompetist Arve Henriksen, fiolinist Garth Knox og Maja S.K. Ratkje p\u00e5 vokal). I 2016 slapp han \u201cAir\u201d &#8211; musikk for trekkspill og stryk av Hans Abrahamsen og Bent S\u00f8rensen, med\u00a0 TrondheimSolistene og\u00a0 The Arditti Quartet. Hans debututgivelse p\u00e5 Hubro, \u201cVagabonde Blu\u201d (2014), er en live soloplate med verk av Salvatore Sciarrino, Aldo Clementi og Arne Nordheim som ble Spellemann-nominert. Som om det var n\u00f8dvendig \u00e5 eksemplifisere flere prosjekter der Frode Haltli smelter sammen klassisk repertoar med folkemusikk og jazz, er duoen med Gjermund Larsen verdt \u00e5 nevne, s\u00e5 vel som\u00a0 The Snowflake Trio\u00a0 med den irske fl\u00f8ytisten Nulala Kennedy og felespiller Vegar V\u00e5rdal, og trioen med felespiller Ragnhild Furebotten og den svenske n\u00f8kkelharpisten Emilia Amper.<\/p>\n<h4>Musikalsk bredde<\/h4>\n<p>Bredden til Frode Haltli er ikke uvanlig i norsk musikkliv, for vi kan finne den igjen hos mange av hans medmusikanter, f.eks. Erlend Apneseth (felespiller med flere Hubro-utgivelser), og keyboardist St\u00e5le Storl\u00f8kken (Supersilent og Motorpsycho mm.), som p\u00e5 samme m\u00e5te som Haltli har musikk-karrierer som n\u00e5r bredt ut i tallrike musikalske sjangre og kontekster.\u00a0 Avslutningsvis m\u00e5 det v\u00e6re musikken som har siste ord n\u00e5r man omtaler \u201cAvant Folk\u201d. Albumet avsluttes p\u00e5 et storslagent vis med Haltlis \u201cNeid\u201d &#8211; en original, tidl\u00f8s komposisjon som er en malstr\u00f8m der lengtende post-serialistisk glissandoer kobles med et klagesang-liknende refreng. Haltlis egne, imponerende trekkspillsolo er sl\u00e5ende, og dens intense, sentimentale stemme bryter frem blant et perkussivt teppe av det som h\u00f8res ut som en ansamling av tinnlokk og gamle kjeksbokser. Deretter tilf\u00f8res den ydmyke, men majestetiske kontrabassen og countryinspirerte gitaren, og sammen reiser de \u00f8stover mot Balkan, f\u00f8r de ender opp i nord igjen. Den tretten minutter lange l\u00e5ta l\u00f8ser seg ypperlig ut i en siste sakral hymne. Wow!  Konserter: 04. april Nasjonal Jazzscene, Victoria &#8211; Oslo (slippkonsert) 25. mai  Nattjazz, Bergen<\/p>\n<p><\/p>","protected":false},"excerpt":{"rendered":"<p>I \u00abAvant Folk\u00bb m\u00f8tes moderne, eksperimentell folkemusikk jazz og kammermusikk &#8211; som i en dr\u00f8m.<\/p>\n","protected":false},"featured_media":35355,"comment_status":"closed","ping_status":"open","template":"","meta":[],"product_brand":[],"product_cat":[36],"product_tag":[],"class_list":{"0":"post-35352","1":"product","2":"type-product","3":"status-publish","4":"has-post-thumbnail","6":"product_cat-hubro","7":"product_shipping_class-cddvd-shipping","8":"uni_artist_tag-erlend-apneseth","9":"uni_artist_tag-fredrik-luhr-dietrichson","10":"uni_artist_tag-frode-haltli","11":"uni_artist_tag-hans-p-kjorstad","12":"uni_artist_tag-hildegunn-oiseth","13":"uni_artist_tag-juhani-silvola","14":"uni_artist_tag-maja-s-k-ratkje","15":"uni_artist_tag-oddrun-lilja-jonsdottir","16":"uni_artist_tag-rolf-erik-nystrom","17":"uni_artist_tag-siv-oyunn-kjenstad","18":"uni_artist_tag-stale-storlokken","19":"uni_artist_tag-trad","20":"uni_main_artist_tag-frode-haltli","21":"uni_artist_genre-folk-music","22":"uni_artist_genre-instrumental","23":"uni_artist_genre-jazz","25":"first","26":"instock","27":"taxable","28":"shipping-taxable","29":"purchasable","30":"product-type-variable","31":"has-default-attributes"},"_links":{"self":[{"href":"https:\/\/grappa.no\/no\/wp-json\/wp\/v2\/product\/35352","targetHints":{"allow":["GET"]}}],"collection":[{"href":"https:\/\/grappa.no\/no\/wp-json\/wp\/v2\/product"}],"about":[{"href":"https:\/\/grappa.no\/no\/wp-json\/wp\/v2\/types\/product"}],"replies":[{"embeddable":true,"href":"https:\/\/grappa.no\/no\/wp-json\/wp\/v2\/comments?post=35352"}],"wp:featuredmedia":[{"embeddable":true,"href":"https:\/\/grappa.no\/no\/wp-json\/wp\/v2\/media\/35355"}],"wp:attachment":[{"href":"https:\/\/grappa.no\/no\/wp-json\/wp\/v2\/media?parent=35352"}],"wp:term":[{"taxonomy":"product_brand","embeddable":true,"href":"https:\/\/grappa.no\/no\/wp-json\/wp\/v2\/product_brand?post=35352"},{"taxonomy":"product_cat","embeddable":true,"href":"https:\/\/grappa.no\/no\/wp-json\/wp\/v2\/product_cat?post=35352"},{"taxonomy":"product_tag","embeddable":true,"href":"https:\/\/grappa.no\/no\/wp-json\/wp\/v2\/product_tag?post=35352"}],"curies":[{"name":"wp","href":"https:\/\/api.w.org\/{rel}","templated":true}]}}