{"id":35350,"date":"2009-03-09T00:00:00","date_gmt":"2009-03-08T23:00:00","guid":{"rendered":"http:\/\/www.grappa.no\/no\/albums\/ukategorisert\/soul-deep\/"},"modified":"2020-08-21T08:56:10","modified_gmt":"2020-08-21T07:56:10","slug":"noora-noor-soul-deep","status":"publish","type":"product","link":"https:\/\/grappa.no\/no\/albums\/blue-mood-records\/noora-noor-soul-deep\/","title":{"rendered":"Noora Noor: Soul Deep"},"content":{"rendered":"<p><\/p>\n<p>Norsk soulklassiker.  2009 var \u00e5ret for Noora Noors comeback som soloartist og Soul Deep levner ingen tvil om at hun er kommet for \u00e5 bli! Albumet regnes allerede som en klassiker i norsk musikk og har f\u00e5tt glitrende omtaler og h\u00f8ye terningkast. Flere kritikere mente at Soul Deep markerte en renessanse, ikke bare for Noors egen karriere, men ogs\u00e5 for blues- og soulmusikken i Norge. Noors store stemme forf\u00f8rer oss gjennom eget l\u00e5tmateriale, samt et knippe coverversjoner av klassikere som hun \u00f8nsket \u00e5 sette sitt eget preg p\u00e5. Produsent er ingen ringere enn legendariske Kid Andersen, som med st\u00f8dig h\u00e5nd viser vei gjennom repertoaret som spenner fra tett funk og sugende ballader. Den musikalske inderligheten og selvsikkerheten gj\u00f8r dette albumet til et av de mest slagkraftige i hele dette ti\u00e5ret. Soul Deep er ogs\u00e5 gitt ut som LP.<\/p>\n<p><!--more--><\/p>\n<p>Noora Noor er tilbake med en norsk soulklassiker. Soul Deep levner ingen tvil om at Noora Noor er kommet for \u00e5 bli!<\/p>\n<h4>Spennende l\u00e5tmateriale<\/h4>\n<p>Noor har en av Norges flotteste stemmer og her er hun virkelig p\u00e5 sitt absolutt beste. Hennes store stemme forf\u00f8rer oss gjennom eget l\u00e5tmateriale, samt et knippe coverversjoner av klassikere som Noor \u00f8nsket \u00e5 sette sitt eget preg p\u00e5. Hun tolker blant annet Curtis Mayfields \u201dMove on Up\u201d og Isaac Lee Hayes\u00b4 \u201dYour Good Thing\u201d. Soul Deep er dessuten proppfullt av nyskrevne, sterke l\u00e5ter, slik som for eksempel den en funky hyllestl\u00e5ten \u201dMusiq\u201d og den nydelige soulballaden \u201dForget What I Said\u201d, skrevet av Ole Reinert Berg-Olsen, som raskt fant veien til radioenes spillelister. Repertoaret spenner fra tett funk og sugende ballader.<\/p>\n<h4>Mesterprodusent Kid Andersen<\/h4>\n<p>Noora Noor har g\u00e5tt tilbake til soulens dype r\u00f8tter og lyden av Stax og Motown. Med seg p\u00e5 ferden fikk hun med seg mestergitaristen og labelkollega Kid Andersen som produsent. Albumet ble da ogs\u00e5 spilt inn i hans studio i San Jos\u00e9, California med lokale rhythm &amp; blues-musikere. Talentfulle bl\u00e5sere og gnistrende kordamer bidrar til \u00e5 l\u00f8fte dette albumet til uante h\u00f8yder og resultatet er blitt en autentisk plate der musikkgleden bobler.<\/p>\n<h4><\/h4>\n<\/p>\n<p><\/p>","protected":false},"excerpt":{"rendered":"<p>Sterkt comeback fra Norges souldronning.<\/p>\n","protected":false},"featured_media":35390,"comment_status":"closed","ping_status":"open","template":"","meta":[],"product_brand":[],"product_cat":[51],"product_tag":[],"class_list":{"0":"post-35350","1":"product","2":"type-product","3":"status-publish","4":"has-post-thumbnail","6":"product_cat-blue-mood-records","7":"product_shipping_class-cddvd-shipping","8":"uni_artist_genre-norwegian-grammy-award-spellemannvinner","9":"uni_artist_genre-rhythm-and-blues","10":"uni_artist_genre-soul","12":"first","13":"instock","14":"taxable","15":"shipping-taxable","16":"purchasable","17":"product-type-variable","18":"has-default-attributes"},"_links":{"self":[{"href":"https:\/\/grappa.no\/no\/wp-json\/wp\/v2\/product\/35350","targetHints":{"allow":["GET"]}}],"collection":[{"href":"https:\/\/grappa.no\/no\/wp-json\/wp\/v2\/product"}],"about":[{"href":"https:\/\/grappa.no\/no\/wp-json\/wp\/v2\/types\/product"}],"replies":[{"embeddable":true,"href":"https:\/\/grappa.no\/no\/wp-json\/wp\/v2\/comments?post=35350"}],"wp:featuredmedia":[{"embeddable":true,"href":"https:\/\/grappa.no\/no\/wp-json\/wp\/v2\/media\/35390"}],"wp:attachment":[{"href":"https:\/\/grappa.no\/no\/wp-json\/wp\/v2\/media?parent=35350"}],"wp:term":[{"taxonomy":"product_brand","embeddable":true,"href":"https:\/\/grappa.no\/no\/wp-json\/wp\/v2\/product_brand?post=35350"},{"taxonomy":"product_cat","embeddable":true,"href":"https:\/\/grappa.no\/no\/wp-json\/wp\/v2\/product_cat?post=35350"},{"taxonomy":"product_tag","embeddable":true,"href":"https:\/\/grappa.no\/no\/wp-json\/wp\/v2\/product_tag?post=35350"}],"curies":[{"name":"wp","href":"https:\/\/api.w.org\/{rel}","templated":true}]}}