{"id":35340,"date":"2018-03-16T00:00:00","date_gmt":"2018-03-15T23:00:00","guid":{"rendered":"http:\/\/www.grappa.no\/no\/albums\/ukategorisert\/splashgirl-sixth-sense\/"},"modified":"2020-08-21T09:17:11","modified_gmt":"2020-08-21T08:17:11","slug":"sixth-sense","status":"publish","type":"product","link":"https:\/\/grappa.no\/no\/albums\/hubro\/sixth-sense\/","title":{"rendered":"Sixth Sense"},"content":{"rendered":"<p><\/p>\n<p>Splashgirl i nytt kreativt farvann.  Den elektro-akustiske pianotrioen Splashgirl (Andreas L\u00f8we, Jo Berger Myhre og Andreas L\u00f8nmo Knudsr\u00f8d) var f\u00f8rste band som signerte for HUBRO for mer enn \u00e5tte \u00e5r siden. N\u00e5r de n\u00e5 slipper sitt sjette album, der samarbeidet med den teknikeren og musikeren Randall Dunn, kjent for sitt arbeid med Earth and Sunn O)) fortsetter &#8211; er det tydelig at Splashgirl har n\u00e5dd enden av en fase og beveger seg inn i nytt kreativt farvann. \u00abSixth Sense\u00bb viser et band som frigj\u00f8r seg fra sin egen musikalske fortid. Albumet er\u00a0et bemerkelsesverdig vellykket fors\u00f8k p\u00e5 \u00e5 fange ekstremer i hele bredden av det soniske spekteret. Kort sagt \u00abSixth Sense\u00bb l\u00e5ter massivt og overveldende.<\/p>\n<p><!--more--><\/p>\n<p>Den elektro-akustiske pianotrioen Splashgirl (Andreas L\u00f8we, Jo Berger Myhre og Andreas L\u00f8nmo Knudsr\u00f8d) var f\u00f8rste band som signerte for HUBRO for mer enn \u00e5tte \u00e5r siden. N\u00e5r de n\u00e5 slipper sitt sjette album, der samarbeidet med den teknikeren og musikeren Randall Dunn, kjent for sitt arbeid med Earth and Sunn O)) fortsetter &#8211; er det tydelig at Splashgirl har n\u00e5dd enden av en fase og beveger seg inn i nytt kreativt farvann.<\/p>\n<h4><\/h4>\n<\/p>\n<h4><\/h4>\n<p><h4><\/h4>\n<\/p>\n<p><\/p>","protected":false},"excerpt":{"rendered":"<p>\u00abSixth Sense\u00bb viser et band som frigj\u00f8r seg fra sin egen musikalske fortid. Albumet er\u00a0et bemerkelsesverdig vellykket fors\u00f8k p\u00e5 \u00e5 fange ekstremer i hele bredden av det soniske spekteret. Kort sagt \u00abSixth Sense\u00bb l\u00e5ter massivt og overveldende.<\/p>\n","protected":false},"featured_media":36811,"comment_status":"closed","ping_status":"open","template":"","meta":[],"product_brand":[],"product_cat":[36],"product_tag":[],"class_list":{"0":"post-35340","1":"product","2":"type-product","3":"status-publish","4":"has-post-thumbnail","6":"product_cat-hubro","7":"product_shipping_class-cddvd-shipping","8":"uni_artist_tag-andreas-lonmo-knudsrod","9":"uni_artist_tag-andreas-stensland-lowe","10":"uni_artist_tag-jo-berger-myhre","11":"uni_artist_tag-splashgirl","12":"uni_main_artist_tag-splashgirl","13":"uni_artist_genre-electronic","14":"uni_artist_genre-instrumental","15":"uni_artist_genre-jazz","16":"uni_artist_genre-rock","18":"first","19":"instock","20":"taxable","21":"shipping-taxable","22":"purchasable","23":"product-type-variable","24":"has-default-attributes"},"_links":{"self":[{"href":"https:\/\/grappa.no\/no\/wp-json\/wp\/v2\/product\/35340","targetHints":{"allow":["GET"]}}],"collection":[{"href":"https:\/\/grappa.no\/no\/wp-json\/wp\/v2\/product"}],"about":[{"href":"https:\/\/grappa.no\/no\/wp-json\/wp\/v2\/types\/product"}],"replies":[{"embeddable":true,"href":"https:\/\/grappa.no\/no\/wp-json\/wp\/v2\/comments?post=35340"}],"wp:featuredmedia":[{"embeddable":true,"href":"https:\/\/grappa.no\/no\/wp-json\/wp\/v2\/media\/36811"}],"wp:attachment":[{"href":"https:\/\/grappa.no\/no\/wp-json\/wp\/v2\/media?parent=35340"}],"wp:term":[{"taxonomy":"product_brand","embeddable":true,"href":"https:\/\/grappa.no\/no\/wp-json\/wp\/v2\/product_brand?post=35340"},{"taxonomy":"product_cat","embeddable":true,"href":"https:\/\/grappa.no\/no\/wp-json\/wp\/v2\/product_cat?post=35340"},{"taxonomy":"product_tag","embeddable":true,"href":"https:\/\/grappa.no\/no\/wp-json\/wp\/v2\/product_tag?post=35340"}],"curies":[{"name":"wp","href":"https:\/\/api.w.org\/{rel}","templated":true}]}}