{"id":35327,"date":"2018-03-16T00:00:00","date_gmt":"2018-03-15T23:00:00","guid":{"rendered":"http:\/\/www.grappa.no\/no\/albums\/ukategorisert\/bekken-gjems-spell-live-pa-herr-nilsen\/"},"modified":"2018-07-30T08:33:09","modified_gmt":"2018-07-30T07:33:09","slug":"bekken-gjems-spell-live-pa-herr-nilsen","status":"publish","type":"product","link":"https:\/\/grappa.no\/no\/albums\/blue-mood-records\/bekken-gjems-spell-live-pa-herr-nilsen\/","title":{"rendered":"Bekken &amp; Gjems &#8211; SPELL &#8211; Live p\u00e5 Herr Nilsen"},"content":{"rendered":"<p><\/p>\n<p>Fra \u00f8verste hylle!<\/p>\n<p>Skal man holde p\u00e5 med musikk, live eller p\u00e5 plate kan det like gjerne gj\u00f8res med h\u00f8yeste grad av alvor, innsikt og kompetanse! Tor Einar Bekken og Richard Gjems har i 10 \u00e5r turnert med sitt ekstreme univers. Det sier seg selv at slik musikk som dette egner seg spesielt godt live, og her er alts\u00e5 en utgivelse som kombinerer det beste fra begge verdener, en liveplate!<\/p>\n<p><!--more--><\/p>\n<p>Skal man holde p\u00e5 med musikk, live eller p\u00e5 plate kan det like gjerne gj\u00f8res med h\u00f8yeste grad av alvor, innsikt og kompetanse! Tor Einar Bekken og Richard Gjems har i 10 \u00e5r turnert med sitt ekstreme univers.<\/p>\n<h4>P\u00e5 \u00f8verste hylle.<\/h4>\n<p>Ved \u00e5 hevde at alt er hentet fra \u00f8verste hylle, er det n\u00f8dvendig \u00e5 spesifisere at man ikke snakker om lagerhyllene til IKEA eller Clas Ohlson, men &quot;Hyllene&quot;. De samme hyllene hvor kvalitetsorienterte, framskredne spesialister i internasjonalt toppsjikt lagrer greiene sine.<\/p>\n<h4>Liveplate OG video!<\/h4>\n<p>Det sier seg selv at slik musikk som dette egner seg spesielt godt live, og her er alts\u00e5 en utgivelse som kombinerer det beste fra begge verdener, en liveplate! P\u00e5 toppen av det hele finnes en konsertversjon p\u00e5 video, med lydsporet fra albumet. Duoen utvides denne gang med en gitarist som kvalifiserer med sin leksikale kapasitet s\u00e5vel som sitt smakfulle spell, Jan Christian Gjems. Opplevelsen toppes med en sjelevrengende gjesteopptreden av Noora Noor.<\/p>\n<h4>Blue Moods mantra<\/h4>\n<p>Med utgangspunkt i \u00e5 ikke oppfattes som arrogant, er det likevel helt trygt \u00e5 hevde at dette har du aldri h\u00f8rt maken til. Den \u00e5penbare grunnen til det er selvsagt at dette er et helt unikt format, overlegne musikalske prestasjoner og varierte referanser. Blue Moods mantra om at &quot;en plate er et postkort fra en konsert&quot; lever videre.<\/p>\n<p><\/p>","protected":false},"excerpt":{"rendered":"<p>Skal man holde p\u00e5 med musikk, live eller p\u00e5 plate kan det like gjerne gj\u00f8res med h\u00f8yeste grad av alvor, innsikt og kompetanse! Tor Einar Bekken og Richard Gjems har i 10 \u00e5r turnert med sitt ekstreme univers.<\/p>\n","protected":false},"featured_media":35328,"comment_status":"closed","ping_status":"open","template":"","meta":[],"product_brand":[],"product_cat":[51],"product_tag":[],"class_list":{"0":"post-35327","1":"product","2":"type-product","3":"status-publish","4":"has-post-thumbnail","6":"product_cat-blue-mood-records","7":"product_shipping_class-cddvd-shipping","8":"uni_artist_tag-bobby-charles","9":"uni_artist_tag-carl-jularbo","10":"uni_artist_tag-dr-bekken","11":"uni_artist_tag-eddie-miller","12":"uni_artist_tag-eric-malling","13":"uni_artist_tag-frank-loesser","14":"uni_artist_tag-gus-cannon","15":"uni_artist_tag-jan-christian-gjems","16":"uni_artist_tag-jelly-roll-morton","17":"uni_artist_tag-noora-noor","18":"uni_artist_tag-pierre-de-geyter","19":"uni_artist_tag-randy-newman","20":"uni_artist_tag-richard-gjems","21":"uni_artist_tag-scott-joplin","22":"uni_artist_tag-sonny-burke","23":"uni_artist_tag-trad","24":"uni_artist_genre-blues","25":"uni_artist_genre-jazz","27":"first","28":"instock","29":"taxable","30":"shipping-taxable","31":"purchasable","32":"product-type-simple"},"_links":{"self":[{"href":"https:\/\/grappa.no\/no\/wp-json\/wp\/v2\/product\/35327","targetHints":{"allow":["GET"]}}],"collection":[{"href":"https:\/\/grappa.no\/no\/wp-json\/wp\/v2\/product"}],"about":[{"href":"https:\/\/grappa.no\/no\/wp-json\/wp\/v2\/types\/product"}],"replies":[{"embeddable":true,"href":"https:\/\/grappa.no\/no\/wp-json\/wp\/v2\/comments?post=35327"}],"wp:featuredmedia":[{"embeddable":true,"href":"https:\/\/grappa.no\/no\/wp-json\/wp\/v2\/media\/35328"}],"wp:attachment":[{"href":"https:\/\/grappa.no\/no\/wp-json\/wp\/v2\/media?parent=35327"}],"wp:term":[{"taxonomy":"product_brand","embeddable":true,"href":"https:\/\/grappa.no\/no\/wp-json\/wp\/v2\/product_brand?post=35327"},{"taxonomy":"product_cat","embeddable":true,"href":"https:\/\/grappa.no\/no\/wp-json\/wp\/v2\/product_cat?post=35327"},{"taxonomy":"product_tag","embeddable":true,"href":"https:\/\/grappa.no\/no\/wp-json\/wp\/v2\/product_tag?post=35327"}],"curies":[{"name":"wp","href":"https:\/\/api.w.org\/{rel}","templated":true}]}}