{"id":35312,"date":"2014-05-16T00:00:00","date_gmt":"2014-05-15T23:00:00","guid":{"rendered":"http:\/\/www.grappa.no\/albums\/uncategorized\/reza-e-iragazzi-grieg-unheard\/"},"modified":"2020-08-21T09:18:01","modified_gmt":"2020-08-21T08:18:01","slug":"reza-e-iragazzi-grieg-unheard","status":"publish","type":"product","link":"https:\/\/grappa.no\/no\/albums\/simax-classics\/reza-e-iragazzi-grieg-unheard\/","title":{"rendered":"Reza e iRagazzi: Grieg Unheard"},"content":{"rendered":"<p><\/p>\n<p>Uh\u00f8rt Grieg!  Med fortid fra Khommeinis Iran, Norges musikkh\u00f8gskole og hiphopscenen gj\u00f8r Reza og kremen av Norske operasolister Grieg-sanger p\u00e5 sin m\u00e5te. Med J\u00f8rgen Tr\u00e6en i produsentstolen: 13 l\u00e5ter av Grieg slik du aldri har h\u00f8rt det tidligere.  \u00abDet er fett at jeg, en pakkis i bunad, booster nasjonalf\u00f8lelsen med en overdose Grieg i Grunnlovs\u00e5ret\u00bb, sier Reza p\u00e5 sedvanlige skakke vis. Reza og gutta elsker Grieg! Den hemningsl\u00f8se kj\u00e6rligheten til v\u00e5r st\u00f8rste komponist \u00f8nsker de \u00e5 dele med hele befolkningen \u2013 ogs\u00e5 dem som ikke vanligvis er i det klassiske hj\u00f8rnet hva musikalsk smak ang\u00e5r. I full \u00e6rb\u00f8dighet til nasjonalskatten Grieg og hans komposisjoner, og i NULL \u00e6rb\u00f8dighet til konvensjoner. Innspilt p\u00e5 Troldhaugen og mikset i indie-heaven Bergen Kj\u00f8tt! Ogs\u00e5 tilgjengelig som 180g vinyl i en de-luxe gatefold designet av Martin Kvamme.<\/p>\n<p><!--more--><\/p>\n<p>Med fortid fra Khommeinis Iran, Norges musikkh\u00f8gskole og hiphopscenen gj\u00f8r Reza og kremen av Norske operasolister Grieg-sanger p\u00e5 sin m\u00e5te. Innspilt i Lommedalen kirke, Den Norske Opera og i Griegs eget hjem p\u00e5 Troldhaugen med J\u00f8rgen Tr\u00e6en i produsentstolen: 13 l\u00e5ter av Grieg slik du aldri har h\u00f8rt det tidligere.<\/p>\n<h4>Hvorfor Grieg?<\/h4>\n<p>\u00abDet er fett at jeg, en pakkis i bunad, booster nasjonalf\u00f8lelsen med en overdose Grieg i Grunnlovs\u00e5ret\u00bb, sier Reza p\u00e5 sedvanlige skakke vis. Reza og gutta elsker Grieg! Den hemningsl\u00f8se kj\u00e6rligheten til v\u00e5r st\u00f8rste komponist \u00f8nsker de \u00e5 dele med hele befolkningen \u2013 ogs\u00e5 dem som ikke har for vane \u00e5 befinne seg i det klassiske hj\u00f8rnet hva musikalsk smak ang\u00e5r. P\u00e5 samme m\u00e5te som de har gjort p\u00e5 Underwater pub i Oslo gjennom 20 \u00e5r; tar musikken direkte fra egne hjerter og til publikum.<\/p>\n<h4>Grensel\u00f8st arbeid<\/h4>\n<p>Hjertet styrer ogs\u00e5 n\u00e5r innspillingen f\u00e5r sin produsent: J\u00f8rgen Tr\u00e6en. Kanskje mest kjent for arbeid med Kaizers Orchestra og Magnet, men selv ogs\u00e5 en stor Grieg-fan \u2013 blant annet med prosjekter under Festspillene i Bergen. Og her var muligheten til \u00e5 gj\u00f8re et prosjekt i full \u00e6rb\u00f8dighet til nasjonalskatten Grieg og hans komposisjoner, og i NULL \u00e6rb\u00f8dighet til konvensjoner. Innspilt p\u00e5 Troldhaugen og mikset i indie-heaven Bergen Kj\u00f8tt! Coverart er designet av den visuelle superstjernen Martin Kvamme. Ogs\u00e5 tilgjengelig i luksusversjon som 180g vinyl gatefold.<\/p>\n<h4>Reza e iRagazzi<\/h4>\n<p>Et kor av solister. Reza Aghmir har hatt en eventyrlig reise i livet. Vokste opp i vakre, kulturrike Iran. Flyktet med foreldrene fra Khommeinis regime i 1986. Kom til Norge som 15-\u00e5ring. En rebell innen klassisk musikkmilj\u00f8, tatt inn p\u00e5 Norges musikkh\u00f8gskole \u2013 bare for \u00e5 bli sparket ut igjen. Han samler de beste i et operaband: Carsten Stabell, Yngve S\u00f8berg, Marius Roth Christensen, Henrik Engelsviken, Hallvar Djupvik, Thor Inge Falch, Espen Langvik, Ole J\u00f8rgen Kristiansen, Rolf Magne Asser, H\u00e5vard Stensvold, Fredrik Otterstad, Kjetil St\u00f8a, Jens-Erik Aasb\u00f8.  Lost Tapes Productions \u00f8nsker \u00e5 bygge broer mellom forskjellige kulturer innenfor musikk. Reisen fra Operahuset til Bergen Kj\u00f8tt via Griegs eget hjem p\u00e5 Troldhaugen er en god begynnelse.<\/p>\n<p><\/p>","protected":false},"excerpt":{"rendered":"<p>\u2013 Her er ingen un\u00f8dvendig dveling, umotiverte temposkifter eller innadvendte overtolkninger. I stedet spiller de ut kontrastene, setter melodien i sentrum og synger rett frem. Kanskje er det faktisk det man kaller \u00abfra hjertet\u00bb? [Maren \u00d8rstavik \/ Aftenposten]<\/p>\n","protected":false},"featured_media":27813,"comment_status":"closed","ping_status":"open","template":"","meta":[],"product_brand":[],"product_cat":[180],"product_tag":[],"class_list":{"0":"post-35312","1":"product","2":"type-product","3":"status-publish","4":"has-post-thumbnail","6":"product_cat-simax-classics","7":"product_shipping_class-cddvd-shipping","8":"uni_artist_genre-a-cappella","9":"uni_artist_genre-choir","10":"uni_artist_genre-classical","11":"uni_artist_genre-crossover","12":"uni_artist_genre-electronic","13":"uni_artist_genre-lieder","15":"first","16":"instock","17":"taxable","18":"shipping-taxable","19":"purchasable","20":"product-type-variable","21":"has-default-attributes"},"_links":{"self":[{"href":"https:\/\/grappa.no\/no\/wp-json\/wp\/v2\/product\/35312","targetHints":{"allow":["GET"]}}],"collection":[{"href":"https:\/\/grappa.no\/no\/wp-json\/wp\/v2\/product"}],"about":[{"href":"https:\/\/grappa.no\/no\/wp-json\/wp\/v2\/types\/product"}],"replies":[{"embeddable":true,"href":"https:\/\/grappa.no\/no\/wp-json\/wp\/v2\/comments?post=35312"}],"wp:featuredmedia":[{"embeddable":true,"href":"https:\/\/grappa.no\/no\/wp-json\/wp\/v2\/media\/27813"}],"wp:attachment":[{"href":"https:\/\/grappa.no\/no\/wp-json\/wp\/v2\/media?parent=35312"}],"wp:term":[{"taxonomy":"product_brand","embeddable":true,"href":"https:\/\/grappa.no\/no\/wp-json\/wp\/v2\/product_brand?post=35312"},{"taxonomy":"product_cat","embeddable":true,"href":"https:\/\/grappa.no\/no\/wp-json\/wp\/v2\/product_cat?post=35312"},{"taxonomy":"product_tag","embeddable":true,"href":"https:\/\/grappa.no\/no\/wp-json\/wp\/v2\/product_tag?post=35312"}],"curies":[{"name":"wp","href":"https:\/\/api.w.org\/{rel}","templated":true}]}}