{"id":35309,"date":"2014-08-15T00:00:00","date_gmt":"2014-08-14T23:00:00","guid":{"rendered":"http:\/\/www.grappa.no\/albums\/uncategorized\/holberg-variations\/"},"modified":"2020-08-21T09:17:59","modified_gmt":"2020-08-21T08:17:59","slug":"holberg-variations","status":"publish","type":"product","link":"https:\/\/grappa.no\/no\/albums\/simax-classics\/holberg-variations\/","title":{"rendered":"Holberg Variations"},"content":{"rendered":"<p><\/p>\n<p>Griegs Holberg goes jazz  Tre sv\u00e6rt individuelle tolkninger av det samme mesterverk! I dette prosjektet viser disse fremragende musikerne hvilke muligheter som ligger i stoff vi kjenner s\u00e5 godt.  Christian Ihle Hadland gir en intim og unikt vakker tolkning av Griegs originale piano versjon av Holberg. Kammerorkesteret 1B1 har all friskhet og eleganse du kan forestille deg I sin gjengivelse av versjonen for strenger. De tar det et steg videre; denne gangen har 1B1 sl\u00e5tt seg sammen med komponist\/pianist Erlend Skomsvoll, internasjonalt anerkjent for sitt arbeid sammen med Chick Corea og band som Come Shine. Ideen er like enkel som den er gal; improvisasjon mellom et klassisk orkester og en jazzmusiker, dansende igjennom den ikoniske Holberg Suite. Herlig uerb\u00f8dig morfes Griegs motiver til vamper, pulserende passasjer eller dvelende klangflater \u2013 med Skomsvoll som en slags gammel barokkmester I en \u201cLate Night\u201d versjon.   Orkester- og improversjon ogs\u00e5 tilgjengelig som 180g vinyl PSLP1332<\/p>\n<p><!--more--><\/p>\n<p>Holberg Variations er tre vidt forskjellige tiln\u00e6rminger til ett lite stykke Norge. To er fortolkninger av Griegs notemateriale \u2013 den tredje improviserer over det samme. Ensemblet 1B1 har f\u00e5tt med seg Erlend Skomsvoll og Christian Ihle Hadland i sin hyllest til Edvard Grieg. 13. august er det releasekonsert under Stavanger Internasjonale Kammermusikkfestival.<\/p>\n<h4>Griegs stilistiske lek<\/h4>\n<p>Flere komponister har skrevet musikk innenfor et stilidiom fra tidligere tider. Grieg turnerer de fem stiliserte dansesatsene fra barokken med mesterlig h\u00e5nd \u2013 og legger inn sm\u00e5 og store doser av norsk egenart innimellom.\u00a0\u00c9n bergenser hyller en annen, og benytter anledningen til \u00e5 skape musikalske bilder i gammel stil som p\u00e5 en praktfull m\u00e5te beskriver europeisk h\u00f8ybarokk \u2013 i nordisk stil.<\/p>\n<h4>Tre ganger Holberg<\/h4>\n<p>Christian Ihle Hadland \u00e5pner for et vell av rytmiske og klanglige nyanser i musikken n\u00e5r han n\u00e5 gj\u00f8r sin f\u00f8rste innspilling av norsk musikk. I kraft av sitt makel\u00f8se spill l\u00f8fter han den opprinnelige Holbergsuiten rett inn i en stolt Europeisk klavertradisjon. N\u00e5r du s\u00e5 h\u00f8rer 22 strykere kaste seg ut i det, for eksempel i \u00e5pningen av Rigaudon, er det som om en flokk ungfoler slippes ut p\u00e5 b\u00f8en en v\u00e5rdag; ustoppelig og gledesfylt. Musikken er den samme, men s\u00e5 er den ikke det likevel. En ting er klangen av strykeinstrumentene, men Ensemble 1B1 lar ogs\u00e5 sin erfaring fra tidligmusikk klinge med der de former Griegs elegante temaer.<\/p>\n<h4>Orkester improviserer med jazzmusiker<\/h4>\n<p>Det er disse ikoniske temaer og motiver fra Griegs h\u00e5nd Erlend Skomsvoll tar utgangspunkt i n\u00e5r han lokker strykeorkesteret med seg ut i en improvisatorisk lek. Herlig uerb\u00f8dig morfes motivene til vamper, pulserende passasjer eller dvelende klangflater. Med Skomsvoll som los f\u00f8lger de unge strykerne etter \u2013 og h\u00f8r s\u00e5 bra det blir! Improvisasjon krever en form for umiddelbar lydh\u00f8rhet hos musikerne, et fag som ikke akkurat st\u00e5r s\u00e5 sterkt ved konservatoriene. Det er her den grunnleggende fleksibiliteten hos 1B1 sl\u00e5r inn \u2013 dette er slik musikalsk utfordring og utforskning orkesteret s\u00f8ker i absolutt alt de gj\u00f8r.  Orkester- og improversjonene er ogs\u00e5 tilgjengelig som 180g vinyl PSLP1332.<\/p>\n<p><\/p>","protected":false},"excerpt":{"rendered":"<p>Det er ikoniske temaer og motiver fra Griegs h\u00e5nd Erlend Skomsvoll tar utgangspunkt i n\u00e5r han lokker strykeorkesteret med seg ut i en improvisatorisk lek.<\/p>\n","protected":false},"featured_media":27786,"comment_status":"closed","ping_status":"open","template":"","meta":[],"product_brand":[],"product_cat":[180],"product_tag":[],"class_list":{"0":"post-35309","1":"product","2":"type-product","3":"status-publish","4":"has-post-thumbnail","6":"product_cat-simax-classics","7":"product_shipping_class-cddvd-shipping","8":"uni_artist_tag-1b1","9":"uni_artist_tag-christian-ihle-hadland","10":"uni_artist_tag-edvard-grieg","11":"uni_artist_tag-erlend-skomsvoll","12":"uni_artist_tag-sean-lewis","13":"uni_main_artist_tag-1b1","14":"uni_artist_genre-chamber-music","15":"uni_artist_genre-improvised-music","16":"uni_artist_genre-instrumental","17":"uni_artist_genre-jazz","18":"uni_artist_genre-norwegian-grammy-award-spellemannvinner","20":"first","21":"instock","22":"taxable","23":"shipping-taxable","24":"purchasable","25":"product-type-variable","26":"has-default-attributes"},"_links":{"self":[{"href":"https:\/\/grappa.no\/no\/wp-json\/wp\/v2\/product\/35309","targetHints":{"allow":["GET"]}}],"collection":[{"href":"https:\/\/grappa.no\/no\/wp-json\/wp\/v2\/product"}],"about":[{"href":"https:\/\/grappa.no\/no\/wp-json\/wp\/v2\/types\/product"}],"replies":[{"embeddable":true,"href":"https:\/\/grappa.no\/no\/wp-json\/wp\/v2\/comments?post=35309"}],"wp:featuredmedia":[{"embeddable":true,"href":"https:\/\/grappa.no\/no\/wp-json\/wp\/v2\/media\/27786"}],"wp:attachment":[{"href":"https:\/\/grappa.no\/no\/wp-json\/wp\/v2\/media?parent=35309"}],"wp:term":[{"taxonomy":"product_brand","embeddable":true,"href":"https:\/\/grappa.no\/no\/wp-json\/wp\/v2\/product_brand?post=35309"},{"taxonomy":"product_cat","embeddable":true,"href":"https:\/\/grappa.no\/no\/wp-json\/wp\/v2\/product_cat?post=35309"},{"taxonomy":"product_tag","embeddable":true,"href":"https:\/\/grappa.no\/no\/wp-json\/wp\/v2\/product_tag?post=35309"}],"curies":[{"name":"wp","href":"https:\/\/api.w.org\/{rel}","templated":true}]}}