{"id":35294,"date":"2018-02-16T00:00:00","date_gmt":"2018-02-15T23:00:00","guid":{"rendered":"http:\/\/www.grappa.no\/albums\/uncategorized\/slagr-dirr\/"},"modified":"2020-08-21T09:17:26","modified_gmt":"2020-08-21T08:17:26","slug":"dirr","status":"publish","type":"product","link":"https:\/\/grappa.no\/no\/albums\/hubro\/dirr\/","title":{"rendered":"Dirr"},"content":{"rendered":"<p><\/p>\n<p>Halvt dr\u00f8m, halvt virkelighet  Slagrs meditative musikk \u00e5pner en portal der fantasien kan flyte fritt &#8211; en magisk lydverden der enkel melodier og droner kombineres med en strengt gjennomf\u00f8rte, men like fullt vakre instrumentale teksturer for \u00e5 fremprovosere en n\u00e6rmest uendelig f\u00f8lelse av \u00e5penhet. Trioens besetning best\u00e5ende av Hardangerfele, cello, vibrafon og krystallglass \u2013 impliserer en tilknytning til en rekke ulike stiluttrykk &#8211; fra folkemusikk til renessansepolyfoni og videre tilmoderne avantgardemusikk. Trioens estetikk blander den ydmyke og s\u00e6regne lyden av nordisk folkemusikk og kirkemusikk med den n\u00e6rmeste sensuelle minimalismen hos en komponist som Morton Feldman. Musikken fremst\u00e5r som halvt virkelighet, halvt dr\u00f8m.  Albumet er produsert av Andreas Mj\u00f8s (Jaga Jazzist), som ogs\u00e5 har samarbeidet med det Spellemann-vinnende bandet p\u00e5 to tidligere album.<\/p>\n<p><!--more--><\/p>\n<h4><\/h4>\n<\/p>\n<h4><\/h4>\n<p><h4><\/h4>\n<\/p>\n<p><\/p>","protected":false},"excerpt":{"rendered":"<p>Trioens estetikk blander den ydmyke og s\u00e6regne lyden av nordisk folkemusikk og kirkemusikk med den n\u00e6rmeste sensuelle minimalismen hos en komponist som Morton Feldman. Musikken fremst\u00e5r som halvt virkelighet, halvt dr\u00f8m.<\/p>\n","protected":false},"featured_media":34933,"comment_status":"closed","ping_status":"open","template":"","meta":[],"product_brand":[],"product_cat":[36],"product_tag":[],"class_list":{"0":"post-35294","1":"product","2":"type-product","3":"status-publish","4":"has-post-thumbnail","6":"product_cat-hubro","7":"product_shipping_class-cddvd-shipping","8":"uni_artist_tag-amund-sjolie-sveen","9":"uni_artist_tag-andreas-mjos","10":"uni_artist_tag-anne-hytta","11":"uni_artist_tag-katrine-schiott","12":"uni_artist_tag-slagr","13":"uni_main_artist_tag-slagr","14":"uni_artist_genre-contemporary-music","15":"uni_artist_genre-folk-music","17":"first","18":"instock","19":"taxable","20":"shipping-taxable","21":"purchasable","22":"product-type-variable","23":"has-default-attributes"},"_links":{"self":[{"href":"https:\/\/grappa.no\/no\/wp-json\/wp\/v2\/product\/35294","targetHints":{"allow":["GET"]}}],"collection":[{"href":"https:\/\/grappa.no\/no\/wp-json\/wp\/v2\/product"}],"about":[{"href":"https:\/\/grappa.no\/no\/wp-json\/wp\/v2\/types\/product"}],"replies":[{"embeddable":true,"href":"https:\/\/grappa.no\/no\/wp-json\/wp\/v2\/comments?post=35294"}],"wp:featuredmedia":[{"embeddable":true,"href":"https:\/\/grappa.no\/no\/wp-json\/wp\/v2\/media\/34933"}],"wp:attachment":[{"href":"https:\/\/grappa.no\/no\/wp-json\/wp\/v2\/media?parent=35294"}],"wp:term":[{"taxonomy":"product_brand","embeddable":true,"href":"https:\/\/grappa.no\/no\/wp-json\/wp\/v2\/product_brand?post=35294"},{"taxonomy":"product_cat","embeddable":true,"href":"https:\/\/grappa.no\/no\/wp-json\/wp\/v2\/product_cat?post=35294"},{"taxonomy":"product_tag","embeddable":true,"href":"https:\/\/grappa.no\/no\/wp-json\/wp\/v2\/product_tag?post=35294"}],"curies":[{"name":"wp","href":"https:\/\/api.w.org\/{rel}","templated":true}]}}