{"id":35291,"date":"2017-10-13T00:00:00","date_gmt":"2017-10-12T23:00:00","guid":{"rendered":"http:\/\/www.grappa.no\/albums\/uncategorized\/erik-honore-unrest\/"},"modified":"2020-08-21T09:17:24","modified_gmt":"2020-08-21T08:17:24","slug":"unrest","status":"publish","type":"product","link":"https:\/\/grappa.no\/no\/albums\/hubro\/unrest\/","title":{"rendered":"Unrest"},"content":{"rendered":"<p><\/p>\n<p>Mesterlige kollasjer.  \u201cUnrest\u201d er et nytt knippe mesterlige kollasjer fra Erik Honor\u00e9. Rundt seg har han samlet et imponerende galleri av norske improvisasjonsmusikere: Sidsel Endresen, Eivind Aarset, Arve Henriksen, Stian Westerhus og mange flere. Med stor presisjon fanger han stemninger og klangbilder i improvisasjoner og vever dem sammen til et personlig og billedskapende musikalsk forl\u00f8p.  \u201cAlbumet ble laget i en periode av uro &#8211; b\u00e5de den eksterne, samfunnsmessige uroen som vi alle har opplevd de siste \u00e5rene, og mer personlige opplevelser av hvilel\u00f8shet, konflikt, turbulens.\u00bb sier Honor\u00e9. \u00abFor meg ble det mer og mer tydelig at disse impulsene influerte de estetiske valgene jeg gjorde underveis i prosessen. Jeg har nok valgt skarpere kanter i disse komposisjonene og kollasjene. Ubevisst eller intuitivt i det f\u00f8rste, improviserende stadiet &#8211; og deretter sv\u00e6rt bevisst i produksjons- og redigeringsprosessen. &quot;Unrest&quot; var p\u00e5 et tidlig stadium en arbeidstittel, men ble den eneste dekkende tittelen til slutt.\u00bb  Da musikeren, plateprodusenten og forfatteren Erik Honor\u00e9 (f. 1966) slapp sitt debutalbum \u201cHeliographs\u201d i 2014 hadde han allerede bidratt som musiker og produsent p\u00e5 mer enn femti plater med s\u00e5vidt forskjellige artister som Arve Henriksen, David Sylvian, Eivind Aarset, Brian Eno\/Peter Schwalm.\u00a0\u00a0  Musikken p\u00e5 albumet omsluttet lytteren, det var ambient-lignende musikk med et sjeldent stort f\u00f8lelsesmessig spenn og tyggemotsstand. \u201cHeliographs\u201d ble et viktig album for mange og fikk sv\u00e6rt gode anmeldelser. HiFi World beskrev musikken som \u201cElectro-centric ambient, ethereal jazz.\u201d All About Jazz skrev at musikken \u201ceschews convention and utilizes sound as a driver that challenges the mind to keep up, even as it digs deeply at the heart and soul.\u201d og London Jazz beskrev albumet som \u201ca shining example of the range of musical possibilities open to us through the creative communion of improvisation.\u201d Et nytt album fra Honor\u00e9 har v\u00e6rt etterlengtet.  Kanskje mest kjent er Erik Honor\u00e9 for sitt n\u00e6re samarbeid med Jan Bang. I 2005 etablerte de sammen den unike Punktfestivalen i Kristiansand der konserter som nettopp har funnet sted blir live-remixet. Ideen er \u00e5 jobbe improvisatorisk med sampling. Festivalen har tidligere blitt gjestet av artister som Brian Eno, John Paul Jones, Laurie Anderson og David Sylvian og \u00e5rets festival gjestes av Daniel Lanois. I senere \u00e5r har det ogs\u00e5 blitt gjennomf\u00f8rt Punktfestival-avleggere mer enn i 30 byer I Europa og Asia.  Nettopp Punktfilosofien: \u00e5 blande improvisasjon og samplingteknologi har ogs\u00e5 v\u00e6rt avgj\u00f8rende for Honor\u00e9s soloprosjekt. \u201cUnrest\u201d henter instrument- og vokalsamples fra Punkt arrangementer i Kristiansand, Molde og Praha, som senere har blitt nedkokt og omgjort i Honor\u00e9s lydkjele i studio hjemme p\u00e5 Kampen i Oslo.  \u201cProsessen var ganske lik; \u00e5 improvisere rundt live-samples av vokalister og instrumentalister, p\u00e5fulgt av omfattende redigering og collage-arbeid.\u00bb sier Honor\u00e9. \u00abEn rask, intuitiv fase, etterfulgt av en langvarig, detaljorientert prosess. Men uttrykket er i mine \u00f8rer krassere og mer konfronterende. Jeg h\u00f8rer albumet som mer direkte, og definitivt m\u00f8rkere. Heliographs&#8217; &quot;Dark-Eyed Sister&quot;.\u00bb  Det er instrumentalmusikk Honor\u00e9 lager, men den unike vokalisten og improvisat\u00f8r Sidsel Endresens har en spesiell tilstedev\u00e6relse p\u00e5 albumet. Honor\u00e9 selv bidrar med mer konvensjonell vokal p\u00e5 avslutningssporet \u201cThe Park\u201d, som kroner et nytt duvende, og f\u00f8lelsesfremkallende og spennende album fra Erik Honor\u00e9.<\/p>\n<p><!--more--><\/p>\n<p>\u201cUnrest\u201d er et nytt knippe mesterlige kollasjer fra Erik Honor\u00e9.  Rundt seg har han samlet et imponerende galleri av norske improvisasjonsmusikere: Sidsel Endresen, Eivind Aarset, Arve Henriksen, Stian Westerhus og mange flere. Med stor presisjon fanger han stemninger og klangbilder i improvisasjoner og vever  dem sammen til et personlig og billedskapende musikalsk forl\u00f8p.<\/p>\n<h4>Heliographs<\/h4>\n<p>Da musikeren, plateprodusenten og forfatteren Erik Honor\u00e9 (f. 1966) slapp sitt debutalbum \u201cHeliographs\u201d i 2014 hadde han allerede bidratt som musiker og produsent p\u00e5 mer enn femti plater med s\u00e5vidt forskjellige artister som Arve Henriksen, David Sylvian, Eivind Aarset, Brian Eno\/Peter Schwalm.\u00a0\u00a0  Musikken p\u00e5 albumet omsluttet lytteren, det var ambient-lignende musikk med et sjeldent stort f\u00f8lelsesmessig spenn og tyggemotsstand. \u201cHeliographs\u201d ble et viktig album for mange og fikk sv\u00e6rt gode anmeldelser. HiFi World beskrev musikken som \u201cElectro-centric ambient, ethereal jazz.\u201d All About Jazz skrev at musikken \u201ceschews convention and utilizes sound as a driver that challenges the mind to keep up, even as it digs deeply at the heart and soul.\u201d og London Jazz beskrev albumet som \u201ca shining example of the range of musical possibilities open to us through the creative communion of improvisation.\u201d Et nytt album fra Honor\u00e9 har v\u00e6rt etterlengtet.<\/p>\n<h4>Punkt<\/h4>\n<p>Kanskje mest kjent er Erik Honor\u00e9 for sitt n\u00e6re samarbeid med Jan Bang. I 2005 etablerte de sammen den unike Punktfestivalen i Kristiansand der konserter som nettopp har funnet sted blir live-remixet. Ideen er \u00e5 jobbe improvisatorisk med sampling. Festivalen har tidligere blitt gjestet av artister som Brian Eno, John Paul Jones, Laurie Anderson og David Sylvian og \u00e5rets festival gjestes av Daniel Lanois.   I senere \u00e5r har det ogs\u00e5 blitt gjennomf\u00f8rt  Punktfestival-avleggere mer enn i 30 byer I Europa og Asia.   Nettopp Punktfilosofien: \u00e5 blande improvisasjon og samplingteknologi har ogs\u00e5 v\u00e6rt avgj\u00f8rende for Honor\u00e9s soloprosjekt. \u201cUnrest\u201d henter instrument- og vokalsamples fra Punkt arrangementer i Kristiansand, Molde og Praha, som senere har blitt nedkokt og omgjort i Honor\u00e9s lydkjele i studio hjemme p\u00e5 Kampen i Oslo.<\/p>\n<h4>Dark-eyed sister<\/h4>\n<p>\u201cProsessen var ganske lik; \u00e5 improvisere rundt live-samples av vokalister og instrumentalister, p\u00e5fulgt av omfattende redigering og collage-arbeid.\u00bb sier Honor\u00e9. \u00abEn rask, intuitiv fase, etterfulgt av en langvarig, detaljorientert prosess. Men uttrykket er i mine \u00f8rer krassere og mer konfronterende. Jeg h\u00f8rer albumet som mer direkte, og definitivt m\u00f8rkere. Heliographs&#8217; &quot;Dark-Eyed Sister&quot;.\u00bb   Det er instrumentalmusikk Honor\u00e9 lager, men den unike vokalisten og improvisat\u00f8r Sidsel Endresens har en spesiell tilstedev\u00e6relse p\u00e5 albumet. Honor\u00e9 selv bidrar med mer konvensjonell vokal p\u00e5 avslutningssporet \u201cThe Park\u201d, som kroner et nytt duvende, og f\u00f8lelsesfremkallende  og spennende album fra Erik Honor\u00e9.<\/p>\n<p><\/p>","protected":false},"excerpt":{"rendered":"<p>\u201cUnrest\u201d er et nytt knippe mesterlige kollasjer fra Erik Honor\u00e9. Rundt seg har han samlet et imponerende galleri av norske improvisasjonsmusikere: Sidsel Endresen, Eivind Aarset, Arve Henriksen, Stian Westerhus og mange flere.<\/p>\n","protected":false},"featured_media":34380,"comment_status":"closed","ping_status":"open","template":"","meta":[],"product_brand":[],"product_cat":[36],"product_tag":[],"class_list":{"0":"post-35291","1":"product","2":"type-product","3":"status-publish","4":"has-post-thumbnail","6":"product_cat-hubro","7":"product_shipping_class-cddvd-shipping","8":"uni_artist_tag-arve-henriksen","9":"uni_artist_tag-eivind-aarset","10":"uni_artist_tag-eivind-lonning","11":"uni_artist_tag-erik-honore","12":"uni_artist_tag-erland-dahlen","13":"uni_artist_tag-espen-reinertsen","14":"uni_artist_tag-ingar-zach","15":"uni_artist_tag-jan-bang","16":"uni_artist_tag-kari-ronnekleiv","17":"uni_artist_tag-ole-henrik-moe","18":"uni_artist_tag-sidsel-endresen","19":"uni_artist_tag-stian-westerhus","20":"uni_main_artist_tag-erik-honore","21":"uni_artist_genre-ambient","22":"uni_artist_genre-electronic","23":"uni_artist_genre-improvised-music","25":"first","26":"instock","27":"taxable","28":"shipping-taxable","29":"purchasable","30":"product-type-variable","31":"has-default-attributes"},"_links":{"self":[{"href":"https:\/\/grappa.no\/no\/wp-json\/wp\/v2\/product\/35291","targetHints":{"allow":["GET"]}}],"collection":[{"href":"https:\/\/grappa.no\/no\/wp-json\/wp\/v2\/product"}],"about":[{"href":"https:\/\/grappa.no\/no\/wp-json\/wp\/v2\/types\/product"}],"replies":[{"embeddable":true,"href":"https:\/\/grappa.no\/no\/wp-json\/wp\/v2\/comments?post=35291"}],"wp:featuredmedia":[{"embeddable":true,"href":"https:\/\/grappa.no\/no\/wp-json\/wp\/v2\/media\/34380"}],"wp:attachment":[{"href":"https:\/\/grappa.no\/no\/wp-json\/wp\/v2\/media?parent=35291"}],"wp:term":[{"taxonomy":"product_brand","embeddable":true,"href":"https:\/\/grappa.no\/no\/wp-json\/wp\/v2\/product_brand?post=35291"},{"taxonomy":"product_cat","embeddable":true,"href":"https:\/\/grappa.no\/no\/wp-json\/wp\/v2\/product_cat?post=35291"},{"taxonomy":"product_tag","embeddable":true,"href":"https:\/\/grappa.no\/no\/wp-json\/wp\/v2\/product_tag?post=35291"}],"curies":[{"name":"wp","href":"https:\/\/api.w.org\/{rel}","templated":true}]}}