{"id":35288,"date":"2017-10-20T00:00:00","date_gmt":"2017-10-19T23:00:00","guid":{"rendered":"http:\/\/www.grappa.no\/albums\/uncategorized\/nils-okland-band-lysning\/"},"modified":"2020-06-03T11:10:04","modified_gmt":"2020-06-03T10:10:04","slug":"lysning","status":"publish","type":"product","link":"https:\/\/grappa.no\/no\/albums\/hubro\/lysning\/","title":{"rendered":"Lysning"},"content":{"rendered":"<p><\/p>\n<p>Bevegende.<\/p>\n<p>Felespiller Nils \u00d8kland har et s\u00e6rskilt talent. Han f\u00e5r folk til \u00e5 lytte.  N\u00e5r han spiller er det som om han henvender seg direkte til hver og en som lytter. Han kan holde medmusikere og lyttere p\u00e5 t\u00e5 hev, selv om musikken kan v\u00e6re aldri s\u00e5 lavm\u00e6lt. Nils \u00d8kland Bands forrige plate Kj\u00f8lvatn (ECM) fra 2015 ble av flere anmeldere trukket frem som hans beste utgivelse s\u00e5 langt. Kj\u00f8lvatn vant en Folkelarmpris og ble nominert til en Spellemann.  P\u00e5 albumet \u201cLysning\u201d, bandets f\u00f8rste utgivelse p\u00e5 HUBRO, har musikerne kommet n\u00e6rmere hverandre. De ulike musikalske stemmene er enda bedre avstemt og resultatet er instrumentalmusikk med spenst, stor dybde og bred apell.<\/p>\n<p>Nils \u00d8kland Band best\u00f8r av\u00a0flere av de fremste musikerne i Norge: Rolf-Erik Nystr\u00f8m (saksofon), Sigbj\u00f8rn Apeland\u00a0(tr\u00f8orgel),\u00a0H\u00e5kon M\u00f8rch Stene (slagverk), Mats Eilertsen\u00a0(kontrabass).  \u00d8kland bruker ikke noter. Alle l\u00e5tene inn\u00f8ves \u201cp\u00e5 \u00f8ret\u201d. \u201cDen muntlige \u00a0m\u00e5ten vi jobber p\u00e5 kommer kanskje enda mer til sin rett denne gangen\u201d sier Nils. Det er lett \u00e5 gi ham rett: en h\u00f8rbar nerve og et sterkt n\u00e6rv\u00e6r er gjennomg\u00e5ende gjennom hele platen.  \u00abLysning\u00bb har blitt et album med en klar henvendelse, som b\u00e5de utfordrer og dykker dypere ned i spennende musikalsk materiale.<\/p>\n<p><!--more--><\/p>\n<p>Felespiller Nils \u00d8kland har et s\u00e6rskilt talent. Han f\u00e5r folk til \u00e5 lytte.  N\u00e5r han spiller er det som om han henvender seg direkte til hver og en som lytter p\u00e5. Han kan holde medmusikere og lyttere p\u00e5 t\u00e5 hev, selv om musikken kan v\u00e6re aldri s\u00e5 lavm\u00e6lt. Nils \u00d8kland Bands forrige plate Kj\u00f8lvatn (ECM) fra 2015 ble av flere anmeldere trukket frem som hans beste utgivelse s\u00e5 langt. Kj\u00f8lvatn vant en Folkelarmpris og ble nominert til en Spellemann.  P\u00e5 albumet &#8216;Lysning&#8217;, bandets f\u00f8rste utgivelse p\u00e5 HUBRO, har musikerne kommet n\u00e6rmere hverandre. De ulike musikalske stemmene er enda bedre avstemt og resultatet er instrumentalmusikk med spenst, stor dybde og bred apell.<\/p>\n<h4>Noen av Norges fremste musikere<\/h4>\n<p>Nils \u00d8kland Band best\u00f8r av\u00a0flere av de fremste musikerne i Norge: Rolf-Erik Nystr\u00f8m (saksofon), Sigbj\u00f8rn Apeland\u00a0(tr\u00f8orgel),\u00a0H\u00e5kon M\u00f8rch Stene (slagverk), Mats Eilertsen\u00a0(kontrabass). <\/p>\n<p>Dette er musikere som hver for seg har samarbeidet med \u00d8kland over lang tid, men flere av dem hadde ikke spilt med hverandre f\u00f8r \u00d8kland satt sammen bandet. Rolf Erik Nystr\u00f8m har i flere ti\u00e5r spilt i den sjangeroverskridende samtidsmusikktrioen Poing i tillegg til \u00e5 v\u00e6re solist med store orkester, spilt med verdens- og folkemusikere og i forskjellige jazzband. Sigbj\u00f8rn Apleland har en lang historie sammen med \u00d8kland. De spiller mye duo og har ogs\u00e5 i ti \u00e5r spilt i bandet 1982 sammen med trommeslager \u00d8yvind Skarb\u00f8. Perkusjonist H\u00e5kon M\u00f8rch Stene spiller i samtidsensemblet Asamisimasa og har ogs\u00e5 gitt ut kritikerroste plater med musikk av Laurence Crane, Gavin Bryars og Michael Pisaro p\u00e5 Hubro tidligere. Mats Eilertsen er sin generasjons fremste jazzbassist. Han har spilt med en rekke profilerte jazzmusikere som Tord Gustavsen, Trygve Seim, Bendik Hofseth og har gitt ut flere plater i eget navn p\u00e5 b\u00e5de Hubro og ECM.<\/p>\n<h4>Forskjellige kilder<\/h4>\n<p>Alt det melodiske materialet p\u00e5 \u201cLysning\u201d er skrevet av \u00d8kland, og stammer fra mange ulike prosjekter han har v\u00e6rt involvert i. Arrangementene har blitt utviklet i n\u00e6rt samarbeid med bandet.<\/p>\n<p>\u00c5pningssporet ble opprinnelig skrevet til en film om billedkunstner Lars Hertervig: \u201cLysets vanvidd\u201d, og l\u00e5ten \u201cFlukt\u201d er laget til en kommende film av Shwan Dler Qaradaki. \u201cSkygger\u201d stammer fra et prosjekt \u00d8kland og Apeland gjorde med barokkfiolinsten John Holloway p\u00e5 Festspillene i Bergen i 2015.<br \/>\nL\u00e5ten er skrevet med utgangspunkt i et felestille Biber\u00a0brukte \u00a0i sonaten som beskriver\u00a0\u00a0Jesu siste timer i Getsemane. \u201cJeg\u00a0har i mange \u00e5r v\u00e6rt fascinert av Bibers Rosenkrantz-sonater der han bruker mange ulike m\u00e5ter \u00e5 stemme fiolinen p\u00e5. \u00a0Jeg har laget flere sl\u00e5tter som henter a mye inspirasjon fra disse sonatene, og kanskje spesielt John Holloways innspilling av sonatene.\u201d sier \u00d8kland.<br \/>\nL\u00e5ten \u201cBl\u00e5myr\u201d stammer fra et prosjekt \u00d8kland gjorde sammen med bror og gitarist Torbj\u00f8rn \u00d8kland og Sigbj\u00f8rn Apeland p\u00e5 Orken\u00f8yene for mange \u00e5r siden. \u201cSkumring\u201d ble f\u00f8rst brukt i regiss\u00f8r Sverre Waages forestilling Bastard, og \u201cSpeiling\u201d ble laget til et stort prosjekt \u00d8kland og trommeslager \u00d8yvind Skarb\u00f8 ble invitert til \u00e5 gj\u00f8re I en skog I S\u00f8r-England.<\/p>\n<h4>P\u00e5 \u00f8ret<\/h4>\n<p>\u00d8kland bruker ikke noter. Alle l\u00e5tene inn\u00f8ves &#8216;p\u00e5 \u00f8ret&#8217;. &#8216;Den muntlige \u00a0m\u00e5ten vi jobber p\u00e5 kommer kanskje enda mer til sin rett denne gangen&#8217; sier Nils. Det er lett \u00e5 gi ham rett: en h\u00f8rbar nerve og et sterkt n\u00e6rv\u00e6r er gjennomg\u00e5ende gjennom hele platen. <\/p>\n<p>&#8216;Kj\u00f8lvatn&#8217; ble innspilt i Hoff Kirke p\u00e5 Lena (\u00d8stre Toten), og det fungerte s\u00e5 bra at bandet valgte \u00e5 dra tilbake samme sted da de skulle lage en ny plate.<\/p>\n<p>&#8216;Kirken har veldig fin klang&#8217; sier Nils. &#8216;Det er en steinkirke, men den har tregulv og den er stor nok til at vi alle kan spille inn\u00a0i samme rom. Kirken ligger i et veldig stille og fint omr\u00e5de\u00a0slik\u00a0at det er veldig lett \u00e5 f\u00e5 konsentrert seg om innspillingen&#8217;.<\/p>\n<p>Albumet har blitt spilt inn av tekniker Audun Strype som Nils har jobbet med over lang tid. &#8216;Audun og jeg har samarbeid helt siden &#8216;Bl\u00e5 harding&#8217; fra 1996 og noen \u00e5r tidliger spilte vi sammen i bandet &#8216;L\u00f8ver&amp;Tigre&#8217; \u2013 et band som blandet new wave, punk og string swing. Audun er en veldig fin lydmann og jeg liker veldig godt hans m\u00e5te \u00e5 stille\u00a0lyd p\u00e5. Han er dedikert og f\u00e5r veldig fint\u00a0fram s\u00e6rpereget i de ulike akustiske instrumentene.&#8217;<\/p>\n<p>&#8216;Lysning&#8217; har blitt et album med en klar henvendelse, som b\u00e5de utfordrer og dykker dypere ned i spennende musikalsk materiale.<\/p>\n<p><\/p>","protected":false},"excerpt":{"rendered":"<p>&#8216;Lysning&#8217; har blitt et album med en klar henvendelse, som b\u00e5de utfordrer og dykker dypere ned i spennende musikalsk materiale.<\/p>\n","protected":false},"featured_media":34417,"comment_status":"closed","ping_status":"open","template":"","meta":[],"product_brand":[],"product_cat":[36],"product_tag":[],"class_list":{"0":"post-35288","1":"product","2":"type-product","3":"status-publish","4":"has-post-thumbnail","6":"product_cat-hubro","7":"product_shipping_class-cddvd-shipping","8":"uni_artist_tag-audun-strype","9":"uni_artist_tag-hakon-stene","10":"uni_artist_tag-mats-eilertsen","11":"uni_artist_tag-nils-okland","12":"uni_artist_tag-rolf-erik-nystrom","13":"uni_artist_tag-sigbjorn-apeland","14":"uni_main_artist_tag-nils-okland","15":"uni_artist_genre-folk-music","16":"uni_artist_genre-instrumental","17":"uni_artist_genre-jazz","19":"first","20":"instock","21":"taxable","22":"shipping-taxable","23":"purchasable","24":"product-type-variable"},"_links":{"self":[{"href":"https:\/\/grappa.no\/no\/wp-json\/wp\/v2\/product\/35288","targetHints":{"allow":["GET"]}}],"collection":[{"href":"https:\/\/grappa.no\/no\/wp-json\/wp\/v2\/product"}],"about":[{"href":"https:\/\/grappa.no\/no\/wp-json\/wp\/v2\/types\/product"}],"replies":[{"embeddable":true,"href":"https:\/\/grappa.no\/no\/wp-json\/wp\/v2\/comments?post=35288"}],"wp:featuredmedia":[{"embeddable":true,"href":"https:\/\/grappa.no\/no\/wp-json\/wp\/v2\/media\/34417"}],"wp:attachment":[{"href":"https:\/\/grappa.no\/no\/wp-json\/wp\/v2\/media?parent=35288"}],"wp:term":[{"taxonomy":"product_brand","embeddable":true,"href":"https:\/\/grappa.no\/no\/wp-json\/wp\/v2\/product_brand?post=35288"},{"taxonomy":"product_cat","embeddable":true,"href":"https:\/\/grappa.no\/no\/wp-json\/wp\/v2\/product_cat?post=35288"},{"taxonomy":"product_tag","embeddable":true,"href":"https:\/\/grappa.no\/no\/wp-json\/wp\/v2\/product_tag?post=35288"}],"curies":[{"name":"wp","href":"https:\/\/api.w.org\/{rel}","templated":true}]}}