{"id":35285,"date":"2017-09-08T00:00:00","date_gmt":"2017-09-07T23:00:00","guid":{"rendered":"http:\/\/www.grappa.no\/albums\/uncategorized\/erland-dahlen-clocks\/"},"modified":"2020-08-21T09:17:18","modified_gmt":"2020-08-21T08:17:18","slug":"clocks","status":"publish","type":"product","link":"https:\/\/grappa.no\/no\/albums\/hubro\/clocks\/","title":{"rendered":"Clocks"},"content":{"rendered":"<p><\/p>\n<p>Klokkekraft  Supertrommeslageren, perkusjonist og en-manns-bandet Erland Dahlen ble Spellemann-nominert med sitt forrige album \u201cBlossom Bells\u201d, som i f\u00f8lge veterananmelder Terje Mosnes var \u201cet originalt tenkt og str\u00e5lende gjennomf\u00f8rt album\u201d.  N\u00e5 vender han tilbake med et enda mer variert, rocka, storsl\u00e5tt og hakeslippfremkallende knippe instrumentall\u00e5ter p\u00e5 sitt tredje album \u201cClocks\u201d. Aldri f\u00f8r har vel \u201cfilmatisk\u201d v\u00e6rt en mer passende merkelapp. Dahlen koker sin velgj\u00f8rende signaturkraft p\u00e5 bein og knoker fra mange forskjellige sjangere ogs\u00e5 denne gangen: elektronika, krautrock, ambient, post-rock, new wave og m\u00f8rk instrumentalrock.  En umiddelbart sl\u00e5ende ting er hvor fullendt symbiosen mellom akustiske og elektroniske lyder er p\u00e5 dette albumet.   Diskografien til Erland Dahlen teller p\u00e5 det n\u00e5v\u00e6rende tidspunkt rundt 315 utgivelser. Han har spilt med et imponerende bredt spekter av artister og prosjekter som spenner fra Eivind Aarseths band Sonic Codex, John Paul Jones (Led Zeppelin), Xploding Plastix, Madrugada, Pantha du Prince and the Bell Laboratory, Kaada\/Mike Patton, Serena-Maneesh, Hanne Hukkelberg, Anja Garbarek og Ane Brun \u2013 for \u00e5 nevne et lite utvalg. De siste \u00e5rene har han v\u00e6rt fast medlem i Nils Petter Molv\u00e6r sine band og spiller duo med Geir Sundst\u00f8l og i trioen Stian Westerhus and the Pale Horses. Som musiker er han umiddelbart gjenkjennbar b\u00e5de for sitt Rolex-presise og energiske spill og sin unike f\u00f8lsomhet og interesse for ulike lyder og klanger.<\/p>\n<p><!--more--><\/p>\n<p>Supertrommeslageren, perkusjonisten og en-manns-bandet Erland Dahlen ble Spellemann-nominert med sitt forrige album \u201cBlossom Bells\u201d, som i f\u00f8lge veterananmelder Terje Mosnes var \u201cet originalt tenkt og str\u00e5lende gjennomf\u00f8rt album\u201d.  N\u00e5 vender han tilbake med et enda mer variert, rocka, storsl\u00e5tt og hakeslippfremkallende knippe instrumentall\u00e5ter p\u00e5 sitt tredje album \u201cClocks\u201d. Aldri f\u00f8r har vel \u201cfilmatisk\u201d v\u00e6rt en mer passende merkelapp.<\/p>\n<h4>Mangslungen karriere<\/h4>\n<p>Diskografien til Erland Dahlen teller p\u00e5 det n\u00e5v\u00e6rende tidspunkt rundt 315 utgivelser. Han har spilt med et imponerende bredt spekter av artister og prosjekter som spenner fra Eivind Aarseths band Sonic Codex, John Paul Jones (Led Zeppelin), Xploding Plastix, Madrugada, Pantha du Prince and the Bell Laboratory, Kaada\/Mike Patton, Serena-Maneesh, Hanne Hukkelberg, Anja Garbarek og Ane Brun \u2013 for \u00e5 nevne et lite utvalg. De siste \u00e5rene har han v\u00e6rt fast medlem i Nils Petter Molv\u00e6r sine band og spiller duo med Geir Sundst\u00f8l og i trioen Stian Westerhus and the Pale Horses. Som musiker er han umiddelbart gjenkjennbar b\u00e5de for sitt Rolex-presise og energiske spill og sin unike f\u00f8lsomhet og interesse for ulike lyder og klanger.<\/p>\n<h4>Instrumentsamleren og lydjegeren<\/h4>\n<p>Instrumentariumet p\u00e5 albumet er som p\u00e5 tidligere album stort, fantasifullt og unikt. De som forventer et trommealbum vil f\u00e5 seg en overraskelse. Det er ikke uten grunn at Uncut har beskrevet solomusikken hans som \u201cmer fulltonende og fantasifullt enn mange \u00abpostrock\u00bb kvartetter\u201d.  Erland er lidenskapelig opptatt av nye lyder og er stadig p\u00e5 jakt etter nye instrumenter. \u201cJeg kj\u00f8pte meg cymbells, en Mellotron,flere store metall plater og flere trommemaskiner og ulike strengeinstrumenter f\u00f8r jeg gikk i studio for \u00e5 lage dette albumet. Det er veldig inspirerende \u00e5 forske p\u00e5 nye instrumenter og lete frem nye lyder.\u201d sier Dahlen. Studioet er uten tvil et fristed for Dahlen og et sted kreativiteten hans f\u00e5r blomstre fritt. \u2028Clocks er innspilt i Oslo Klang sammen med teknikerene Bjarne Stensli og Kim Lillest\u00f8l, og ogs\u00e5 denne gangen har de gamle bandkameratene i Xploding Plastix bidratt: Jens Petter Nilsen har mikset albumet og Hallvard W Hagen har remikset l\u00e5ten Lizard. Plata er mastret av Helge Sten i Audio Virus Lab.<\/p>\n<h4>Konserter<\/h4>\n<p>18. august\t \tOslo Jazzfestival (duo m\/ Geir Sundst\u00f8l) 06. september \tEnergim\u00f8lla, Kongsberg 15. september\t\tBl\u00e5, Oslo (releasekonsert) 11. november \t\tParkbiografen, Skien<\/p>\n<p><\/p>","protected":false},"excerpt":{"rendered":"<p>Supertrommeslageren, perkusjonist og en-manns-bandet Erland Dahlen ble Spellemann-nominert med sitt forrige album \u201cBlossom Bells\u201d, som i f\u00f8lge veterananmelder Terje Mosnes var \u201cet originalt tenkt og str\u00e5lende gjennomf\u00f8rt album\u201d.<\/p>\n","protected":false},"featured_media":34051,"comment_status":"closed","ping_status":"open","template":"","meta":[],"product_brand":[],"product_cat":[36],"product_tag":[],"class_list":{"0":"post-35285","1":"product","2":"type-product","3":"status-publish","4":"has-post-thumbnail","6":"product_cat-hubro","7":"product_shipping_class-cddvd-shipping","8":"uni_artist_tag-erland-dahlen","9":"uni_artist_tag-hallvard-w-haugen","10":"uni_artist_genre-electronic","11":"uni_artist_genre-instrumental","12":"uni_artist_genre-jazz","13":"uni_artist_genre-rock","15":"first","16":"instock","17":"taxable","18":"shipping-taxable","19":"purchasable","20":"product-type-variable","21":"has-default-attributes"},"_links":{"self":[{"href":"https:\/\/grappa.no\/no\/wp-json\/wp\/v2\/product\/35285","targetHints":{"allow":["GET"]}}],"collection":[{"href":"https:\/\/grappa.no\/no\/wp-json\/wp\/v2\/product"}],"about":[{"href":"https:\/\/grappa.no\/no\/wp-json\/wp\/v2\/types\/product"}],"replies":[{"embeddable":true,"href":"https:\/\/grappa.no\/no\/wp-json\/wp\/v2\/comments?post=35285"}],"wp:featuredmedia":[{"embeddable":true,"href":"https:\/\/grappa.no\/no\/wp-json\/wp\/v2\/media\/34051"}],"wp:attachment":[{"href":"https:\/\/grappa.no\/no\/wp-json\/wp\/v2\/media?parent=35285"}],"wp:term":[{"taxonomy":"product_brand","embeddable":true,"href":"https:\/\/grappa.no\/no\/wp-json\/wp\/v2\/product_brand?post=35285"},{"taxonomy":"product_cat","embeddable":true,"href":"https:\/\/grappa.no\/no\/wp-json\/wp\/v2\/product_cat?post=35285"},{"taxonomy":"product_tag","embeddable":true,"href":"https:\/\/grappa.no\/no\/wp-json\/wp\/v2\/product_tag?post=35285"}],"curies":[{"name":"wp","href":"https:\/\/api.w.org\/{rel}","templated":true}]}}