{"id":35282,"date":"2017-11-24T00:00:00","date_gmt":"2017-11-23T23:00:00","guid":{"rendered":"http:\/\/www.grappa.no\/albums\/uncategorized\/kim-myhr-you-i-me\/"},"modified":"2020-08-21T09:17:16","modified_gmt":"2020-08-21T08:17:16","slug":"you-i-me","status":"publish","type":"product","link":"https:\/\/grappa.no\/no\/albums\/hubro\/you-i-me\/","title":{"rendered":"You I me"},"content":{"rendered":"<p><\/p>\n<p>Pulsorientert.  Kim Myhrs nye album \u00abYou\u00a0|\u00a0me\u00bb best\u00e5r av to lange pulsorienterte spor som hver fyller en hel plateside. Albumet er resultatene av en fem m\u00e5neder lang studioprosess og er Myhrs mest helst\u00f8pte, rikt orkestrerte og fineste utgivelse s\u00e5 langt.  I de senere \u00e5r har Kim Myhr v\u00e6rt en sentral stemme p\u00e5 den norske eksperimentelle musikkscenen b\u00e5de som komponist og gitarist. Samarbeidsalbumet med Jenny Hval og Trondheim Jazz Orchestra \u00abIn The End His Voice Will Be The Sound of Paper\u00bb fra 2016 fikk fantastiske kritikker. The Quietus kalte albumet et \u00abet oppsiktsvekkende verk\u00bb og Slug Magazine beskrev det som \u00abet groteskt vakkert paradoks av lyd, som tilfredsstiller til siste slutt.\u00bb Senere samme \u00e5r slapp han sitt andre soloalbum \u00abBloom\u00bb \u2013 som gjennom et knippe varierte spor tok musikken hans i en mer elektrisk retning. Mojo beskrev \u00abBloom\u00bb som \u00abEt spektralt sonisk landskap, en transetilstand mellom det elektroniske og akustiske hvor en  magisk tranformerende poesi for sene kvelder blir til.\u00bb  De siste \u00e5rene har perkusive elementer blitt mer framtredende i musikken til Kim, og p\u00e5 \u00abYou\u00a0|\u00a0Me\u00bb har han bygget ut det rytmiske ved \u00e5 invitere tre av sine favoritt-trommeslagere: Tony Buck (The Necks), Ingar Zach (Huntsville, Dans les arbres) og Hans Hulb\u00e6kmo (Atomic, Moskus, Broen).\u00a0  \u00abYou\u00a0|\u00a0me\u00bb\u00a0har blitt et gjennomarbeidet, suggerende, rytmisk drivende og klanglig overveldende album fra Kim Myhr, som stadig utvider sin musikalske palett. Albumet blir utgitt p\u00e5 CD, DL og som LP med trykket innercover i begrenset opplag.<\/p>\n<p><!--more--><\/p>\n<p>Kim Myhrs nye album \u00abYou\u00a0|\u00a0me\u00bb best\u00e5r av to lange pulsorienterte spor som hver fyller en hel plateside. Albumet er resultatene av en fem m\u00e5neder lang studioprosess og er Myhrs mest helst\u00f8pte, rikt orkestrerte og fineste utgivelse s\u00e5 langt.<\/p>\n<h4>Perkusivt<\/h4>\n<p>De siste \u00e5rene har perkusive elementer blitt mer framtredende i musikken til Kim, og p\u00e5 \u00abYou\u00a0|\u00a0Me\u00bb har han bygget ut det rytmiske ved \u00e5 invitere tre av sine favoritt-trommeslagere: Tony Buck (The Necks), Ingar Zach (Huntsville, Dans les arbres) og Hans Hulb\u00e6kmo (Atomic, Moskus, Broen).\u00a0  \u00abDette er f\u00f8rste gang jeg lager en plate som i s\u00e5 stor grad g\u00e5r ut i fra ett musikalsk utgangspunkt.\u00bb\u00a0sier Kim.\u00a0\u00abDet er ogs\u00e5 f\u00f8rste gang jeg lager musikk som har \u00e9n gjennomg\u00e5ende puls gjennom hele plata. Jeg ville at musikken skulle v\u00e6re rik p\u00e5 detaljer, til det punkt at man nesten f\u00f8ler man sv\u00f8mmer i de, samtidig som den skulle ha en enkelthet i formen; at hele det musikalske forl\u00f8pet skal kunne oppleves som \u00e9n tilstand.\u00bb\u00a0Denne tiln\u00e6rmingen har resultert i at \u00abYou\u00a0|\u00a0me\u00bb er en plate som er ganske annerledes enn hans tidligere album.  \u00a0\u00abI skapelsesprosessen tenkte jeg mye p\u00e5 motsetninger, og p\u00e5 den noen ganger usynlige linjen som separerer de. En av kvalitetene \u00e5 jobbe med lengre former er at man kan viske ut denne grensen, og la frodig og idyllisk materiale gradvis bli til noe mer vanskelig og utilgjengelig. P\u00e5 denne m\u00e5ten viser man at disse motsetningsfylte tilstandene er tilstede i hverandre hele tiden. At det inne i noe alltid finnes spor av &#8216;det andre\u2019.\u00bb<\/p>\n<h4>Overveldende<\/h4>\n<p>\u00abYou\u00a0|\u00a0me\u00bb\u00a0har blitt et gjennomarbeidet, suggerende, rytmisk drivende og klanglig overveldende album fra Kim Myhr, som stadig utvider sin musikalske palett. Albumet blir utgitt p\u00e5 CD, DL og som LP med trykket innercover i begrenset opplag.<\/p>\n<h4><\/h4>\n<\/p>\n<p><\/p>","protected":false},"excerpt":{"rendered":"<p>Kim Myhrs nye album \u00abYou\u00a0|\u00a0me\u00bb best\u00e5r av to lange pulsorienterte spor som hver fyller en hel plateside. Albumet er resultatene av en fem m\u00e5neder lang studioprosess og er Myhrs mest helst\u00f8pte, rikt orkestrerte og fineste utgivelse s\u00e5 langt.<\/p>\n","protected":false},"featured_media":34453,"comment_status":"closed","ping_status":"open","template":"","meta":[],"product_brand":[],"product_cat":[36],"product_tag":[],"class_list":{"0":"post-35282","1":"product","2":"type-product","3":"status-publish","4":"has-post-thumbnail","6":"product_cat-hubro","7":"product_shipping_class-cddvd-shipping","8":"uni_artist_tag-hans-hulbaekmo","9":"uni_artist_tag-ingar-zach","10":"uni_artist_tag-kim-myhr","11":"uni_artist_tag-tony-buck","12":"uni_main_artist_tag-kim-myhr","13":"uni_artist_genre-electronic","14":"uni_artist_genre-instrumental","15":"uni_artist_genre-rock","17":"first","18":"instock","19":"taxable","20":"shipping-taxable","21":"purchasable","22":"product-type-variable","23":"has-default-attributes"},"_links":{"self":[{"href":"https:\/\/grappa.no\/no\/wp-json\/wp\/v2\/product\/35282","targetHints":{"allow":["GET"]}}],"collection":[{"href":"https:\/\/grappa.no\/no\/wp-json\/wp\/v2\/product"}],"about":[{"href":"https:\/\/grappa.no\/no\/wp-json\/wp\/v2\/types\/product"}],"replies":[{"embeddable":true,"href":"https:\/\/grappa.no\/no\/wp-json\/wp\/v2\/comments?post=35282"}],"wp:featuredmedia":[{"embeddable":true,"href":"https:\/\/grappa.no\/no\/wp-json\/wp\/v2\/media\/34453"}],"wp:attachment":[{"href":"https:\/\/grappa.no\/no\/wp-json\/wp\/v2\/media?parent=35282"}],"wp:term":[{"taxonomy":"product_brand","embeddable":true,"href":"https:\/\/grappa.no\/no\/wp-json\/wp\/v2\/product_brand?post=35282"},{"taxonomy":"product_cat","embeddable":true,"href":"https:\/\/grappa.no\/no\/wp-json\/wp\/v2\/product_cat?post=35282"},{"taxonomy":"product_tag","embeddable":true,"href":"https:\/\/grappa.no\/no\/wp-json\/wp\/v2\/product_tag?post=35282"}],"curies":[{"name":"wp","href":"https:\/\/api.w.org\/{rel}","templated":true}]}}