{"id":35276,"date":"2017-06-16T00:00:00","date_gmt":"2017-06-15T23:00:00","guid":{"rendered":"http:\/\/www.grappa.no\/albums\/uncategorized\/brutter-reveal-and-rise\/"},"modified":"2020-08-21T09:17:09","modified_gmt":"2020-08-21T08:17:09","slug":"reveal-and-rise","status":"publish","type":"product","link":"https:\/\/grappa.no\/no\/albums\/hubro\/reveal-and-rise\/","title":{"rendered":"Reveal and Rise"},"content":{"rendered":"<p><\/p>\n<p>Arytmisk pulsmusikk  Br\u00f8dre-duoen Christian Wallumr\u00f8d og Fredrik Wallumr\u00f8d har gjort seg bemerket p\u00e5 hver sin kant i s\u00e5 ulike prosjekter som: Christian Wallumr\u00f8d Ensemble, Dans les Arbres, Close Erase, Span, Dog Almighty, El Caco og Jarle Bernhoft. I duoen Brutter dyrker de en form for leken elektroakustisk arytmisk pulsmusikk.  Med trommer og trommemaskiner, synther og elektronikk lager de en musikk som p\u00e5 overflaten kan virke tilfeldig, men som har sin klare indre logikk hvis du lar musikken synke inn. Duoen debuterte med en selvtitulert LP i begrenset opplag i 2015. N\u00e5 vender de tilbake med &quot;Reveal and Rise&quot;.<\/p>\n<p><!--more--><\/p>\n<p>Br\u00f8dre-duoen Christian Wallumr\u00f8d og Fredrik Wallumr\u00f8d har gjort seg bemerket p\u00e5 hver sin kant i s\u00e5 ulike prosjekter som: Christian Wallumr\u00f8d Ensemble, Dans les Arbres, Close Erase, Span, Dog Almighty, El Caco og Jarle Bernhoft. I duoen Brutter dyrker de en form for leken elektroakustisk arytmisk pulsmusikk.  Med trommer og trommemaskiner, synther og elektronikk lager de en musikk som p\u00e5 overflaten kan virke tilfeldig, men som har sin klare indre logikk hvis du lar musikken synke inn. Duoen debuterte med en selvtitulert LP i begrenset opplag i 2015. N\u00e5 vender de tilbake med &quot;Reveal and Rise&quot;.<\/p>\n<h4><\/h4>\n<\/p>\n<h4><\/h4>\n<p><h4><\/h4>\n<\/p>\n<p><\/p>","protected":false},"excerpt":{"rendered":"<p>I duoen Brutter dyrker de en form for leken elektroakustisk arytmisk pulsmusikk.  Med trommer og trommemaskiner, synther og elektronikk lager de en musikk som p\u00e5 overflaten kan virke tilfeldig, men som har sin klare indre logikk hvis du lar musikken synke inn.<\/p>\n","protected":false},"featured_media":33860,"comment_status":"closed","ping_status":"open","template":"","meta":[],"product_brand":[],"product_cat":[36],"product_tag":[],"class_list":{"0":"post-35276","1":"product","2":"type-product","3":"status-publish","4":"has-post-thumbnail","6":"product_cat-hubro","7":"product_shipping_class-cddvd-shipping","8":"uni_artist_tag-brutter","9":"uni_artist_tag-christian-wallumrod","10":"uni_artist_tag-fredrik-wallumrod","11":"uni_main_artist_tag-brutter","13":"first","14":"instock","15":"taxable","16":"shipping-taxable","17":"purchasable","18":"product-type-variable","19":"has-default-attributes"},"_links":{"self":[{"href":"https:\/\/grappa.no\/no\/wp-json\/wp\/v2\/product\/35276","targetHints":{"allow":["GET"]}}],"collection":[{"href":"https:\/\/grappa.no\/no\/wp-json\/wp\/v2\/product"}],"about":[{"href":"https:\/\/grappa.no\/no\/wp-json\/wp\/v2\/types\/product"}],"replies":[{"embeddable":true,"href":"https:\/\/grappa.no\/no\/wp-json\/wp\/v2\/comments?post=35276"}],"wp:featuredmedia":[{"embeddable":true,"href":"https:\/\/grappa.no\/no\/wp-json\/wp\/v2\/media\/33860"}],"wp:attachment":[{"href":"https:\/\/grappa.no\/no\/wp-json\/wp\/v2\/media?parent=35276"}],"wp:term":[{"taxonomy":"product_brand","embeddable":true,"href":"https:\/\/grappa.no\/no\/wp-json\/wp\/v2\/product_brand?post=35276"},{"taxonomy":"product_cat","embeddable":true,"href":"https:\/\/grappa.no\/no\/wp-json\/wp\/v2\/product_cat?post=35276"},{"taxonomy":"product_tag","embeddable":true,"href":"https:\/\/grappa.no\/no\/wp-json\/wp\/v2\/product_tag?post=35276"}],"curies":[{"name":"wp","href":"https:\/\/api.w.org\/{rel}","templated":true}]}}