{"id":35273,"date":"2017-08-18T00:00:00","date_gmt":"2017-08-17T23:00:00","guid":{"rendered":"http:\/\/www.grappa.no\/albums\/uncategorized\/stein-urheim-utopian-tales\/"},"modified":"2020-08-21T09:17:07","modified_gmt":"2020-08-21T08:17:07","slug":"utopian-tales","status":"publish","type":"product","link":"https:\/\/grappa.no\/no\/albums\/hubro\/utopian-tales\/","title":{"rendered":"Utopian Tales"},"content":{"rendered":"<p><\/p>\n<p>Utopiske fortellinger  Etter tre kritikerroste soloalbum har gitarist Stein Urheim samlet et fantastisk knippe musikere rundt seg p\u00e5 sitt nye album \u00abUtopian Tales\u00bb: saksofonist Kjetil M\u00f8ster (M\u00f8ster! Trondheim Jazzorkester), trompetist Per J\u00f8rgensen (J\u00f8kleba), sanger og effektmaker Marie Kvien-Brunvoll (Building Instrument, bassist Ole-Morten V\u00e5gan (Trondheim Jazzorkester), trommeslager og K\u00e5re Opheim (Real Ones). I tillegg bidrar produsent J\u00f8rgen Tr\u00e6en p\u00e5 synther og elektronikk.\u00a0 Musikken ble opprinnelig skrevet som et bestillingsverk til Vossajazz 2016. Urheim tar oss med p\u00e5 en s\u00e6regen musikalsk utflukt der mikrotonalitet, og inspirasjon fra originaler som Eivind Groven, Harry Partch, Lou Harrison, folkemusikk fra diverse verdenshj\u00f8rner, jazz og Steins umiskjennelige musikalske personlighet gjennomsyrer alt. Resultatet er Urheims mest eventyrlige plate n\u00e5, og en stor lytteopplevelse.\u00a0<\/p>\n<p><!--more--><\/p>\n<p>Etter tre kritikerroste soloalbum har gitarist Stein Urheim samlet et fantastisk knippe musikere rundt seg p\u00e5 sitt nye album \u00abUtopian Tales\u00bb.<\/p>\n<h4><\/h4>\n<\/p>\n<h4><\/h4>\n<p><h4><\/h4>\n<\/p>\n<p><\/p>","protected":false},"excerpt":{"rendered":"<p>Resultatet er Urheims mest eventyrlige plate n\u00e5, og en stor lytteopplevelse.\u00a0<\/p>\n","protected":false},"featured_media":34036,"comment_status":"closed","ping_status":"open","template":"","meta":[],"product_brand":[],"product_cat":[36],"product_tag":[],"class_list":{"0":"post-35273","1":"product","2":"type-product","3":"status-publish","4":"has-post-thumbnail","6":"product_cat-hubro","7":"product_shipping_class-cddvd-shipping","8":"uni_artist_tag-jorgen-traeen","9":"uni_artist_tag-kare-opheim","10":"uni_artist_tag-kjetil-traavik-moster","11":"uni_artist_tag-mari-kvien-brunvoll","12":"uni_artist_tag-ole-morten-vagan","13":"uni_artist_tag-per-jorgensen","14":"uni_artist_tag-stein-urheim","15":"uni_main_artist_tag-stein-urheim","16":"uni_artist_genre-blues","17":"uni_artist_genre-contemporary-music","18":"uni_artist_genre-improvised-music","19":"uni_artist_genre-jazz","20":"uni_artist_genre-world-music","22":"first","23":"instock","24":"taxable","25":"shipping-taxable","26":"purchasable","27":"product-type-variable","28":"has-default-attributes"},"_links":{"self":[{"href":"https:\/\/grappa.no\/no\/wp-json\/wp\/v2\/product\/35273","targetHints":{"allow":["GET"]}}],"collection":[{"href":"https:\/\/grappa.no\/no\/wp-json\/wp\/v2\/product"}],"about":[{"href":"https:\/\/grappa.no\/no\/wp-json\/wp\/v2\/types\/product"}],"replies":[{"embeddable":true,"href":"https:\/\/grappa.no\/no\/wp-json\/wp\/v2\/comments?post=35273"}],"wp:featuredmedia":[{"embeddable":true,"href":"https:\/\/grappa.no\/no\/wp-json\/wp\/v2\/media\/34036"}],"wp:attachment":[{"href":"https:\/\/grappa.no\/no\/wp-json\/wp\/v2\/media?parent=35273"}],"wp:term":[{"taxonomy":"product_brand","embeddable":true,"href":"https:\/\/grappa.no\/no\/wp-json\/wp\/v2\/product_brand?post=35273"},{"taxonomy":"product_cat","embeddable":true,"href":"https:\/\/grappa.no\/no\/wp-json\/wp\/v2\/product_cat?post=35273"},{"taxonomy":"product_tag","embeddable":true,"href":"https:\/\/grappa.no\/no\/wp-json\/wp\/v2\/product_tag?post=35273"}],"curies":[{"name":"wp","href":"https:\/\/api.w.org\/{rel}","templated":true}]}}