{"id":35270,"date":"2017-09-15T00:00:00","date_gmt":"2017-09-14T23:00:00","guid":{"rendered":"http:\/\/www.grappa.no\/albums\/uncategorized\/erlend-apneseth-trio-ara\/"},"modified":"2020-08-21T09:17:05","modified_gmt":"2020-08-21T08:17:05","slug":"ara","status":"publish","type":"product","link":"https:\/\/grappa.no\/no\/albums\/hubro\/ara\/","title":{"rendered":"\u00c5ra"},"content":{"rendered":"<p><\/p>\n<p>Overrumplende og sammensmeltet  Erlend Apneseth Trios f\u00f8rste album \u00abDet Andre Rommet\u00bb fikk str\u00e5lende mottagelse i Norge og internasjonalt, og fikk b\u00e5de en Folkelarmpris i \u00e5pen klasse og en Spellemann-nominasjon.  BBC Music Magazine ga platen full pott og skrev \u00abvariasjonen i stemninger, stiler, og settinger \u2013 og sekvensen l\u00e5tene er plassert i\u2013 gj\u00f8r dette til en fortryllende lytteopplevelse.\u00bb MOJO skrev at trioens \u00abn\u00e6re, intuitive komposisjoner klager s\u00f8rgmodig, kveiler seg og klaprer med r\u00e5tt, utforskende liv.\u00bb N\u00e5 vender trioen tilbake med et helst\u00f8pt, poetisk og overrumplende album der de l\u00e5ter mer sammensmeltet enn noen gang.  Konserter: September 20 \u2013 Bidrobon, Oslo\u2028September 21 \u2013 Inder\u00f8ya Jazzklubb, Inder\u00f8y\u2028September 22 \u2013 Kapittel, Stavanger\u2028September 23 \u2013 Blaoboxen, Sogndal\u2028September 24 \u2013 Borlo Bygdetun, L\u00e6rdal\u2028September 29 \u2013 Vill Vill Vest, Bergen<\/p>\n<p><!--more--><\/p>\n<p>Erlend Apneseth Trios f\u00f8rste album \u00abDet Andre Rommet\u00bb fikk str\u00e5lende mottagelse i Norge og internasjonalt, og fikk b\u00e5de en Folkelarmpris i \u00e5pen klasse og en Spellemann-nominasjon.  BBC Music Magazine ga platen full pott og skrev \u00abvariasjonen i stemninger, stiler, og settinger \u2013 og sekvensen l\u00e5tene er plassert i\u2013 gj\u00f8r dette til en fortryllende lytteopplevelse.\u00bb MOJO skrev at trioens \u00abn\u00e6re, intuitive komposisjoner klager s\u00f8rgmodig, kveiler seg og klaprer med r\u00e5tt, utforskende liv.\u00bb N\u00e5 vender trioen tilbake med et helst\u00f8pt, poetisk og overrumplende album der de l\u00e5ter mer sammensmeltet enn noen gang.<\/p>\n<h4>Sammensmeltet<\/h4>\n<p>Samarbeidet ga mersmak, men da trioens f\u00f8rste album \u00abDet Andre Rommet\u00bb skulle spilles inn var samarbeidet fortsatt veldig ferskt: \u00abVi var ikke et band som hadde spilt noe s\u00e6rlig live. Vi gikk i studio for \u00e5 se hva som skjedde, og alle muligheter var egentlig \u00e5pne. I en slik eksperimenteringsfase er det vanskelig \u00e5 vite helt hva en sitter p\u00e5, men etter endt studiotid f\u00f8lte vi i alle fall at vi satt igjen med et album som var annerledes b\u00e5de i form og sound, s\u00e5 det var veldig gledeleg \u00e5 se at det n\u00e5dde s\u00e5 bredt ut.\u00bb sier Erlend.\u00a0  Siden debuten har trioen spilt mange konserter, og prosessen denne gangen var mer fokusert, men eksperimenteringen og utforskingen har fortsatt. \u00abI forkant av innspillingen m\u00f8ttes vi og hadde laget en del skisser og melodisk materiale som vi improviserte over i dagane f\u00f8r innspilling. Vi gjorde opptak av alt vi gjorde og pr\u00f8vde \u00e5 lytte oss fram til hva som fungerte godt og d\u00e5rlig &#8211; og p\u00e5 den m\u00e5ten renske opp i stoffet f\u00f8r vi gikk i studio.\u00bb  \u00ab\u00c5ra\u00bb ble innspilt i Duper Studio i Bergen sammen med tekniker Iver Sand\u00f8y, og ble senere mikset av J\u00f8rgen Tr\u00e6en i Lydgrotten i Bergen, og lydbildet skiller seg ganske sterkt fra lydbildet p\u00e5 forrige album.   \u00ab\u00c5ra\u00bb viser et band som har smeltet enda bedre sammen som trio og som l\u00e5ter enda mer sammensmeltet, demokratisk og risikovillige enn p\u00e5 debuten.<\/p>\n<h4>Tekst<\/h4>\n<p>P\u00e5 l\u00e5ten \u00abLysne\u00bb bidrar Bergenspoet Erlend N\u00f8dtvedt med en inspirert fremf\u00f8ring av en egen tekst. \u00abVi satt og mikset en l\u00e5t som som vi f\u00f8lte manglet en selvstendig historie, og da kom vi p\u00e5 \u00e5 ringe Erlend. Han kom to timer senere, uten \u00e5 ha h\u00f8rt l\u00e5ten og med en baby p\u00e5 armen, og gjorde et take p\u00e5 direkten. S\u00e5 var l\u00e5ten i boks.\u00bb sier Apneseth.\u00a0 \u00abP\u00e5 alle mine utgivelser til n\u00e5 er det direkte eller indirekte referanser til Erlends tekster\u00bb fortsetter han. \u00abVi har samarbeidet mange ganger live, og han er en fantastisk oppleser synes jeg, ikke minst i m\u00e5ten han forholder seg til musikk p\u00e5.\u00bb   Albumet er mastret av Helge Sten i Audio Virus Lab.<\/p>\n<h4>Om musikerne<\/h4>\n<p>Erlend Apneseth fra J\u00f8lster er en av landets fremste unge felespillere. Erlend  er en ut\u00f8ver som st\u00e5r trygt plantet med begge beina i den norske tradisjonsmusikken, men som samtidig  improviserer og s\u00f8ker nye uttrykk \u2013 hele tiden med klangene fra hardingfela og folkemusikken som utgangspunkt. Tidligere i \u00e5r ga han ut det kritikerroste albumet \u00abNattsongar\u00bb som opprinnelig var et bestillingsverk til F\u00f8rdefestivalen 2016.  Gitarist Stephan Meidell har bare i \u00e5r gitt ut soloalbumet \u00abMetrics\u00bb (HUBRO), \u00abIshihara\u00bb det tredje album med trioen Cakewalk (HUBRO) og albumet \u00abToo lazy to panic\u00bb med trioen Velkro (Clean Feed).  Trommeslager \u00d8yvind Hegg-Lunde deler tiden sin mellom en lang rekke prosjekter: Building Instrument, Electric Eye, og Susanne Abbuehl. Meidell og Hegg-Lunde har i en \u00e5rrekke jobbet som den improviserende duoen Strings &amp; Timpani f\u00f8r Erlend inviterte dem inn i sitt prosjekt.    Konserter: September 20 \u2013 Bidrobon, Oslo\u2028September 21 \u2013 Inder\u00f8ya Jazzklubb, Inder\u00f8y\u2028September 22 \u2013 Kapittel, Stavanger\u2028September 23 \u2013 Blaoboxen, Sogndal\u2028September 24 \u2013 Borlo Bygdetun, L\u00e6rdal\u2028September 29 \u2013 Vill Vill Vest, Bergen<\/p>\n<p><\/p>","protected":false},"excerpt":{"rendered":"<p>N\u00e5 vender trioen tilbake med et helst\u00f8pt, poetisk og overrumplende album der de l\u00e5ter mer sammensmeltet enn noen gang.<\/p>\n","protected":false},"featured_media":34166,"comment_status":"closed","ping_status":"open","template":"","meta":[],"product_brand":[],"product_cat":[36],"product_tag":[],"class_list":{"0":"post-35270","1":"product","2":"type-product","3":"status-publish","4":"has-post-thumbnail","6":"product_cat-hubro","7":"product_shipping_class-cddvd-shipping","8":"uni_artist_tag-andreas-risanger-meland","9":"uni_artist_tag-erlend-apneseth","10":"uni_artist_tag-erlend-apneseth-trio","11":"uni_artist_tag-jorgen-traeen","12":"uni_artist_tag-oyvind-hegg-lunde","13":"uni_artist_tag-stephan-meidell","14":"uni_main_artist_tag-erlend-apneseth-trio","15":"uni_artist_genre-electronic","16":"uni_artist_genre-folk-music","17":"uni_artist_genre-instrumental","18":"uni_artist_genre-rock","20":"first","21":"instock","22":"taxable","23":"shipping-taxable","24":"purchasable","25":"product-type-variable","26":"has-default-attributes"},"_links":{"self":[{"href":"https:\/\/grappa.no\/no\/wp-json\/wp\/v2\/product\/35270","targetHints":{"allow":["GET"]}}],"collection":[{"href":"https:\/\/grappa.no\/no\/wp-json\/wp\/v2\/product"}],"about":[{"href":"https:\/\/grappa.no\/no\/wp-json\/wp\/v2\/types\/product"}],"replies":[{"embeddable":true,"href":"https:\/\/grappa.no\/no\/wp-json\/wp\/v2\/comments?post=35270"}],"wp:featuredmedia":[{"embeddable":true,"href":"https:\/\/grappa.no\/no\/wp-json\/wp\/v2\/media\/34166"}],"wp:attachment":[{"href":"https:\/\/grappa.no\/no\/wp-json\/wp\/v2\/media?parent=35270"}],"wp:term":[{"taxonomy":"product_brand","embeddable":true,"href":"https:\/\/grappa.no\/no\/wp-json\/wp\/v2\/product_brand?post=35270"},{"taxonomy":"product_cat","embeddable":true,"href":"https:\/\/grappa.no\/no\/wp-json\/wp\/v2\/product_cat?post=35270"},{"taxonomy":"product_tag","embeddable":true,"href":"https:\/\/grappa.no\/no\/wp-json\/wp\/v2\/product_tag?post=35270"}],"curies":[{"name":"wp","href":"https:\/\/api.w.org\/{rel}","templated":true}]}}