{"id":35267,"date":"2016-11-25T00:00:00","date_gmt":"2016-11-24T23:00:00","guid":{"rendered":"http:\/\/www.grappa.no\/albums\/uncategorized\/laurence-crane-asamisimasa-sound-of-horse\/"},"modified":"2020-08-21T09:17:03","modified_gmt":"2020-08-21T08:17:03","slug":"sound-of-horse","status":"publish","type":"product","link":"https:\/\/grappa.no\/no\/albums\/hubro\/sound-of-horse\/","title":{"rendered":"Sound of Horse"},"content":{"rendered":"<p><\/p>\n<p>Laurence Crane portrett.   Musikken til den engelske komponisten Laurence Crane skaper grobunn for mange allusjoner. P\u00e5 overflaten beveger hans h\u00e5ndskrevne partiturer seg over sidene med minimalt avtrykk. Men n\u00e5r asamisimasa fremf\u00f8rer musikken manes en fantasifull verden frem, fra det hverdagslige \u2013 lyden av klokker som kimer, sirener som jamrer, surringen fra et air-condition-system \u2013 til det sublime. I motsetning til de fleste komponister er Cranes h\u00e5ndtering av det vakre kompromissl\u00f8s \u2013 og dette er et vakkert album. Brian Eno dukker opp i tankene like ofte som Morton Feldman; til og med kunstnerne Constable og Turner.  I lihket med ensemblet Apartment House, som Crane har jobbet med i 20 \u00e5r, har  asamisimasa en betydelig historie med komponisten.  Tittelen \u00abSound of Horse\u00bb relaterer if\u00f8lge Laurence Crane b\u00e5de til vannet Horse Sound ved Coigach-halv\u00f8yen i vest-Skottland der han oppholdt seg da id\u00e9en til verket ble unnfanget, men ogs\u00e5 til gitaristen Mick Ronson. \u00abVed et par anledninger i perioden Mick Ronson samarbeidet med David Bowie i 1970-73\u00bb forteller Crane,  \u00abfikk han gitaren til \u00e5 h\u00f8res ut som en hestevrinsk, kanskje tydligst p\u00e5 sangen \u00abTime\u00bb p\u00e5 LP\u00b4en \u00abAlladin Sane\u00bb\u00bb.  Tilgjengelig som CD med 16-siders booklet, 2LP med trykte innerlommer og bonusspor er under produksjon.<\/p>\n<p><!--more--><\/p>\n<p>Musikk kan v\u00e6re abstrakt, men lytting kan aldri bli abstrakt. Visse lyder skaper visse assosiasjoner: en f\u00f8lelse, eller en stedsf\u00f8lelse. En komponist noterer symboler p\u00e5 et papir, men likevel kan vi n\u00e5r vi h\u00f8rer musikken tenke p\u00e5 drivende skyer eller lys som leker seg gjennom et rom.<\/p>\n<h4>Laurence Crane<\/h4>\n<p>Allusjoner, og lydene som fremkaller dem, er ogs\u00e5 kulturelt betingede. Crane (f\u00f8dt i Oxford, 1961) plasserer seg i en internasjonal kontekst, men det er p\u00e5 mange m\u00e5ter ogs\u00e5 mulig \u00e5 lese musikken hans som emblematisk engelsk. Brian Eno dukker opp i tankene like ofte som Morton Feldman; til og med kunstnerne Constable og Turner. Det er heller ikke vanskelig \u00e5 finne elementer av engelsk eksentrisitet i Cranes valg av tekster for det tresatsige verket \u2019Events\u2019. Her utgj\u00f8r lister fra \u00e9n enkelt utgave av The Guardian med kjente personligheters f\u00f8dselsdager, utvalgte utenlandske valutakurser, og en britisk v\u00e6rmelding hele teksten.  I lihket med ensemblet Apartment House, som Crane har jobbet med i 20 \u00e5r, har  asamisimasa en betydelig historie med komponisten. Et forhold som kan beskrives som et partnerskap. De presenterte albumets \u00e5pningsspor, den herlig smidige \u00abJohn White in Berlin\u00bb, p\u00e5 Ultimafestivalen i Oslo i 2008 og har siden fremf\u00f8rt verket en rekke ganger internasjonalt. Gruppens perkusjonist (og albumets produsent), H\u00e5kon M\u00f8rch Stene, inkluderte ogs\u00e5 en versjon av Cranes \u00abRiis\u00bb p\u00e5 sitt Spellemannvinnende soloalbum \u00abLush Laments for Lazy Mammal\u00bb, utgitt p\u00e5 Hubro i 2014. Verket opptrer i en ganske annerledes versjon p\u00e5 dette albumet.<\/p>\n<h4>Hestevrinsk<\/h4>\n<p>Tittelsporet p\u00e5 denne innspillingen, \u00abSound of Horse\u00bb, ble bestilt av asamasimasa og er det nyeste av Cranes verker p\u00e5 dette albumet. Verket ble urfremf\u00f8rt i 2009 og utviklet videre gjennom flere fremf\u00f8ringer og en demoinnspilling. Nok en gang er alts\u00e5 b\u00e5de verk og interpretasjon et produkt av en lengre kreativ dialog mellom komponist og ut\u00f8ver. Verkets varierte utvikling gjennom syv satser vektlegger spennvidden i Cranes stil, og dens p\u00e5g\u00e5ende utvikling. Noen f\u00e5 insisterende \u2019rocka\u2019-elementer trenger seg p\u00e5 og g\u00e5r i mot et for rigid syn p\u00e5 hans musikk.  Tittelen \u00abSound of Horse\u00bb relaterer if\u00f8lge Laurence Crane b\u00e5de til vannet Horse Sound ved Coigach-halv\u00f8yen i vest-Skottland der han oppholdt seg da id\u00e9en til verket ble unnfanget, men ogs\u00e5 til gitaristen Mick Ronson. \u00abVed et par anledninger i perioden Mick Ronson samarbeidet med David Bowie i 1970-73\u00bb forteller Crane,  \u00abfikk han gitaren til \u00e5 h\u00f8res ut som en hestevrinsk, kanskje tydligst p\u00e5 sangen \u00abTime\u00bb p\u00e5 LP\u00b4en \u00abAlladin Sane\u00bb\u00bb.   Partituret inneholder en dedikasjon til asamisimasas fire medlemmer og en ekstra liten inskripsjon helt p\u00e5 slutten: \u00abIn Memoriam Mick Ronson (1946-1993)\u00bb.   Tilgjengelig som CD med 16-siders booklet. En 2LP versjon med trykte innerlommer og bonusspor er under produksjon.<\/p>\n<h4><\/h4>\n<\/p>\n<p><\/p>","protected":false},"excerpt":{"rendered":"<p>I motsetning til de fleste komponister er Cranes h\u00e5ndtering av det vakre kompromissl\u00f8s \u2013 og dette er et vakkert album.<\/p>\n","protected":false},"featured_media":32267,"comment_status":"closed","ping_status":"open","template":"","meta":[],"product_brand":[],"product_cat":[36],"product_tag":[],"class_list":{"0":"post-35267","1":"product","2":"type-product","3":"status-publish","4":"has-post-thumbnail","6":"product_cat-hubro","7":"product_shipping_class-cddvd-shipping","8":"uni_artist_tag-anders-forisdal","9":"uni_artist_tag-asamisimasa","10":"uni_artist_tag-ditte-marie-braein","11":"uni_artist_tag-ellen-ugelvik","12":"uni_artist_tag-hakon-stene","13":"uni_artist_tag-kristine-tjogersen","14":"uni_artist_tag-laurence-crane","15":"uni_artist_tag-tanja-orning","16":"uni_main_artist_tag-asamisimasa","17":"uni_artist_genre-chamber-music","18":"uni_artist_genre-contemporary-music","20":"first","21":"instock","22":"taxable","23":"shipping-taxable","24":"purchasable","25":"product-type-variable","26":"has-default-attributes"},"_links":{"self":[{"href":"https:\/\/grappa.no\/no\/wp-json\/wp\/v2\/product\/35267","targetHints":{"allow":["GET"]}}],"collection":[{"href":"https:\/\/grappa.no\/no\/wp-json\/wp\/v2\/product"}],"about":[{"href":"https:\/\/grappa.no\/no\/wp-json\/wp\/v2\/types\/product"}],"replies":[{"embeddable":true,"href":"https:\/\/grappa.no\/no\/wp-json\/wp\/v2\/comments?post=35267"}],"wp:featuredmedia":[{"embeddable":true,"href":"https:\/\/grappa.no\/no\/wp-json\/wp\/v2\/media\/32267"}],"wp:attachment":[{"href":"https:\/\/grappa.no\/no\/wp-json\/wp\/v2\/media?parent=35267"}],"wp:term":[{"taxonomy":"product_brand","embeddable":true,"href":"https:\/\/grappa.no\/no\/wp-json\/wp\/v2\/product_brand?post=35267"},{"taxonomy":"product_cat","embeddable":true,"href":"https:\/\/grappa.no\/no\/wp-json\/wp\/v2\/product_cat?post=35267"},{"taxonomy":"product_tag","embeddable":true,"href":"https:\/\/grappa.no\/no\/wp-json\/wp\/v2\/product_tag?post=35267"}],"curies":[{"name":"wp","href":"https:\/\/api.w.org\/{rel}","templated":true}]}}