{"id":35264,"date":"2017-02-17T00:00:00","date_gmt":"2017-02-16T23:00:00","guid":{"rendered":"http:\/\/www.grappa.no\/albums\/uncategorized\/dans-les-arbres-phosphorescence\/"},"modified":"2020-08-21T09:17:01","modified_gmt":"2020-08-21T08:17:01","slug":"phosphorescence","status":"publish","type":"product","link":"https:\/\/grappa.no\/no\/albums\/hubro\/phosphorescence\/","title":{"rendered":"Phosphorescence"},"content":{"rendered":"<p><\/p>\n<p>Elektroakustisk Dans les arbres  Dans les arbres\u2019 samlede erfaring b\u00e5de i studio og p\u00e5 scenen er betydelig, med r\u00f8tter mange \u00e5r bakover i tid. Ivar Grydeland og Ingar Zach dannet en duo ved millenniumskiftet og stiftet samtidig labelen Sofa. I 2004 ble duoen utvidet til kvartett med Christian Wallumr\u00f8d og Xavier Charles, og deretter fulgte to kritikerroste album p\u00e5 ECM \u2013 debuten Dans les arbres (2008) og oppf\u00f8lgeren Canopee (2012). Sistnevnte ble s\u00e5gar nominert til Nordisk r\u00e5ds \u00e5rlige musikkpris. I samme periode spilte bandet over 120 konserter p\u00e5 fire kontinenter. Musikerne er ogs\u00e5 velkjente fra egne soloprosjekter og andre bandkonstellasjoner: Ivar og Ingar spiller sammen i Huntsville; Ivar gitt ut to soloalbum p\u00e5 Hubro, som ogs\u00e5 er labelen til Huntsville, og Ingars duo Labfield. Wallumr\u00f8d har samtidig gjort karriere med sitt egne Christian Wallumr\u00f8d Ensemble, i tillegg til flere sideprosjekter, og Xavier Charles\u2019 diskografi inkluderer et utall innspillinger, som solist, bandleder og sidemann.  N\u00e5 er Phosphoresence, kvartettens tredje album klart, og her beveger de seg vekk fra forgjengernes akustiske, improviserte kammermusikk, i retning et mer blandet uttrykk med mer bruk av elektronisk prosessering, forsterkere, og sampling, samtidig som det unike uttrykket til Dans les arbres ivaretas. Alt dette tatt i betraktning, det viktigste med Phosphoresence er hvor mesterlig de fire medlemmene h\u00e5ndterer formatet \u2013 kollektivet de har utviklet seg til \u00e5 bli \u2013 intenst fokuserte og trygge p\u00e5 egen identitet, som en ydmyk supergruppe. Sammen lager de kontempor\u00e6r musikk, ulik alle andre, med lyder- og lydbilde som er umiskjennelig dem: Dans les arbres lager Dans les arbres-musikk av Dans les arbres-lyder. Det er i det hele tatt litt av en prestasjon.  Turn\u00e9: 16. februar:\tL\u2019\u00c9glise Saint Maximim\/Fragment\u00a0\u2013 Metz, France. 17. februar:\u00a0\tLes temps du corps\u00a0\u2013 Paris, France. 18. februar:\u00a0\tMuma\u00a0\u2013 Le Havre, France 19. februar:\u00a0\tPenn Ar Jazz\u00a0\u2013 Brest, France. 28. mars:\u00a0\tBlow Out\/MIR \u2013 Oslo, Norway. 30. mars: \tPlaydate\/Landmark \u2013 Bergen, Norway. 31. mars: \tTBA \u2013 Antwerpen, Belgium\u00a0\u00a0(dobbel bill m\/Ruben Machtelinckx)\u00a0 \u00a0\u00a0 2. april: \tMuseum Dhondt Dhaenens \u2013 Deurle, Belgium\u00a0\u00a0(dobbel bill m\/Ruben Machtelinckx)\u00a0 \u00a0\u00a0 3. april: \tDe Ruimte \u2013 Amsterdam, Holland. 8. april: \tNon-Figurativ Musikk \u2013 T\u00f8nsberg, Norway.<\/p>\n<p><!--more--><\/p>\n<p>Akkurat n\u00e5r er det lyd blir til musikk, og musikk til lyd? Den velrennomerte europeiske impro-kvartetten Dans les arbres \u2013 tre nordmenn og en franskmann \u2013 har som m\u00e5l \u00e5 utforske grenselandene mellom disse motstridende ytterpunktene. Ved \u00e5 viske ut skillet som separerer den ene fra den andre, finner de musikk i lyd, og lyd i musikk, gjennom vakre, spontane og taktile komposisjoner. I konsertsammenheng utviser kvartetten voldsom presisjon, til tross for roterende kombinasjoner av ut\u00f8vere og instrumenter. Bredden i lydpaletten, med modifiserte lyder som nikker b\u00e5de i retning John Cages modernisme og n\u00e5tidens teknologiske piping og summing, navigerer lytteren trygt gjennom ulendt terreng, til en mystisk og medrivende destinasjon.<\/p>\n<h4>Dans les arbres<\/h4>\n<p>Dans les arbres\u2019 samlede erfaring b\u00e5de i studio og p\u00e5 scenen er betydelig, med r\u00f8tter mange \u00e5r bakover i tid. Ivar Grydeland og Ingar Zach dannet en duo ved millenniumskiftet og stiftet samtidig labelen Sofa. I 2004 ble duoen utvidet til kvartett med Christian Wallumr\u00f8d og Xavier Charles, og deretter fulgte to kritikerroste album p\u00e5 ECM \u2013 debuten Dans les arbres (2008) og oppf\u00f8lgeren Canopee (2012). Sistnevnte ble s\u00e5gar nominert til Nordisk r\u00e5ds \u00e5rlige musikkpris. I samme periode spilte bandet over 120 konserter p\u00e5 fire kontinenter. Musikerne er ogs\u00e5 velkjente fra egne soloprosjekter og andre bandkonstellasjoner: Ivar og Ingar spiller sammen i Huntsville; Ivar gitt ut to soloalbum p\u00e5 Hubro, som ogs\u00e5 er labelen til Huntsville, og Ingars duo Labfield. Wallumr\u00f8d har samtidig gjort karriere med sitt egne Christian Wallumr\u00f8d Ensemble, i tillegg til flere sideprosjekter, og Xavier Charles\u2019 diskografi inkluderer et utall innspillinger, som solist, bandleder og sidemann.<\/p>\n<h4>Elektroakustisk<\/h4>\n<p>N\u00e5 er Phosphoresence, kvartettens tredje album klart, og her beveger de seg vekk fra forgjengernes akustiske, improviserte kammermusikk, i retning et mer blandet uttrykk med mer bruk av elektronisk prosessering, forsterkere, og sampling, samtidig som det unike uttrykket til Dans les arbres ivaretas. Innspilt i \u00abskogsstudioet\u00bb Isitart p\u00e5 den svenske landsbygda, er det lett \u00e5 forestille seg Phosphoresence, som en mer avslappet og idyllisk produksjon, men det er ikke n\u00f8dvendigvis tilfelle. De fire komposisjonene\/improvisasjonene som utgj\u00f8r albumet kan v\u00e6re b\u00e5de nerv\u00f8se og urovekkende i det ene \u00f8yeblikket og tr\u00f8stende &#8216;ambient&#8217; i det neste. Samtidig fungerer musikken ogs\u00e5 godt i bakgrunnen, som en slags &#8216;edgy&#8217; heismusikk. Tydeligheten i lydbildet, takket v\u00e6re miksen (av Johnny Skalleberg) og mastringen (av Helge &#8216;Deathprod&#8217; Sten), er spesielt viktig for dette verket, da de bidrar til \u00e5 skape en nesten tredimensjonal dybde og transparens til lyden \u2013 noe som ogs\u00e5 underbygger spenningsforholdet mellom de akustiske og elektroniske elementene.  Alt dette tatt i betraktning, det viktigste med Phosphoresence er hvor mesterlig de fire medlemmene h\u00e5ndterer formatet \u2013 kollektivet de har utviklet seg til \u00e5 bli \u2013 intenst fokuserte og trygge p\u00e5 egen identitet, som en ydmyk supergruppe. Sammen lager de kontempor\u00e6r musikk, ulik alle andre, med lyder- og lydbilde som er umiskjennelig dem: Dans les arbres lager Dans les arbres-musikk av Dans les arbres-lyder. Det er i det hele tatt litt av en prestasjon.<\/p>\n<h4>Turn\u00e9<\/h4>\n<p>16. februar:\tL\u2019\u00c9glise Saint Maximim\/Fragment\u00a0\u2013 Metz, France. 17. februar:\u00a0\tLes temps du corps\u00a0\u2013 Paris, France. 18. februar:\u00a0\tMuma\u00a0\u2013 Le Havre, France 19. februar:\u00a0\tPenn Ar Jazz\u00a0\u2013 Brest, France. 28. mars:\u00a0\tBlow Out\/MIR \u2013 Oslo, Norway. 30. mars: \tPlaydate\/Landmark \u2013 Bergen, Norway. 31. mars: \tTBA \u2013 Antwerpen, Belgium\u00a0\u00a0(dobbel bill m\/Ruben Machtelinckx)\u00a0 \u00a0\u00a0 2. april: \tMuseum Dhondt Dhaenens \u2013 Deurle, Belgium\u00a0\u00a0(dobbel bill m\/Ruben Machtelinckx)\u00a0 \u00a0\u00a0 3. april: \tDe Ruimte \u2013 Amsterdam, Holland. 8. april: \tNon-Figurativ Musikk \u2013 T\u00f8nsberg, Norway.<\/p>\n<p><\/p>","protected":false},"excerpt":{"rendered":"<p>Alt dette tatt i betraktning, det viktigste med Phosphoresence er hvor mesterlig de fire medlemmene h\u00e5ndterer formatet \u2013 kollektivet de har utviklet seg til \u00e5 bli \u2013 intenst fokuserte og trygge p\u00e5 egen identitet, som en ydmyk supergruppe. Sammen lager de kontempor\u00e6r musikk, ulik alle andre, med lyder- og lydbilde som er umiskjennelig dem: Dans les arbres lager Dans les arbres-musikk av Dans les arbres-lyder. Det er i det hele tatt litt av en prestasjon.<\/p>\n","protected":false},"featured_media":32957,"comment_status":"closed","ping_status":"open","template":"","meta":[],"product_brand":[],"product_cat":[36],"product_tag":[],"class_list":{"0":"post-35264","1":"product","2":"type-product","3":"status-publish","4":"has-post-thumbnail","6":"product_cat-hubro","7":"product_shipping_class-cddvd-shipping","8":"uni_artist_tag-christian-wallumrod","9":"uni_artist_tag-dans-les-arbres","10":"uni_artist_tag-ingar-zach","11":"uni_artist_tag-ivar-grydeland","12":"uni_artist_tag-xavier-charles","13":"uni_main_artist_tag-dans-les-arbres","14":"uni_artist_genre-contemporary-music","15":"uni_artist_genre-improvised-music","16":"uni_artist_genre-instrumental","18":"first","19":"instock","20":"taxable","21":"shipping-taxable","22":"purchasable","23":"product-type-variable","24":"has-default-attributes"},"_links":{"self":[{"href":"https:\/\/grappa.no\/no\/wp-json\/wp\/v2\/product\/35264","targetHints":{"allow":["GET"]}}],"collection":[{"href":"https:\/\/grappa.no\/no\/wp-json\/wp\/v2\/product"}],"about":[{"href":"https:\/\/grappa.no\/no\/wp-json\/wp\/v2\/types\/product"}],"replies":[{"embeddable":true,"href":"https:\/\/grappa.no\/no\/wp-json\/wp\/v2\/comments?post=35264"}],"wp:featuredmedia":[{"embeddable":true,"href":"https:\/\/grappa.no\/no\/wp-json\/wp\/v2\/media\/32957"}],"wp:attachment":[{"href":"https:\/\/grappa.no\/no\/wp-json\/wp\/v2\/media?parent=35264"}],"wp:term":[{"taxonomy":"product_brand","embeddable":true,"href":"https:\/\/grappa.no\/no\/wp-json\/wp\/v2\/product_brand?post=35264"},{"taxonomy":"product_cat","embeddable":true,"href":"https:\/\/grappa.no\/no\/wp-json\/wp\/v2\/product_cat?post=35264"},{"taxonomy":"product_tag","embeddable":true,"href":"https:\/\/grappa.no\/no\/wp-json\/wp\/v2\/product_tag?post=35264"}],"curies":[{"name":"wp","href":"https:\/\/api.w.org\/{rel}","templated":true}]}}